{"id":19492,"date":"2020-11-03T08:19:23","date_gmt":"2020-11-03T07:19:23","guid":{"rendered":"https:\/\/eliquidnicotine.co.uk\/?post_type=product&#038;p=19492"},"modified":"2023-03-23T08:14:41","modified_gmt":"2023-03-23T07:14:41","slug":"t-juice-clara-t-50-ml","status":"publish","type":"product","link":"https:\/\/eliquidnicotine.co.uk\/es\/shop\/t-juice-clara-t-50-ml\/","title":{"rendered":"T-Juice Clara T 50 ml"},"content":{"rendered":"<p>Sabores importantes: Frutos rojos | uva | mentol<br \/>\nCon una innovadora combinaci\u00f3n de bayas rojas amaderadas, uvas ex\u00f3ticas y un fuerte regusto a mentol refrescante, no es de extra\u00f1ar que Clara-T est\u00e9 codo con codo con Red Astaire como el favorito de T-Juice. Este concentrado es perfecto para los vapeadores que quieren a\u00f1adir un impulso electrizante a su experiencia de vapeo.<\/p>\n<p>Mezcla recomendada: 15%.<\/p>\n<p>Tiempo de reposo recomendado: 1-3 d\u00edas<\/p>","protected":false},"excerpt":{"rendered":"<p>Sabores importantes: Frutos rojos | uva | mentol<br \/>\nCon una innovadora combinaci\u00f3n de bayas rojas amaderadas, uvas ex\u00f3ticas y un fuerte regusto a mentol refrescante, no es de extra\u00f1ar que Clara-T est\u00e9 codo con codo con Red Astaire como el favorito de T-Juice. Este concentrado es perfecto para los vapeadores que quieren a\u00f1adir un impulso electrizante a su experiencia de vapeo.<\/p>\n<p>Debe diluirse antes de usar<\/p>\n<p>Mezcla recomendada: 15%.<\/p>\n<p>Tiempo de reposo recomendado: 1-3 d\u00edas<\/p>","protected":false},"featured_media":19550,"comment_status":"open","ping_status":"closed","template":"","meta":{"_acf_changed":false,"_genesis_hide_title":false,"_genesis_hide_breadcrumbs":false,"_genesis_hide_singular_image":false,"_genesis_hide_footer_widgets":false,"_genesis_custom_body_class":"","_genesis_custom_post_class":"","_genesis_layout":""},"product_brand":[],"product_cat":[541],"product_tag":[],"class_list":{"1":"product","2":"type-product","6":"product_cat-t-juice","7":"entry","9":"first","10":"outofstock","11":"sale","12":"taxable","13":"shipping-taxable","14":"purchasable","15":"product-type-simple"},"acf":[],"_links":{"self":[{"href":"https:\/\/eliquidnicotine.co.uk\/es\/wp-json\/wp\/v2\/product\/19492","targetHints":{"allow":["GET"]}}],"collection":[{"href":"https:\/\/eliquidnicotine.co.uk\/es\/wp-json\/wp\/v2\/product"}],"about":[{"href":"https:\/\/eliquidnicotine.co.uk\/es\/wp-json\/wp\/v2\/types\/product"}],"replies":[{"embeddable":true,"href":"https:\/\/eliquidnicotine.co.uk\/es\/wp-json\/wp\/v2\/comments?post=19492"}],"wp:featuredmedia":[{"embeddable":true,"href":"https:\/\/eliquidnicotine.co.uk\/es\/wp-json\/wp\/v2\/media\/19550"}],"wp:attachment":[{"href":"https:\/\/eliquidnicotine.co.uk\/es\/wp-json\/wp\/v2\/media?parent=19492"}],"wp:term":[{"taxonomy":"product_brand","embeddable":true,"href":"https:\/\/eliquidnicotine.co.uk\/es\/wp-json\/wp\/v2\/product_brand?post=19492"},{"taxonomy":"product_cat","embeddable":true,"href":"https:\/\/eliquidnicotine.co.uk\/es\/wp-json\/wp\/v2\/product_cat?post=19492"},{"taxonomy":"product_tag","embeddable":true,"href":"https:\/\/eliquidnicotine.co.uk\/es\/wp-json\/wp\/v2\/product_tag?post=19492"}],"curies":[{"name":"wp","href":"https:\/\/api.w.org\/{rel}","templated":true}]}}