{"id":19493,"date":"2020-11-03T08:11:40","date_gmt":"2020-11-03T08:11:40","guid":{"rendered":"https:\/\/eliquidnicotine.co.uk\/?post_type=product&#038;p=19493"},"modified":"2024-11-13T16:13:34","modified_gmt":"2024-11-13T15:13:34","slug":"t-juice-red-astaire-50-ml","status":"publish","type":"product","link":"https:\/\/eliquidnicotine.co.uk\/es\/shop\/t-jugo-rojo-astaire-50-ml\/","title":{"rendered":"T-Juice Red Astaire 50 ml"},"content":{"rendered":"<p>E-L\u00edquido Red Astaire T-Juice 50 ml.<\/p>\n<p>La mezcla perfecta entre frutos rojos y uva negra, enriquecida con notas de menta, an\u00eds y eucalipto. Una receta atemporal<\/p>\n<p>El E-l\u00edquido Red Astaire es producido en el Reino Unido por T-Juice.<\/p>","protected":false},"excerpt":{"rendered":"<p>Sabores importantes: Frutos rojos | mentol | an\u00eds<br \/>\nH\u00e1ganos caso, esta deliciosa combinaci\u00f3n de bayas rojas y uvas negras es un sabor que todo el mundo debe probar. La ex\u00f3tica mezcla de eucalipto, an\u00eds y mentol con la dulce propiedad frutal satisfar\u00e1 tus papilas gustativas una y otra vez y le dar\u00e1 a tu vapeo un toque extra excitante.<\/p>\n<p>Atenci\u00f3n: este aroma debe diluirse en una base.<\/p>\n<p>Mezcla recomendada: 15%.<br \/>\nTiempo de reposo recomendado: 1-3 d\u00edas<\/p>","protected":false},"featured_media":19551,"comment_status":"open","ping_status":"closed","template":"","meta":{"_acf_changed":false,"_genesis_hide_title":false,"_genesis_hide_breadcrumbs":false,"_genesis_hide_singular_image":false,"_genesis_hide_footer_widgets":false,"_genesis_custom_body_class":"","_genesis_custom_post_class":"","_genesis_layout":""},"product_brand":[],"product_cat":[541],"product_tag":[],"class_list":{"1":"product","2":"type-product","6":"product_cat-t-juice","7":"entry","9":"first","10":"outofstock","11":"sale","12":"taxable","13":"shipping-taxable","14":"purchasable","15":"product-type-simple"},"acf":[],"_links":{"self":[{"href":"https:\/\/eliquidnicotine.co.uk\/es\/wp-json\/wp\/v2\/product\/19493","targetHints":{"allow":["GET"]}}],"collection":[{"href":"https:\/\/eliquidnicotine.co.uk\/es\/wp-json\/wp\/v2\/product"}],"about":[{"href":"https:\/\/eliquidnicotine.co.uk\/es\/wp-json\/wp\/v2\/types\/product"}],"replies":[{"embeddable":true,"href":"https:\/\/eliquidnicotine.co.uk\/es\/wp-json\/wp\/v2\/comments?post=19493"}],"wp:featuredmedia":[{"embeddable":true,"href":"https:\/\/eliquidnicotine.co.uk\/es\/wp-json\/wp\/v2\/media\/19551"}],"wp:attachment":[{"href":"https:\/\/eliquidnicotine.co.uk\/es\/wp-json\/wp\/v2\/media?parent=19493"}],"wp:term":[{"taxonomy":"product_brand","embeddable":true,"href":"https:\/\/eliquidnicotine.co.uk\/es\/wp-json\/wp\/v2\/product_brand?post=19493"},{"taxonomy":"product_cat","embeddable":true,"href":"https:\/\/eliquidnicotine.co.uk\/es\/wp-json\/wp\/v2\/product_cat?post=19493"},{"taxonomy":"product_tag","embeddable":true,"href":"https:\/\/eliquidnicotine.co.uk\/es\/wp-json\/wp\/v2\/product_tag?post=19493"}],"curies":[{"name":"wp","href":"https:\/\/api.w.org\/{rel}","templated":true}]}}