{"id":19494,"date":"2020-11-03T08:06:46","date_gmt":"2020-11-03T08:06:46","guid":{"rendered":"https:\/\/eliquidnicotine.co.uk\/?post_type=product&#038;p=19494"},"modified":"2025-05-07T08:25:10","modified_gmt":"2025-05-07T07:25:10","slug":"t-juice-colonel-custard-50-ml","status":"publish","type":"product","link":"https:\/\/eliquidnicotine.co.uk\/es\/shop\/t-juice-colonel-custard-50-ml\/","title":{"rendered":"T-Juice Coronel Natillas 50 ml"},"content":{"rendered":"<p>Coronel Custard sabor concentrado de Tjuice para la producci\u00f3n de sus e-l\u00edquidos.<\/p>\n<p>\u00a1Cuidado! \u00a1El Coronel est\u00e1 aqu\u00ed! El rey del pud\u00edn. Advertencia a todos los fans de un fuerte aroma a pud\u00edn.<\/p>\n<p>Atenci\u00f3n: este aroma debe diluirse en una base.<\/p>","protected":false},"excerpt":{"rendered":"<p>50 ml<br \/>\nSabores importantes: Vainilla | Vainilla<br \/>\nCon una maravillosa combinaci\u00f3n de vainilla aterciopelada y un suave pud\u00edn, el Concentrado Colonel Custard est\u00e1 en la cima de los e-l\u00edquidos de sabor dulce. El delicioso sabor de este cremoso vape se derretir\u00e1 en tu boca y satisfar\u00e1 tu paladar goloso una y otra vez. Por algo se le llama el Rey de las Natillas.<\/p>\n<p>Atenci\u00f3n: este aroma debe diluirse en una base<\/p>\n<p>Mezcla recomendada: 15%.<\/p>\n<p>Tiempo de reposo recomendado: 1-3 d\u00edas<\/p>","protected":false},"featured_media":19548,"comment_status":"open","ping_status":"closed","template":"","meta":{"_acf_changed":false,"_genesis_hide_title":false,"_genesis_hide_breadcrumbs":false,"_genesis_hide_singular_image":false,"_genesis_hide_footer_widgets":false,"_genesis_custom_body_class":"","_genesis_custom_post_class":"","_genesis_layout":""},"product_brand":[],"product_cat":[541],"product_tag":[],"class_list":{"1":"product","2":"type-product","6":"product_cat-t-juice","7":"entry","9":"first","10":"outofstock","11":"sale","12":"taxable","13":"shipping-taxable","14":"purchasable","15":"product-type-simple"},"acf":[],"_links":{"self":[{"href":"https:\/\/eliquidnicotine.co.uk\/es\/wp-json\/wp\/v2\/product\/19494","targetHints":{"allow":["GET"]}}],"collection":[{"href":"https:\/\/eliquidnicotine.co.uk\/es\/wp-json\/wp\/v2\/product"}],"about":[{"href":"https:\/\/eliquidnicotine.co.uk\/es\/wp-json\/wp\/v2\/types\/product"}],"replies":[{"embeddable":true,"href":"https:\/\/eliquidnicotine.co.uk\/es\/wp-json\/wp\/v2\/comments?post=19494"}],"wp:featuredmedia":[{"embeddable":true,"href":"https:\/\/eliquidnicotine.co.uk\/es\/wp-json\/wp\/v2\/media\/19548"}],"wp:attachment":[{"href":"https:\/\/eliquidnicotine.co.uk\/es\/wp-json\/wp\/v2\/media?parent=19494"}],"wp:term":[{"taxonomy":"product_brand","embeddable":true,"href":"https:\/\/eliquidnicotine.co.uk\/es\/wp-json\/wp\/v2\/product_brand?post=19494"},{"taxonomy":"product_cat","embeddable":true,"href":"https:\/\/eliquidnicotine.co.uk\/es\/wp-json\/wp\/v2\/product_cat?post=19494"},{"taxonomy":"product_tag","embeddable":true,"href":"https:\/\/eliquidnicotine.co.uk\/es\/wp-json\/wp\/v2\/product_tag?post=19494"}],"curies":[{"name":"wp","href":"https:\/\/api.w.org\/{rel}","templated":true}]}}