{"id":19495,"date":"2020-11-02T14:04:34","date_gmt":"2020-11-02T14:04:34","guid":{"rendered":"https:\/\/eliquidnicotine.co.uk\/?post_type=product&#038;p=19495"},"modified":"2024-08-13T11:06:37","modified_gmt":"2024-08-13T10:06:37","slug":"t-juice-ty4","status":"publish","type":"product","link":"https:\/\/eliquidnicotine.co.uk\/es\/shop\/t-juice-ty4\/","title":{"rendered":"T-Juice TY4"},"content":{"rendered":"<p>T Juice TY4 es la versi\u00f3n propia de la marca del conocido y popular sabor tradicional RY4. Esto no significa que TY4 sea una versi\u00f3n vaporizada o diluida, sino todo lo contrario, porque este e-l\u00edquido especial ofrece oleada tras oleada de placer de vapor de tabaco con sabor a nuez y a la vez dulce.<\/p>\n<p>Es la dulzura de Demerara que da a este e-l\u00edquido su ventaja, ya que se mezcla tan bien con los matices de nuez. La mezcla inteligente y los ingredientes de alta calidad hacen que este e-l\u00edquido T Juice TY4 sea tan popular como e-l\u00edquido para fumar a diario.<\/p>\n<p>TY4 T Juice T es un e-l\u00edquido fabricado en el Reino Unido, disponible en concentraciones de nicotina de 3mg, 6mg, 12mg o 18mg.<\/p>","protected":false},"excerpt":{"rendered":"<p>Aromas importantes: frutos secos | az\u00facar moreno | tabaco de Virginia<br \/>\nT-Juice ha librado una batalla con un verdadero cl\u00e1sico para traerte T-Juice TY-4 - \u00a1nuestra opini\u00f3n sobre RY4! Hemos a\u00f1adido un poco m\u00e1s de sabor a nuez y una pizca de az\u00facar demerara para a\u00f1adir un poco m\u00e1s de magia a este ic\u00f3nico sabor de e-l\u00edquido. Este es un e-l\u00edquido irresistible para cualquier fumador actual que quiere una introducci\u00f3n a los sabores de vaping, manteniendo el cl\u00e1sico sabor a tabaco.<\/p>","protected":false},"featured_media":19553,"comment_status":"open","ping_status":"closed","template":"","meta":{"_acf_changed":false,"_genesis_hide_title":false,"_genesis_hide_breadcrumbs":false,"_genesis_hide_singular_image":false,"_genesis_hide_footer_widgets":false,"_genesis_custom_body_class":"","_genesis_custom_post_class":"","_genesis_layout":""},"product_brand":[],"product_cat":[541],"product_tag":[],"class_list":{"1":"product","2":"type-product","6":"product_cat-t-juice","7":"entry","9":"first","10":"outofstock","11":"taxable","12":"shipping-taxable","13":"purchasable","14":"product-type-variable"},"acf":[],"_links":{"self":[{"href":"https:\/\/eliquidnicotine.co.uk\/es\/wp-json\/wp\/v2\/product\/19495","targetHints":{"allow":["GET"]}}],"collection":[{"href":"https:\/\/eliquidnicotine.co.uk\/es\/wp-json\/wp\/v2\/product"}],"about":[{"href":"https:\/\/eliquidnicotine.co.uk\/es\/wp-json\/wp\/v2\/types\/product"}],"replies":[{"embeddable":true,"href":"https:\/\/eliquidnicotine.co.uk\/es\/wp-json\/wp\/v2\/comments?post=19495"}],"wp:featuredmedia":[{"embeddable":true,"href":"https:\/\/eliquidnicotine.co.uk\/es\/wp-json\/wp\/v2\/media\/19553"}],"wp:attachment":[{"href":"https:\/\/eliquidnicotine.co.uk\/es\/wp-json\/wp\/v2\/media?parent=19495"}],"wp:term":[{"taxonomy":"product_brand","embeddable":true,"href":"https:\/\/eliquidnicotine.co.uk\/es\/wp-json\/wp\/v2\/product_brand?post=19495"},{"taxonomy":"product_cat","embeddable":true,"href":"https:\/\/eliquidnicotine.co.uk\/es\/wp-json\/wp\/v2\/product_cat?post=19495"},{"taxonomy":"product_tag","embeddable":true,"href":"https:\/\/eliquidnicotine.co.uk\/es\/wp-json\/wp\/v2\/product_tag?post=19495"}],"curies":[{"name":"wp","href":"https:\/\/api.w.org\/{rel}","templated":true}]}}