{"id":19496,"date":"2020-11-03T08:01:22","date_gmt":"2020-11-03T08:01:22","guid":{"rendered":"https:\/\/eliquidnicotine.co.uk\/?post_type=product&#038;p=19496"},"modified":"2024-08-13T11:06:37","modified_gmt":"2024-08-13T10:06:37","slug":"t-juice-red-astaire","status":"publish","type":"product","link":"https:\/\/eliquidnicotine.co.uk\/es\/shop\/t-juice-red-astaire\/","title":{"rendered":"T-Juice Red Astaire"},"content":{"rendered":"<p>El e-l\u00edquido Red Astaire de T-Juice es una mezcla de alto contraste de aromas dulces y picantes, bien equilibrados. En la inhalaci\u00f3n, un an\u00eds floral, dulces bayas mixtas y uvas amargas est\u00e1n presentes antes de un mentol refrescante y eucalipto regusto crea una mezcla compleja en capas.<\/p>\n<p>El e-l\u00edquido Red Astaire est\u00e1 disponible en botellas de 10ml con concentraciones de nicotina de 0mg, 3mg, 6mg, 12mg y 18mg, con concentraciones m\u00e1s bajas que proporcionan un golpe de garganta m\u00e1s suave, en contraposici\u00f3n a una sensaci\u00f3n m\u00e1s \u00e1spera en concentraciones m\u00e1s altas. Con una proporci\u00f3n 50% VG, este e-l\u00edquido es ideal para un sabor claro con un m\u00ednimo de neblina cuando se utiliza en un kit de inicio o dispositivo pod.<\/p>\n<p>T-Juice es un fabricante brit\u00e1nico conocido por sus mezclas \u00fanicas y sabrosas.<\/p>\n<p>Botellas de E-l\u00edquido de 10 ml<br \/>\n50% VG \/ 50% PG<br \/>\nconcentraciones de nicotina de 0 mg, 3 mg, 6 mg, 12 mg y 18 mg<br \/>\nDise\u00f1ado para kits de iniciaci\u00f3n y dispositivos pod<br \/>\nConforme a la TPD<br \/>\nFabricado en Gran Breta\u00f1a<br \/>\nGorro de seguridad para ni\u00f1os<br \/>\nPrecinto a prueba de manipulaciones<\/p>","protected":false},"excerpt":{"rendered":"<p>Sabores importantes: Frutos rojos | mentol | an\u00eds<br \/>\nT-Juice se enorgullece de nuestro fant\u00e1stico buque insignia, \u00a1Red Astaire! Este e-l\u00edquido cl\u00e1sico comienza con el sabor exuberante de bayas rojas maduras, uvas negras y dulce eucalipto, seguido por un c\u00e1lido toque de an\u00eds y termina con un fresco final mentolado. Este ic\u00f3nico e-l\u00edquido es un verdadero sabor \"Ricitos de Oro\", \u00a1perfecto para vaporizar durante todo el d\u00eda!<\/p>","protected":false},"featured_media":19549,"comment_status":"open","ping_status":"closed","template":"","meta":{"_acf_changed":false,"_genesis_hide_title":false,"_genesis_hide_breadcrumbs":false,"_genesis_hide_singular_image":false,"_genesis_hide_footer_widgets":false,"_genesis_custom_body_class":"","_genesis_custom_post_class":"","_genesis_layout":""},"product_brand":[],"product_cat":[541],"product_tag":[],"class_list":{"1":"product","2":"type-product","6":"product_cat-t-juice","7":"entry","9":"first","10":"outofstock","11":"taxable","12":"shipping-taxable","13":"purchasable","14":"product-type-variable"},"acf":[],"_links":{"self":[{"href":"https:\/\/eliquidnicotine.co.uk\/es\/wp-json\/wp\/v2\/product\/19496","targetHints":{"allow":["GET"]}}],"collection":[{"href":"https:\/\/eliquidnicotine.co.uk\/es\/wp-json\/wp\/v2\/product"}],"about":[{"href":"https:\/\/eliquidnicotine.co.uk\/es\/wp-json\/wp\/v2\/types\/product"}],"replies":[{"embeddable":true,"href":"https:\/\/eliquidnicotine.co.uk\/es\/wp-json\/wp\/v2\/comments?post=19496"}],"wp:featuredmedia":[{"embeddable":true,"href":"https:\/\/eliquidnicotine.co.uk\/es\/wp-json\/wp\/v2\/media\/19549"}],"wp:attachment":[{"href":"https:\/\/eliquidnicotine.co.uk\/es\/wp-json\/wp\/v2\/media?parent=19496"}],"wp:term":[{"taxonomy":"product_brand","embeddable":true,"href":"https:\/\/eliquidnicotine.co.uk\/es\/wp-json\/wp\/v2\/product_brand?post=19496"},{"taxonomy":"product_cat","embeddable":true,"href":"https:\/\/eliquidnicotine.co.uk\/es\/wp-json\/wp\/v2\/product_cat?post=19496"},{"taxonomy":"product_tag","embeddable":true,"href":"https:\/\/eliquidnicotine.co.uk\/es\/wp-json\/wp\/v2\/product_tag?post=19496"}],"curies":[{"name":"wp","href":"https:\/\/api.w.org\/{rel}","templated":true}]}}