{"id":19497,"date":"2020-11-02T14:13:01","date_gmt":"2020-11-02T14:13:01","guid":{"rendered":"https:\/\/eliquidnicotine.co.uk\/?post_type=product&#038;p=19497"},"modified":"2024-08-13T11:06:37","modified_gmt":"2024-08-13T10:06:37","slug":"t-juice-clara-t","status":"publish","type":"product","link":"https:\/\/eliquidnicotine.co.uk\/es\/shop\/t-juice-clara-t\/","title":{"rendered":"Jugo T Clara T"},"content":{"rendered":"<p>Orgullosamente fabricado en Gran Breta\u00f1a<br \/>\n- Disponible en frascos de 10 ml y 30 ml<br \/>\n- Una relaci\u00f3n VG\/PG equitativa<br \/>\n- Tiene un tap\u00f3n a prueba de ni\u00f1os<br \/>\n- Gorro de seguridad para ni\u00f1os<\/p>\n<p>T-Juice fabrica toda su colecci\u00f3n de e-l\u00edquidos en el Reino Unido. Tambi\u00e9n utilizamos proveedores brit\u00e1nicos de confianza para abastecernos de nicotina y diluyentes de calidad farmac\u00e9utica para la fabricaci\u00f3n de cada uno de nuestros e-l\u00edquidos.<\/p>\n<p>Nuestro cat\u00e1logo est\u00e1 totalmente libre de ingredientes prohibidos por la normativa europea. Tambi\u00e9n probamos nuestros productos contra una lista interna m\u00e1s amplia de negativas basadas en la evidencia cient\u00edfica actual. Por \u00faltimo, queremos que sepas que T-Juice se compromete a proporcionarte e-l\u00edquidos de la m\u00e1s alta calidad y a cumplir todas las normas reglamentarias<\/p>","protected":false},"excerpt":{"rendered":"<p>Sabores importantes: Frutos rojos | uva | mentol<br \/>\nClara T se afirma con el gigante T-Juice Red Astaire con su giro a un sabor cl\u00e1sico de e-l\u00edquido. Clara T contiene un toque m\u00e1s sutil de an\u00eds y un poco m\u00e1s de frescura en el sabor de sus uvas verdes. Este e-l\u00edquido har\u00e1 las delicias de su paladar y podr\u00eda ser la alternativa al Red Astaire que ha estado buscando.<\/p>","protected":false},"featured_media":19547,"comment_status":"open","ping_status":"closed","template":"","meta":{"_acf_changed":false,"_genesis_hide_title":false,"_genesis_hide_breadcrumbs":false,"_genesis_hide_singular_image":false,"_genesis_hide_footer_widgets":false,"_genesis_custom_body_class":"","_genesis_custom_post_class":"","_genesis_layout":""},"product_brand":[],"product_cat":[541],"product_tag":[],"class_list":{"1":"product","2":"type-product","6":"product_cat-t-juice","7":"entry","9":"first","10":"outofstock","11":"taxable","12":"shipping-taxable","13":"purchasable","14":"product-type-variable"},"acf":[],"_links":{"self":[{"href":"https:\/\/eliquidnicotine.co.uk\/es\/wp-json\/wp\/v2\/product\/19497","targetHints":{"allow":["GET"]}}],"collection":[{"href":"https:\/\/eliquidnicotine.co.uk\/es\/wp-json\/wp\/v2\/product"}],"about":[{"href":"https:\/\/eliquidnicotine.co.uk\/es\/wp-json\/wp\/v2\/types\/product"}],"replies":[{"embeddable":true,"href":"https:\/\/eliquidnicotine.co.uk\/es\/wp-json\/wp\/v2\/comments?post=19497"}],"wp:featuredmedia":[{"embeddable":true,"href":"https:\/\/eliquidnicotine.co.uk\/es\/wp-json\/wp\/v2\/media\/19547"}],"wp:attachment":[{"href":"https:\/\/eliquidnicotine.co.uk\/es\/wp-json\/wp\/v2\/media?parent=19497"}],"wp:term":[{"taxonomy":"product_brand","embeddable":true,"href":"https:\/\/eliquidnicotine.co.uk\/es\/wp-json\/wp\/v2\/product_brand?post=19497"},{"taxonomy":"product_cat","embeddable":true,"href":"https:\/\/eliquidnicotine.co.uk\/es\/wp-json\/wp\/v2\/product_cat?post=19497"},{"taxonomy":"product_tag","embeddable":true,"href":"https:\/\/eliquidnicotine.co.uk\/es\/wp-json\/wp\/v2\/product_tag?post=19497"}],"curies":[{"name":"wp","href":"https:\/\/api.w.org\/{rel}","templated":true}]}}