{"id":19498,"date":"2020-11-02T14:08:22","date_gmt":"2020-11-02T14:08:22","guid":{"rendered":"https:\/\/eliquidnicotine.co.uk\/?post_type=product&#038;p=19498"},"modified":"2024-08-13T11:06:37","modified_gmt":"2024-08-13T10:06:37","slug":"t-juice-strawberri","status":"publish","type":"product","link":"https:\/\/eliquidnicotine.co.uk\/es\/shop\/t-juice-strawberri\/","title":{"rendered":"T-Juice Strawberri"},"content":{"rendered":"<p>E-l\u00edquido Strawberri T-Juice<br \/>\nT-Saft, orgulloso productor brit\u00e1nico, lleva esta fresa a Alemania.<\/p>\n<p>Los zumos TJuice Vape Juice son muy populares en el mercado alem\u00e1n gracias a sus mezclas perfectas, sabores de primera clase y s\u00f3lo ingredientes de la m\u00e1s alta calidad.<\/p>\n<p>Stawberri con el sabor justo de Strawberry Vape Juice. T-Juice Strawberri es una mezcla de fresas y un peque\u00f1o trozo de frambuesas.<\/p>\n<p>Este Tjuice Eliquid es un zumo con un sabor muy, muy afrutado.<\/p>\n<p>Si te gustan los E-l\u00edquidos Vape con sabor a fresa, Strawberri de T-juice ser\u00e1 tu pr\u00f3ximo E-l\u00edquido Vape para todo el d\u00eda.<\/p>\n<p>Los principales sabores de T-juice Vape Juice : T-Juice Fresa, Frambuesa<br \/>\nRELACI\u00d3N VG PG DE LOS E-l\u00edquidos T-juice: 50VG\/50PG<br \/>\nTama\u00f1o del T-juice: botella de 10 ml de e-l\u00edquido, fabricado en Gran Breta\u00f1a<\/p>","protected":false},"excerpt":{"rendered":"<p>Sabores importantes: fresa | frambuesa | nata<br \/>\nFresas con un toque de crema y una nota alta de frambuesa hacen de este uno de nuestros sabores frutales favoritos. Para muchos amantes de la fruta de toda Europa este sabor es como una versi\u00f3n moderna para vapear de las cremas de fresa - \u00a1perfecto para vaporizar todo el d\u00eda!<\/p>","protected":false},"featured_media":19552,"comment_status":"open","ping_status":"closed","template":"","meta":{"_acf_changed":false,"_genesis_hide_title":false,"_genesis_hide_breadcrumbs":false,"_genesis_hide_singular_image":false,"_genesis_hide_footer_widgets":false,"_genesis_custom_body_class":"","_genesis_custom_post_class":"","_genesis_layout":""},"product_brand":[],"product_cat":[541],"product_tag":[],"class_list":{"1":"product","2":"type-product","6":"product_cat-t-juice","7":"entry","9":"first","10":"outofstock","11":"taxable","12":"shipping-taxable","13":"purchasable","14":"product-type-variable"},"acf":[],"_links":{"self":[{"href":"https:\/\/eliquidnicotine.co.uk\/es\/wp-json\/wp\/v2\/product\/19498","targetHints":{"allow":["GET"]}}],"collection":[{"href":"https:\/\/eliquidnicotine.co.uk\/es\/wp-json\/wp\/v2\/product"}],"about":[{"href":"https:\/\/eliquidnicotine.co.uk\/es\/wp-json\/wp\/v2\/types\/product"}],"replies":[{"embeddable":true,"href":"https:\/\/eliquidnicotine.co.uk\/es\/wp-json\/wp\/v2\/comments?post=19498"}],"wp:featuredmedia":[{"embeddable":true,"href":"https:\/\/eliquidnicotine.co.uk\/es\/wp-json\/wp\/v2\/media\/19552"}],"wp:attachment":[{"href":"https:\/\/eliquidnicotine.co.uk\/es\/wp-json\/wp\/v2\/media?parent=19498"}],"wp:term":[{"taxonomy":"product_brand","embeddable":true,"href":"https:\/\/eliquidnicotine.co.uk\/es\/wp-json\/wp\/v2\/product_brand?post=19498"},{"taxonomy":"product_cat","embeddable":true,"href":"https:\/\/eliquidnicotine.co.uk\/es\/wp-json\/wp\/v2\/product_cat?post=19498"},{"taxonomy":"product_tag","embeddable":true,"href":"https:\/\/eliquidnicotine.co.uk\/es\/wp-json\/wp\/v2\/product_tag?post=19498"}],"curies":[{"name":"wp","href":"https:\/\/api.w.org\/{rel}","templated":true}]}}