{"id":213,"date":"2018-01-16T08:53:13","date_gmt":"2018-01-16T08:53:13","guid":{"rendered":"https:\/\/eliquidnicotine.co.uk\/?post_type=product&#038;p=213"},"modified":"2025-02-17T17:50:52","modified_gmt":"2025-02-17T16:50:52","slug":"the-perfumers-apprentice-flavours","status":"publish","type":"product","link":"https:\/\/eliquidnicotine.co.uk\/es\/shop\/los-perfumistas-aprendices-de-sabores\/","title":{"rendered":"Los aromas del aprendiz de perfumista"},"content":{"rendered":"<p>&nbsp;<\/p>\n<h2>E-l\u00edquidos aromatizados por el aprendiz de perfumista<\/h2>\n<p>Una selecci\u00f3n de m\u00e1s de 70 concentrados de sabor, que deben diluirse antes de poder vapearlos con seguridad. Recomendamos una proporci\u00f3n de 5 a 15 %<\/p>","protected":false},"excerpt":{"rendered":"<p>Los concentrados arom\u00e1ticos deben diluirse antes de vaporizarlos.<\/p>\n<p>\u00bfNo ha encontrado su aroma favorito? Podemos conseguirte cualquier sabor de aprendiz de perfumista que desees, solo tienes que enviarnos un correo electr\u00f3nico.<\/p>","protected":false},"featured_media":219,"comment_status":"open","ping_status":"closed","template":"","meta":{"_acf_changed":false,"_genesis_hide_title":false,"_genesis_hide_breadcrumbs":false,"_genesis_hide_singular_image":false,"_genesis_hide_footer_widgets":false,"_genesis_custom_body_class":"","_genesis_custom_post_class":"","_genesis_layout":""},"product_brand":[],"product_cat":[243],"product_tag":[],"class_list":{"1":"product","2":"type-product","6":"product_cat-tpa-flavours-for-self-mixing","7":"entry","9":"first","10":"outofstock","11":"taxable","12":"shipping-taxable","13":"purchasable","14":"product-type-variable"},"acf":[],"_links":{"self":[{"href":"https:\/\/eliquidnicotine.co.uk\/es\/wp-json\/wp\/v2\/product\/213","targetHints":{"allow":["GET"]}}],"collection":[{"href":"https:\/\/eliquidnicotine.co.uk\/es\/wp-json\/wp\/v2\/product"}],"about":[{"href":"https:\/\/eliquidnicotine.co.uk\/es\/wp-json\/wp\/v2\/types\/product"}],"replies":[{"embeddable":true,"href":"https:\/\/eliquidnicotine.co.uk\/es\/wp-json\/wp\/v2\/comments?post=213"}],"wp:featuredmedia":[{"embeddable":true,"href":"https:\/\/eliquidnicotine.co.uk\/es\/wp-json\/wp\/v2\/media\/219"}],"wp:attachment":[{"href":"https:\/\/eliquidnicotine.co.uk\/es\/wp-json\/wp\/v2\/media?parent=213"}],"wp:term":[{"taxonomy":"product_brand","embeddable":true,"href":"https:\/\/eliquidnicotine.co.uk\/es\/wp-json\/wp\/v2\/product_brand?post=213"},{"taxonomy":"product_cat","embeddable":true,"href":"https:\/\/eliquidnicotine.co.uk\/es\/wp-json\/wp\/v2\/product_cat?post=213"},{"taxonomy":"product_tag","embeddable":true,"href":"https:\/\/eliquidnicotine.co.uk\/es\/wp-json\/wp\/v2\/product_tag?post=213"}],"curies":[{"name":"wp","href":"https:\/\/api.w.org\/{rel}","templated":true}]}}