{"id":21504,"date":"2021-08-11T11:29:40","date_gmt":"2021-08-11T11:29:40","guid":{"rendered":"https:\/\/eliquidnicotine.co.uk\/?post_type=product&#038;p=21504"},"modified":"2025-01-24T11:08:16","modified_gmt":"2025-01-24T10:08:16","slug":"pure-nicotine","status":"publish","type":"product","link":"https:\/\/eliquidnicotine.co.uk\/es\/shop\/nicotina-pura\/","title":{"rendered":"Nicotina pura"},"content":{"rendered":"<p><a href=\"https:\/\/eliquidnicotine.co.uk\/wp-content\/uploads\/2021\/08\/COA-216.-kopie.pdf\">COA-216. Certificado de an\u00e1lisis<\/a><br \/>\n1000 mg\/ml Nicotina pura para la producci\u00f3n de e-l\u00edquidos.<\/p>","protected":false},"excerpt":{"rendered":"<p>Nicotina pura para la producci\u00f3n de e-liquid s\u00f3lo para compradores cualificados, por KG.<br \/>\nL\u00edquido transparente que debe conservarse refrigerado. Man\u00e9jese con precauci\u00f3n, la nicotina es un l\u00edquido t\u00f3xico.<br \/>\n<strong>El producto est\u00e1 en stock, por favor env\u00ede un correo electr\u00f3nico para los precios, s\u00f3lo los clientes con un n\u00famero de IVA v\u00e1lido puede comprar este producto.<\/strong><\/p>","protected":false},"featured_media":14828,"comment_status":"open","ping_status":"closed","template":"","meta":{"_acf_changed":false,"_genesis_hide_title":false,"_genesis_hide_breadcrumbs":false,"_genesis_hide_singular_image":false,"_genesis_hide_footer_widgets":false,"_genesis_custom_body_class":"","_genesis_custom_post_class":"","_genesis_layout":""},"product_brand":[],"product_cat":[571],"product_tag":[],"class_list":{"1":"product","2":"type-product","6":"product_cat-wholesale","7":"entry","9":"first","10":"instock","11":"taxable","12":"shipping-taxable","13":"purchasable","14":"product-type-variable"},"acf":[],"_links":{"self":[{"href":"https:\/\/eliquidnicotine.co.uk\/es\/wp-json\/wp\/v2\/product\/21504","targetHints":{"allow":["GET"]}}],"collection":[{"href":"https:\/\/eliquidnicotine.co.uk\/es\/wp-json\/wp\/v2\/product"}],"about":[{"href":"https:\/\/eliquidnicotine.co.uk\/es\/wp-json\/wp\/v2\/types\/product"}],"replies":[{"embeddable":true,"href":"https:\/\/eliquidnicotine.co.uk\/es\/wp-json\/wp\/v2\/comments?post=21504"}],"wp:featuredmedia":[{"embeddable":true,"href":"https:\/\/eliquidnicotine.co.uk\/es\/wp-json\/wp\/v2\/media\/14828"}],"wp:attachment":[{"href":"https:\/\/eliquidnicotine.co.uk\/es\/wp-json\/wp\/v2\/media?parent=21504"}],"wp:term":[{"taxonomy":"product_brand","embeddable":true,"href":"https:\/\/eliquidnicotine.co.uk\/es\/wp-json\/wp\/v2\/product_brand?post=21504"},{"taxonomy":"product_cat","embeddable":true,"href":"https:\/\/eliquidnicotine.co.uk\/es\/wp-json\/wp\/v2\/product_cat?post=21504"},{"taxonomy":"product_tag","embeddable":true,"href":"https:\/\/eliquidnicotine.co.uk\/es\/wp-json\/wp\/v2\/product_tag?post=21504"}],"curies":[{"name":"wp","href":"https:\/\/api.w.org\/{rel}","templated":true}]}}