{"id":21979,"date":"2022-05-16T11:13:44","date_gmt":"2022-05-16T11:13:44","guid":{"rendered":"https:\/\/eliquidnicotine.co.uk\/?post_type=product&#038;p=21979"},"modified":"2026-01-12T09:00:11","modified_gmt":"2026-01-12T08:00:11","slug":"200-mg-ml-hybrid-nicotine","status":"publish","type":"product","link":"https:\/\/eliquidnicotine.co.uk\/es\/shop\/200-mg-ml-hibrido-nicotina\/","title":{"rendered":"200 mg\/ml de nicotina h\u00edbrida"},"content":{"rendered":"<p>Hybrid es la nueva base de nicotina, ahora puedes combinar los beneficios de ambos tipos de nicotina. Freebase da un mayor golpe de garganta, las sales son m\u00e1s suaves, por lo que puede vapear un mayor contenido de nicotina sin la dureza de la nicotina freebase.<\/p>\n<p>Pure Freebase USP\/EP nicotina de calidad, m\u00e1s de 99% pureza. Nicotina pura freebase de calidad superior dedicada a la producci\u00f3n de e-l\u00edquidos. L\u00edquido natural, cristalino e inodoro extra\u00eddo de hojas de tabaco.<br \/>\nNicSalt-Benzoate - El benzoato de sal de nicotina proporciona un efecto de nicotina m\u00e1s prolongado y fuerte que los e-l\u00edquidos tradicionales.<\/p>","protected":false},"excerpt":{"rendered":"<p>200 mg\/ml H\u00edbrido 50% Freebase 50% Sales Benzoato<\/p>","protected":false},"featured_media":18951,"comment_status":"open","ping_status":"closed","template":"","meta":{"_acf_changed":false,"_genesis_hide_title":false,"_genesis_hide_breadcrumbs":false,"_genesis_hide_singular_image":false,"_genesis_hide_footer_widgets":false,"_genesis_custom_body_class":"","_genesis_custom_post_class":"","_genesis_layout":""},"product_brand":[],"product_cat":[572,242,571],"product_tag":[],"class_list":{"1":"product","2":"type-product","6":"product_cat-e-liquid-base","7":"product_cat-nicotine-liquid","8":"product_cat-wholesale","9":"entry","11":"first","12":"instock","13":"taxable","14":"shipping-taxable","15":"purchasable","16":"product-type-variable"},"acf":[],"_links":{"self":[{"href":"https:\/\/eliquidnicotine.co.uk\/es\/wp-json\/wp\/v2\/product\/21979","targetHints":{"allow":["GET"]}}],"collection":[{"href":"https:\/\/eliquidnicotine.co.uk\/es\/wp-json\/wp\/v2\/product"}],"about":[{"href":"https:\/\/eliquidnicotine.co.uk\/es\/wp-json\/wp\/v2\/types\/product"}],"replies":[{"embeddable":true,"href":"https:\/\/eliquidnicotine.co.uk\/es\/wp-json\/wp\/v2\/comments?post=21979"}],"wp:featuredmedia":[{"embeddable":true,"href":"https:\/\/eliquidnicotine.co.uk\/es\/wp-json\/wp\/v2\/media\/18951"}],"wp:attachment":[{"href":"https:\/\/eliquidnicotine.co.uk\/es\/wp-json\/wp\/v2\/media?parent=21979"}],"wp:term":[{"taxonomy":"product_brand","embeddable":true,"href":"https:\/\/eliquidnicotine.co.uk\/es\/wp-json\/wp\/v2\/product_brand?post=21979"},{"taxonomy":"product_cat","embeddable":true,"href":"https:\/\/eliquidnicotine.co.uk\/es\/wp-json\/wp\/v2\/product_cat?post=21979"},{"taxonomy":"product_tag","embeddable":true,"href":"https:\/\/eliquidnicotine.co.uk\/es\/wp-json\/wp\/v2\/product_tag?post=21979"}],"curies":[{"name":"wp","href":"https:\/\/api.w.org\/{rel}","templated":true}]}}