{"id":22264,"date":"2021-10-29T12:02:13","date_gmt":"2021-10-29T12:02:13","guid":{"rendered":"https:\/\/eliquidnicotine.co.uk\/?post_type=product&#038;p=22264"},"modified":"2025-04-02T15:31:15","modified_gmt":"2025-04-02T14:31:15","slug":"capella-banana-split","status":"publish","type":"product","link":"https:\/\/eliquidnicotine.co.uk\/es\/shop\/capella-banana-split\/","title":{"rendered":"Capella Banana Split"},"content":{"rendered":"<p>Capella Banana Split Concentrate recrea el sabor del postre cl\u00e1sico con una deliciosa mezcla de pl\u00e1tanos frescos y suave y cremoso helado de vainilla. Este concentrado se puede utilizar para hacer un delicioso vape, pero tambi\u00e9n es lo suficientemente vers\u00e1til como para ser utilizado en recetas de pasteles y postres; vea a continuaci\u00f3n una deliciosa receta de postre utilizando Capella Banana Split Concentrate.<\/p>\n<p>Instrucciones de mezcla<\/p>\n<p>Banana Split de Capella es un sabor bastante fuerte. Recomendamos mezclarlo entre 5% y 10% en funci\u00f3n de su gusto. Sin embargo, es aconsejable empezar con un porcentaje bajo, ya que el sabor se intensificar\u00e1 significativamente con el tiempo al dejarlo reposar.<\/p>\n<p>Ideas de recetas<\/p>\n<p>Banana split con nata y salsa de caramelo:<\/p>\n<p>5% Capella Banana Split<\/p>\n<p>3% Perfumer's Apprentice caramelo toffee<\/p>\n<p>3% Helado de vainilla Perfumer's Apprentice<\/p>\n<p>4% Capella Crema batida de vainilla<\/p>\n<p>Esta receta de banana split es una acertada mezcla de pl\u00e1tano, nata, helado y salsa de caramelo dulce. Cuando la mezcla se infusiona, el sabor a pl\u00e1tano sale realmente a relucir. La receta es muy vers\u00e1til. La salsa de caramelo se puede sustituir por salsa de chocolate fudge sustituyendo los caramelos por Capella Chocolate Fudge Brownie V2. Para intensificar el sabor a pl\u00e1tano manteniendo las notas cremosas, puede a\u00f1adir Crema de pl\u00e1tano Perfumer's Apprentice.<\/p>\n<p>Estas son s\u00f3lo nuestras ideas aproximadas y los resultados de la experimentaci\u00f3n, y estamos seguros de que usted tiene sus propias grandes recetas, incluyendo Banana Split de Capella.<\/p>\n<p>No dude en a\u00f1adir sus recetas favoritas o variaciones de las recetas anteriores en los comentarios de abajo. Estaremos encantados de recibir sus comentarios.<\/p>\n<p>Porcentaje de mezcla recomendado: 10%.<\/p>\n<p>Tiempo de infusi\u00f3n recomendado: 2 - 3 semanas<\/p>\n<p>Los concentrados Capella se encuentran entre los mejores del mundo y gozan de una merecida reputaci\u00f3n entre los vapeadores aficionados. El nombre Capella es mundialmente conocido por una amplia gama de sabores de gran sabor elaborados con los mejores ingredientes en sus instalaciones de producci\u00f3n en California, EE.UU.. Todos los concentrados de sabores Capella cumplen las normas m\u00e1s estrictas de calidad y pureza establecidas por el estado de California.<\/p>\n<p>Ingredientes<\/p>\n<p>Aromas naturales y artificiales, propilenglicol.<\/p>\n<p>Notas<\/p>\n<p>Recomendamos mezclar la mayor\u00eda de los concentrados Capella a aproximadamente 15% inicialmente y luego ajustarlos a su gusto personal.<br \/>\nTodos los concentrados de Capella son a base de PG.<br \/>\nCompramos galones directamente a Capella (en EE.UU.) y los decantamos en botellas de 10 ml, 100 ml y 500 ml.<br \/>\nPuede haber notables diferencias de color entre distintos lotes del mismo sabor. Se trata de un resultado natural del proceso de creaci\u00f3n del sabor.<br \/>\nEste es un aromatizante concentrado para mezclar en e-l\u00edquidos DIY. No debe vaporizarse sin diluir. Todos los concentrados de sabor Capella son a base de PG.<br \/>\nSalud y seguridad<\/p>\n<p>Recomendamos llevar ropa de protecci\u00f3n adecuada, guantes resistentes a productos qu\u00edmicos, protecci\u00f3n respiratoria y gafas de seguridad al mezclar el e-l\u00edquido.<\/p>","protected":false},"excerpt":{"rendered":"<p>Capella Banana Split Concentrate es una deliciosa mezcla de pl\u00e1tanos frescos y suave y cremoso helado de vainilla que recrea el sabor del postre cl\u00e1sico.<br \/>\nNo vaporizar sin diluir.<\/p>","protected":false},"featured_media":22286,"comment_status":"open","ping_status":"closed","template":"","meta":{"_acf_changed":false,"_genesis_hide_title":false,"_genesis_hide_breadcrumbs":false,"_genesis_hide_singular_image":false,"_genesis_hide_footer_widgets":false,"_genesis_custom_body_class":"","_genesis_custom_post_class":"","_genesis_layout":""},"product_brand":[],"product_cat":[398],"product_tag":[],"class_list":{"1":"product","2":"type-product","6":"product_cat-capella-flavours-for-self-mixing-10-30-and-50-ml","7":"entry","9":"first","10":"instock","11":"taxable","12":"shipping-taxable","13":"purchasable","14":"product-type-variable"},"acf":[],"_links":{"self":[{"href":"https:\/\/eliquidnicotine.co.uk\/es\/wp-json\/wp\/v2\/product\/22264","targetHints":{"allow":["GET"]}}],"collection":[{"href":"https:\/\/eliquidnicotine.co.uk\/es\/wp-json\/wp\/v2\/product"}],"about":[{"href":"https:\/\/eliquidnicotine.co.uk\/es\/wp-json\/wp\/v2\/types\/product"}],"replies":[{"embeddable":true,"href":"https:\/\/eliquidnicotine.co.uk\/es\/wp-json\/wp\/v2\/comments?post=22264"}],"wp:featuredmedia":[{"embeddable":true,"href":"https:\/\/eliquidnicotine.co.uk\/es\/wp-json\/wp\/v2\/media\/22286"}],"wp:attachment":[{"href":"https:\/\/eliquidnicotine.co.uk\/es\/wp-json\/wp\/v2\/media?parent=22264"}],"wp:term":[{"taxonomy":"product_brand","embeddable":true,"href":"https:\/\/eliquidnicotine.co.uk\/es\/wp-json\/wp\/v2\/product_brand?post=22264"},{"taxonomy":"product_cat","embeddable":true,"href":"https:\/\/eliquidnicotine.co.uk\/es\/wp-json\/wp\/v2\/product_cat?post=22264"},{"taxonomy":"product_tag","embeddable":true,"href":"https:\/\/eliquidnicotine.co.uk\/es\/wp-json\/wp\/v2\/product_tag?post=22264"}],"curies":[{"name":"wp","href":"https:\/\/api.w.org\/{rel}","templated":true}]}}