{"id":22265,"date":"2021-10-29T12:04:31","date_gmt":"2021-10-29T11:04:31","guid":{"rendered":"https:\/\/eliquidnicotine.co.uk\/?post_type=product&#038;p=22265"},"modified":"2025-10-07T10:20:21","modified_gmt":"2025-10-07T09:20:21","slug":"capella-bavarian-cream","status":"publish","type":"product","link":"https:\/\/eliquidnicotine.co.uk\/es\/shop\/capella-bavarian-cream\/","title":{"rendered":"Crema b\u00e1vara Capella"},"content":{"rendered":"<p>El concentrado de crema b\u00e1vara Capella tiene un sabor rico y cremoso inspirado en el postre franc\u00e9s. Su sabor recuerda en cierto modo al pudin, pero tiene una textura m\u00e1s cremosa y ricos matices de fondo. El concentrado de crema b\u00e1vara Capella es el complemento ideal para cualquier receta de postre, ya que este sabor ofrece notas profundas y suaves de crema con un ligero matiz dulce. Se recomienda utilizar Capella Bavarian Cream con otros sabores de nata y bayas, y es un punto de partida perfecto para cualquier mezcla compleja de postres.<\/p>\n<p>Instrucciones de mezcla<\/p>\n<p>La crema b\u00e1vara Capella es un sabor fuerte que puede dominar a otros elementos de la mezcla, por lo que debe utilizarse con moderaci\u00f3n. Recomendamos mezclar entre 2% y 8% en funci\u00f3n del gusto. Sin embargo, es aconsejable empezar con un porcentaje bajo, ya que el sabor se intensificar\u00e1 significativamente con el tiempo a medida que se vaya empapando.<\/p>\n<p>Ideas de recetas<\/p>\n<p>Donut de nata<\/p>\n<p>10% Donut glaseado Capella<\/p>\n<p>2% Capella Crema b\u00e1vara<\/p>\n<p>3% Nata montada Perfumer's Apprentice<\/p>\n<p>Esta receta es una sutil mezcla de donuts con un toque de canela y rica nata. La nata aporta un sabor pleno que equilibra el dulce donut y mantiene unida toda la mezcla. La receta se puede refinar a\u00fan m\u00e1s a\u00f1adiendo cualquier cantidad de sabores frutales como Capella Sweet Strawberry RF, Vapable Blueberry, Perfumer's Apprentice Green Apple o Flavour West Raspberry (Natural).<\/p>\n<p>Estas son s\u00f3lo nuestras ideas aproximadas y los resultados de la experimentaci\u00f3n, y estamos seguros de que usted tiene sus propias recetas estupendas, incluida la Crema B\u00e1vara de Capella.<\/p>\n<p>Si\u00e9ntase libre de compartir sus recetas favoritas o variaciones de lo anterior en los comentarios a continuaci\u00f3n. Nos encantar\u00eda conocer tu opini\u00f3n.<\/p>\n<p>Porcentaje de mezcla recomendado: 5%.<\/p>\n<p>Tiempo de infusi\u00f3n recomendado: 4 semanas<\/p>\n<p>Los concentrados Capella se encuentran entre los mejores del mundo y gozan de una merecida reputaci\u00f3n entre los vapeadores aficionados. El nombre Capella es mundialmente conocido por una amplia gama de sabores de gran sabor elaborados con los mejores ingredientes en sus instalaciones de producci\u00f3n en California, EE.UU.. Todos los concentrados de sabores Capella cumplen las normas m\u00e1s estrictas de calidad y pureza establecidas por el estado de California.<\/p>\n<p>Ingredientes<\/p>\n<p>Aromas naturales y artificiales, propilenglicol, alcohol.<\/p>\n<p>Notas<\/p>\n<p>Recomendamos mezclar la mayor\u00eda de los concentrados de Capella con aproximadamente 15% inicialmente y luego ajustar a su gusto personal.<br \/>\nTodos los concentrados de Capella son a base de PG.<br \/>\nCompramos galones directamente a Capella (en EE.UU.) y los decantamos en botellas de 10 ml, 100 ml y 500 ml.<br \/>\nPuede haber notables diferencias de color entre distintos lotes del mismo sabor. Se trata de un resultado natural del proceso de creaci\u00f3n del sabor.<br \/>\nEste es un aromatizante concentrado para mezclar en e-l\u00edquidos DIY. No debe vaporizarse sin diluir. Todos los concentrados de sabor Capella son a base de PG.<br \/>\nSalud y seguridad<\/p>\n<p>Recomendamos llevar ropa de protecci\u00f3n adecuada, guantes resistentes a productos qu\u00edmicos, protecci\u00f3n respiratoria y gafas de seguridad al mezclar el e-l\u00edquido.<\/p>","protected":false},"excerpt":{"rendered":"<p>El concentrado de crema b\u00e1vara Capella sigue el modelo del postre franc\u00e9s y presenta un sabor suave y cremoso con ricos matices de fondo.<br \/>\nNo vaporizar sin diluir.<\/p>","protected":false},"featured_media":22285,"comment_status":"open","ping_status":"closed","template":"","meta":{"_acf_changed":false,"_genesis_hide_title":false,"_genesis_hide_breadcrumbs":false,"_genesis_hide_singular_image":false,"_genesis_hide_footer_widgets":false,"_genesis_custom_body_class":"","_genesis_custom_post_class":"","_genesis_layout":""},"product_brand":[],"product_cat":[398],"product_tag":[],"class_list":{"1":"product","2":"type-product","6":"product_cat-capella-flavours-for-self-mixing-10-30-and-50-ml","7":"entry","9":"first","10":"instock","11":"taxable","12":"shipping-taxable","13":"purchasable","14":"product-type-variable"},"acf":[],"_links":{"self":[{"href":"https:\/\/eliquidnicotine.co.uk\/es\/wp-json\/wp\/v2\/product\/22265","targetHints":{"allow":["GET"]}}],"collection":[{"href":"https:\/\/eliquidnicotine.co.uk\/es\/wp-json\/wp\/v2\/product"}],"about":[{"href":"https:\/\/eliquidnicotine.co.uk\/es\/wp-json\/wp\/v2\/types\/product"}],"replies":[{"embeddable":true,"href":"https:\/\/eliquidnicotine.co.uk\/es\/wp-json\/wp\/v2\/comments?post=22265"}],"wp:featuredmedia":[{"embeddable":true,"href":"https:\/\/eliquidnicotine.co.uk\/es\/wp-json\/wp\/v2\/media\/22285"}],"wp:attachment":[{"href":"https:\/\/eliquidnicotine.co.uk\/es\/wp-json\/wp\/v2\/media?parent=22265"}],"wp:term":[{"taxonomy":"product_brand","embeddable":true,"href":"https:\/\/eliquidnicotine.co.uk\/es\/wp-json\/wp\/v2\/product_brand?post=22265"},{"taxonomy":"product_cat","embeddable":true,"href":"https:\/\/eliquidnicotine.co.uk\/es\/wp-json\/wp\/v2\/product_cat?post=22265"},{"taxonomy":"product_tag","embeddable":true,"href":"https:\/\/eliquidnicotine.co.uk\/es\/wp-json\/wp\/v2\/product_tag?post=22265"}],"curies":[{"name":"wp","href":"https:\/\/api.w.org\/{rel}","templated":true}]}}