{"id":22270,"date":"2021-10-29T12:16:20","date_gmt":"2021-10-29T12:16:20","guid":{"rendered":"https:\/\/eliquidnicotine.co.uk\/?post_type=product&#038;p=22270"},"modified":"2025-04-02T15:30:56","modified_gmt":"2025-04-02T14:30:56","slug":"capella-apricot","status":"publish","type":"product","link":"https:\/\/eliquidnicotine.co.uk\/es\/shop\/capella-apricot\/","title":{"rendered":"Capella Albaricoque"},"content":{"rendered":"<p>El Concentrado de Albaricoque Capella ofrece el sabor dulce y suculento de los albaricoques frescos y jugosos. Morder un albaricoque fresco rebosante de jugosidad es uno de los placeres m\u00e1s discretos de la vida, y el concentrado de albaricoque Capella reproduce ese sabor a la perfecci\u00f3n. Este concentrado es estupendo por s\u00ed solo, pero tambi\u00e9n puede utilizarse para a\u00f1adir un sutil sabor a una gran variedad de recetas. Pruebe el concentrado de albaricoque Capella en una receta casera de tarta de queso de almendra y albaricoque; para m\u00e1s detalles, consulte m\u00e1s abajo.<\/p>\n<p>Instrucciones de mezcla<\/p>\n<p>El albaricoque de Capella es un sabor bastante suave. Recomendamos mezclarlo entre 15% y 20%. Cuando se combina con otros sabores frutales, el albaricoque da a muchas mezclas un matiz fuerte, pero tambi\u00e9n puede resultar demasiado fuerte.<\/p>\n<p>Ideas de recetas<\/p>\n<p>Tarta de queso de albaricoque y almendra:<\/p>\n<p>10% Capella Albaricoque<\/p>\n<p>5% Perfumer's Apprentice Tarta de queso Graham Crust<\/p>\n<p>5% Perfumer's Apprentice Almendra tostada<\/p>\n<p>Esta receta de tarta de queso es una suave mezcla de dulce albaricoque y crujiente almendra con la rica cremosidad a\u00f1adida de la tarta de queso y una corteza de graham como base.<\/p>\n<p>Estas son s\u00f3lo nuestras ideas aproximadas y los resultados de la experimentaci\u00f3n y estamos seguros de que usted tiene sus propias grandes recetas, incluyendo albaricoque de Capella.<\/p>\n<p>Si\u00e9ntase libre de a\u00f1adir sus recetas favoritas o variaciones a lo anterior en los comentarios a continuaci\u00f3n. Estaremos encantados de recibir sus comentarios.<\/p>\n<p>Porcentaje de mezcla recomendado: 15%.<\/p>\n<p>Tiempo de remojo recomendado: 1 semana<\/p>\n<p>Los concentrados Capella son unos de los mejores del mundo y gozan de una merecida reputaci\u00f3n entre los vapeadores aficionados. El nombre Capella es mundialmente conocido por su amplia gama de sabores de gran sabor elaborados con los mejores ingredientes en sus instalaciones de producci\u00f3n de California, EE.UU.. Todos los concentrados de sabores de Capella cumplen las normas m\u00e1s estrictas de calidad y pureza exigidas por el estado de California.<\/p>\n<p>Ingredientes<\/p>\n<p>Aromas naturales, propilenglicol y agua.<\/p>\n<p>Notas<\/p>\n<p>Recomendamos mezclar la mayor\u00eda de los concentrados de Capella con aproximadamente 15% inicialmente y luego ajustar a su gusto personal.<br \/>\nTodos los concentrados de Capella son a base de PG.<br \/>\nCompramos galones directamente a Capella (en EE.UU.) y los decantamos en botellas de 10 ml, 100 ml y 500 ml.<br \/>\nPuede haber notables diferencias de color entre distintos lotes del mismo sabor. Se trata de un resultado natural del proceso de creaci\u00f3n del sabor.<br \/>\nSe trata de un aromatizante concentrado que se mezcla en el e-l\u00edquido DIY. No debe vaporizarse sin diluir. Todos los concentrados de sabor Capella son a base de PG.<br \/>\nSalud y seguridad<\/p>\n<p>Recomendamos el uso de ropa de protecci\u00f3n adecuada, guantes resistentes a productos qu\u00edmicos, protecci\u00f3n respiratoria y gafas de seguridad al mezclar el e-l\u00edquido.<\/p>","protected":false},"excerpt":{"rendered":"<p>El concentrado de albaricoque Capella ofrece el sabor dulce y jugoso de los albaricoques frescos.<br \/>\nNo vaporizar sin diluir.<\/p>","protected":false},"featured_media":22280,"comment_status":"open","ping_status":"closed","template":"","meta":{"_acf_changed":false,"_genesis_hide_title":false,"_genesis_hide_breadcrumbs":false,"_genesis_hide_singular_image":false,"_genesis_hide_footer_widgets":false,"_genesis_custom_body_class":"","_genesis_custom_post_class":"","_genesis_layout":""},"product_brand":[],"product_cat":[398],"product_tag":[],"class_list":{"1":"product","2":"type-product","6":"product_cat-capella-flavours-for-self-mixing-10-30-and-50-ml","7":"entry","9":"first","10":"instock","11":"taxable","12":"shipping-taxable","13":"purchasable","14":"product-type-variable"},"acf":[],"_links":{"self":[{"href":"https:\/\/eliquidnicotine.co.uk\/es\/wp-json\/wp\/v2\/product\/22270","targetHints":{"allow":["GET"]}}],"collection":[{"href":"https:\/\/eliquidnicotine.co.uk\/es\/wp-json\/wp\/v2\/product"}],"about":[{"href":"https:\/\/eliquidnicotine.co.uk\/es\/wp-json\/wp\/v2\/types\/product"}],"replies":[{"embeddable":true,"href":"https:\/\/eliquidnicotine.co.uk\/es\/wp-json\/wp\/v2\/comments?post=22270"}],"wp:featuredmedia":[{"embeddable":true,"href":"https:\/\/eliquidnicotine.co.uk\/es\/wp-json\/wp\/v2\/media\/22280"}],"wp:attachment":[{"href":"https:\/\/eliquidnicotine.co.uk\/es\/wp-json\/wp\/v2\/media?parent=22270"}],"wp:term":[{"taxonomy":"product_brand","embeddable":true,"href":"https:\/\/eliquidnicotine.co.uk\/es\/wp-json\/wp\/v2\/product_brand?post=22270"},{"taxonomy":"product_cat","embeddable":true,"href":"https:\/\/eliquidnicotine.co.uk\/es\/wp-json\/wp\/v2\/product_cat?post=22270"},{"taxonomy":"product_tag","embeddable":true,"href":"https:\/\/eliquidnicotine.co.uk\/es\/wp-json\/wp\/v2\/product_tag?post=22270"}],"curies":[{"name":"wp","href":"https:\/\/api.w.org\/{rel}","templated":true}]}}