{"id":22271,"date":"2021-10-29T12:14:41","date_gmt":"2021-10-29T12:14:41","guid":{"rendered":"https:\/\/eliquidnicotine.co.uk\/?post_type=product&#038;p=22271"},"modified":"2025-04-02T15:30:51","modified_gmt":"2025-04-02T14:30:51","slug":"capella-double-apple","status":"publish","type":"product","link":"https:\/\/eliquidnicotine.co.uk\/es\/shop\/capella-doble-manzana\/","title":{"rendered":"Capella Manzana doble"},"content":{"rendered":"<p>Capella Double Apple Concentrate es una combinaci\u00f3n agridulce de frescas y jugosas manzanas rojas dulces equilibradas con manzanas verdes \u00e1cidas. Capella Double Apple Concentrate ofrece el sabor perfecto de las manzanas maduras, crujientes y jugosas recogidas directamente del huerto. Capella ha creado una mezcla muy delicada que utiliza el sabor de dos variedades de manzana diferentes; las manzanas verdes \u00e1cidas se equilibran con el zumo dulce de las manzanas rojas para crear una utop\u00eda de sabor celestial que te resultar\u00e1 irresistible si eres un amante de la fruta. El sabor de Capella Doble Manzana Concentrado es muy fresco y natural, no demasiado dulce y desde luego nada artificial. Pruebe a utilizar Capella Double Apple en su pr\u00f3xima receta de e-liquido; este es el sabor que realmente aporta ese gusto jugoso a las recetas de e-liquido de tarta de manzana o crumble de manzana.<\/p>\n<p>Porcentaje de mezcla recomendado: 15%.<\/p>\n<p>Tiempo de reposo recomendado: 1 - 3 d\u00edas.<\/p>\n<p>Los concentrados Capella se encuentran entre los mejores del mundo y gozan de una merecida reputaci\u00f3n entre los vapeadores aficionados. El nombre Capella es mundialmente conocido por su amplia gama de sabores de gran sabor elaborados con los mejores ingredientes en sus instalaciones de California, EE.UU.. Todos los concentrados de sabores Capella cumplen las normas m\u00e1s estrictas de calidad y pureza establecidas por el estado de California.<\/p>\n<p>Ingredientes<\/p>\n<p>Aromas artificiales y naturales, propilenglicol.<\/p>\n<p>Notas<\/p>\n<p>Recomendamos mezclar la mayor\u00eda de los concentrados Capella a aproximadamente 15% inicialmente y luego ajustarlos a su gusto personal.<br \/>\nTodos los concentrados de Capella son a base de PG.<br \/>\nCompramos galones directamente a Capella (en EE.UU.) y los transferimos a botellas de 10 ml, 20 ml y 50 ml.<br \/>\nPuede haber notables diferencias de color entre distintos lotes del mismo aroma. Se trata de un resultado natural del proceso de producci\u00f3n del sabor.<br \/>\nSe trata de un aroma concentrado para mezclar en e-l\u00edquidos DIY. No debe vaporizarse sin diluir. Todos los concentrados de sabor Capella son a base de PG.<br \/>\nSalud y seguridad<\/p>\n<p>Recomendamos llevar ropa de protecci\u00f3n adecuada, guantes resistentes a productos qu\u00edmicos, protecci\u00f3n respiratoria y gafas de seguridad al mezclar el e-l\u00edquido.<\/p>","protected":false},"excerpt":{"rendered":"<p>Capella Double Apple Concentrate es una combinaci\u00f3n agridulce de frescas y jugosas manzanas rojas dulces equilibradas por \u00e1cidas manzanas verdes. No vaporizar sin diluir<\/p>","protected":false},"featured_media":22281,"comment_status":"open","ping_status":"closed","template":"","meta":{"_acf_changed":false,"_genesis_hide_title":false,"_genesis_hide_breadcrumbs":false,"_genesis_hide_singular_image":false,"_genesis_hide_footer_widgets":false,"_genesis_custom_body_class":"","_genesis_custom_post_class":"","_genesis_layout":""},"product_brand":[],"product_cat":[398],"product_tag":[],"class_list":{"1":"product","2":"type-product","6":"product_cat-capella-flavours-for-self-mixing-10-30-and-50-ml","7":"entry","9":"first","10":"instock","11":"taxable","12":"shipping-taxable","13":"purchasable","14":"product-type-variable"},"acf":[],"_links":{"self":[{"href":"https:\/\/eliquidnicotine.co.uk\/es\/wp-json\/wp\/v2\/product\/22271","targetHints":{"allow":["GET"]}}],"collection":[{"href":"https:\/\/eliquidnicotine.co.uk\/es\/wp-json\/wp\/v2\/product"}],"about":[{"href":"https:\/\/eliquidnicotine.co.uk\/es\/wp-json\/wp\/v2\/types\/product"}],"replies":[{"embeddable":true,"href":"https:\/\/eliquidnicotine.co.uk\/es\/wp-json\/wp\/v2\/comments?post=22271"}],"wp:featuredmedia":[{"embeddable":true,"href":"https:\/\/eliquidnicotine.co.uk\/es\/wp-json\/wp\/v2\/media\/22281"}],"wp:attachment":[{"href":"https:\/\/eliquidnicotine.co.uk\/es\/wp-json\/wp\/v2\/media?parent=22271"}],"wp:term":[{"taxonomy":"product_brand","embeddable":true,"href":"https:\/\/eliquidnicotine.co.uk\/es\/wp-json\/wp\/v2\/product_brand?post=22271"},{"taxonomy":"product_cat","embeddable":true,"href":"https:\/\/eliquidnicotine.co.uk\/es\/wp-json\/wp\/v2\/product_cat?post=22271"},{"taxonomy":"product_tag","embeddable":true,"href":"https:\/\/eliquidnicotine.co.uk\/es\/wp-json\/wp\/v2\/product_tag?post=22271"}],"curies":[{"name":"wp","href":"https:\/\/api.w.org\/{rel}","templated":true}]}}