{"id":22272,"date":"2021-10-29T12:10:39","date_gmt":"2021-10-29T12:10:39","guid":{"rendered":"https:\/\/eliquidnicotine.co.uk\/?post_type=product&#038;p=22272"},"modified":"2025-04-02T15:30:49","modified_gmt":"2025-04-02T14:30:49","slug":"capella-french-vanilla","status":"publish","type":"product","link":"https:\/\/eliquidnicotine.co.uk\/es\/shop\/capella-francesa-vainilla\/","title":{"rendered":"Capella Vainilla Francesa"},"content":{"rendered":"<p>Capella French Vanilla V1 Concentrate ofrece un sabor a vainilla rico, cremoso y aterciopelado. Este concentrado es imprescindible para a\u00f1adir a puddings o pasteles y combina muy bien con una gran variedad de cremas (por ejemplo, b\u00e1vara o vienesa). Es uno de mis sabores de vainilla favoritos hasta el momento y no puede faltar en su colecci\u00f3n de mezclas. Haga que un buen flan sea a\u00fan mejor utilizando Capella French Vanilla en un peque\u00f1o porcentaje con la base de flan de su elecci\u00f3n y obtendr\u00e1 un maravilloso sabor a flan. S\u00f3lo una gota de Capella French Vanilla Concentrate animar\u00e1 sus recetas favoritas de caf\u00e9, bebida o postre.<\/p>\n<p>Capella Vainilla Francesa V2, que no contiene diketona, est\u00e1 disponible aqu\u00ed.<\/p>\n<p>Proporci\u00f3n de mezcla recomendada: 10% - 15%.<\/p>\n<p>Tiempo de infusi\u00f3n recomendado: 1 semana<\/p>\n<p>Los concentrados Capella se encuentran entre los mejores del mundo y gozan de una merecida reputaci\u00f3n entre los vapers DIY. El nombre de Capella es mundialmente conocido por su amplia gama de sabores de gran sabor, elaborados con los mejores ingredientes en sus instalaciones de producci\u00f3n de California (EE.UU.). Todos los concentrados de sabores Capella cumplen las normas m\u00e1s estrictas de calidad y pureza establecidas por el estado de California.<\/p>\n<p>Ingredientes<\/p>\n<p>Aromas naturales y artificiales, propilenglicol, agua.<\/p>\n<p>Notas<\/p>\n<p>Recomendamos mezclar la mayor\u00eda de los concentrados Capella a aproximadamente 15% inicialmente y luego ajustarlos a su gusto personal.<br \/>\nTodos los concentrados de Capella son a base de PG.<br \/>\nCompramos galones directamente a Capella (en EE.UU.) y los transferimos a botellas de 10 ml, 100 ml y 500 ml.<br \/>\nPuede haber notables diferencias de color entre distintos lotes del mismo aroma. Se trata de un resultado natural del proceso de producci\u00f3n del sabor.<br \/>\nEste es un aromatizante concentrado para mezclar en e-l\u00edquidos DIY. No debe vaporizarse sin diluir. Todos los concentrados de sabor Capella son a base de PG.<br \/>\nSalud y seguridad<\/p>\n<p>Recomendamos llevar ropa de protecci\u00f3n adecuada, guantes resistentes a productos qu\u00edmicos, protecci\u00f3n respiratoria y gafas de seguridad al mezclar el e-l\u00edquido.<\/p>","protected":false},"excerpt":{"rendered":"<p>Capella French Vanilla V1 Concentrate ofrece un sabor a vainilla rico, cremoso y aterciopelado.<br \/>\nNo vaporizar sin diluir.<\/p>","protected":false},"featured_media":22282,"comment_status":"open","ping_status":"closed","template":"","meta":{"_acf_changed":false,"_genesis_hide_title":false,"_genesis_hide_breadcrumbs":false,"_genesis_hide_singular_image":false,"_genesis_hide_footer_widgets":false,"_genesis_custom_body_class":"","_genesis_custom_post_class":"","_genesis_layout":""},"product_brand":[],"product_cat":[398],"product_tag":[],"class_list":{"1":"product","2":"type-product","6":"product_cat-capella-flavours-for-self-mixing-10-30-and-50-ml","7":"entry","9":"first","10":"instock","11":"taxable","12":"shipping-taxable","13":"purchasable","14":"product-type-variable"},"acf":[],"_links":{"self":[{"href":"https:\/\/eliquidnicotine.co.uk\/es\/wp-json\/wp\/v2\/product\/22272","targetHints":{"allow":["GET"]}}],"collection":[{"href":"https:\/\/eliquidnicotine.co.uk\/es\/wp-json\/wp\/v2\/product"}],"about":[{"href":"https:\/\/eliquidnicotine.co.uk\/es\/wp-json\/wp\/v2\/types\/product"}],"replies":[{"embeddable":true,"href":"https:\/\/eliquidnicotine.co.uk\/es\/wp-json\/wp\/v2\/comments?post=22272"}],"wp:featuredmedia":[{"embeddable":true,"href":"https:\/\/eliquidnicotine.co.uk\/es\/wp-json\/wp\/v2\/media\/22282"}],"wp:attachment":[{"href":"https:\/\/eliquidnicotine.co.uk\/es\/wp-json\/wp\/v2\/media?parent=22272"}],"wp:term":[{"taxonomy":"product_brand","embeddable":true,"href":"https:\/\/eliquidnicotine.co.uk\/es\/wp-json\/wp\/v2\/product_brand?post=22272"},{"taxonomy":"product_cat","embeddable":true,"href":"https:\/\/eliquidnicotine.co.uk\/es\/wp-json\/wp\/v2\/product_cat?post=22272"},{"taxonomy":"product_tag","embeddable":true,"href":"https:\/\/eliquidnicotine.co.uk\/es\/wp-json\/wp\/v2\/product_tag?post=22272"}],"curies":[{"name":"wp","href":"https:\/\/api.w.org\/{rel}","templated":true}]}}