{"id":22273,"date":"2021-10-29T12:08:11","date_gmt":"2021-10-29T12:08:11","guid":{"rendered":"https:\/\/eliquidnicotine.co.uk\/?post_type=product&#038;p=22273"},"modified":"2026-04-08T10:13:10","modified_gmt":"2026-04-08T09:13:10","slug":"capella-blueberry-jam","status":"publish","type":"product","link":"https:\/\/eliquidnicotine.co.uk\/es\/shop\/capella-blueberry-jam\/","title":{"rendered":"Capella Ar\u00e1ndano"},"content":{"rendered":"<p>El concentrado de mermelada de ar\u00e1ndanos Capella ofrece el sabor maravillosamente suave y afrutado de los ar\u00e1ndanos directamente del tarro de mermelada. Es, con diferencia, uno de los mejores concentrados de sabor a mermelada porque la acidez natural del sabor a ar\u00e1ndanos evita que sea demasiado dulce. El concentrado de mermelada de ar\u00e1ndanos Capella tiene un sabor a mermelada muy aut\u00e9ntico y bastante fuerte, por lo que deber\u00e1 utilizarlo con moderaci\u00f3n al principio, probablemente no m\u00e1s de 5%. El fuerte sabor del concentrado de mermelada de ar\u00e1ndanos Capella funciona bien por s\u00ed solo, pero este concentrado tambi\u00e9n a\u00f1ade una gran profundidad a una gran variedad de recetas de reposter\u00eda; tortitas, magdalenas, pasteles o deliciosos donuts de mermelada de ar\u00e1ndanos.<\/p>\n<p>Porcentaje de mezcla recomendado: 5% - 10%.<\/p>\n<p>Tiempo de infusi\u00f3n recomendado: 2 - 4 semanas<\/p>\n<p>Los concentrados Capella se encuentran entre los mejores del mundo y gozan de una merecida reputaci\u00f3n entre los vapeadores aficionados. El nombre Capella es mundialmente conocido por una amplia gama de sabores de gran sabor elaborados con los mejores ingredientes en sus instalaciones de producci\u00f3n en California, EE.UU.. Todos los concentrados de sabores Capella cumplen las normas m\u00e1s estrictas de calidad y pureza establecidas por el estado de California.<\/p>\n<p>Ingredientes<\/p>\n<p>Aromas naturales y artificiales, propilenglicol, alcohol et\u00edlico.<\/p>\n<p>Notas<\/p>\n<p>Recomendamos mezclar la mayor\u00eda de los concentrados de Capella con aproximadamente 15% inicialmente y luego ajustar a su gusto personal.<br \/>\nTodos los concentrados de Capella son a base de PG.<br \/>\nCompramos galones directamente a Capella (en EE.UU.) y los decantamos en botellas de 10 ml, 100 ml y 500 ml.<br \/>\nPuede haber notables diferencias de color entre distintos lotes del mismo sabor. Se trata de un resultado natural del proceso de creaci\u00f3n del sabor.<br \/>\nEste es un aromatizante concentrado para mezclar en e-l\u00edquidos DIY. No debe vaporizarse sin diluir. Todos los concentrados de sabor Capella son a base de PG.<br \/>\nSalud y seguridad<\/p>\n<p>Recomendamos llevar ropa de protecci\u00f3n adecuada, guantes resistentes a productos qu\u00edmicos, protecci\u00f3n respiratoria y gafas de seguridad al mezclar el e-l\u00edquido.<\/p>","protected":false},"excerpt":{"rendered":"<p>El concentrado de mermelada de ar\u00e1ndanos Capella ofrece el sabor maravillosamente suave y afrutado de los ar\u00e1ndanos directamente del tarro de mermelada.<span style=\"color: #ff0000;\"><strong>No vaporizar sin diluir.<\/strong><\/span><\/p>","protected":false},"featured_media":22283,"comment_status":"open","ping_status":"closed","template":"","meta":{"_acf_changed":false,"_genesis_hide_title":false,"_genesis_hide_breadcrumbs":false,"_genesis_hide_singular_image":false,"_genesis_hide_footer_widgets":false,"_genesis_custom_body_class":"","_genesis_custom_post_class":"","_genesis_layout":""},"product_brand":[],"product_cat":[398],"product_tag":[],"class_list":{"1":"product","2":"type-product","6":"product_cat-capella-flavours-for-self-mixing-10-30-and-50-ml","7":"entry","9":"first","10":"instock","11":"taxable","12":"shipping-taxable","13":"purchasable","14":"product-type-variable"},"acf":[],"_links":{"self":[{"href":"https:\/\/eliquidnicotine.co.uk\/es\/wp-json\/wp\/v2\/product\/22273","targetHints":{"allow":["GET"]}}],"collection":[{"href":"https:\/\/eliquidnicotine.co.uk\/es\/wp-json\/wp\/v2\/product"}],"about":[{"href":"https:\/\/eliquidnicotine.co.uk\/es\/wp-json\/wp\/v2\/types\/product"}],"replies":[{"embeddable":true,"href":"https:\/\/eliquidnicotine.co.uk\/es\/wp-json\/wp\/v2\/comments?post=22273"}],"wp:featuredmedia":[{"embeddable":true,"href":"https:\/\/eliquidnicotine.co.uk\/es\/wp-json\/wp\/v2\/media\/22283"}],"wp:attachment":[{"href":"https:\/\/eliquidnicotine.co.uk\/es\/wp-json\/wp\/v2\/media?parent=22273"}],"wp:term":[{"taxonomy":"product_brand","embeddable":true,"href":"https:\/\/eliquidnicotine.co.uk\/es\/wp-json\/wp\/v2\/product_brand?post=22273"},{"taxonomy":"product_cat","embeddable":true,"href":"https:\/\/eliquidnicotine.co.uk\/es\/wp-json\/wp\/v2\/product_cat?post=22273"},{"taxonomy":"product_tag","embeddable":true,"href":"https:\/\/eliquidnicotine.co.uk\/es\/wp-json\/wp\/v2\/product_tag?post=22273"}],"curies":[{"name":"wp","href":"https:\/\/api.w.org\/{rel}","templated":true}]}}