{"id":22274,"date":"2021-10-29T12:06:14","date_gmt":"2021-10-29T12:06:14","guid":{"rendered":"https:\/\/eliquidnicotine.co.uk\/?post_type=product&#038;p=22274"},"modified":"2025-06-09T07:48:02","modified_gmt":"2025-06-09T06:48:02","slug":"capella-honeydew-melon","status":"publish","type":"product","link":"https:\/\/eliquidnicotine.co.uk\/es\/shop\/capella-miel-melon\/","title":{"rendered":"Mel\u00f3n dulce Capella"},"content":{"rendered":"<p>El concentrado de mel\u00f3n Honeydew de Capella ofrece el sabor dulce y jugoso de los melones honeydew reci\u00e9n cortados, jugosos y maduros. El sabor de este concentrado es rico y dulce como el mel\u00f3n dulce. Capella Honeydew Melon Concentrate a\u00f1ade un vigorizante estallido de sabor a tus recetas de e-liquidos de frutas, postres y bebidas. Una idea muy simple pero efectiva es a\u00f1adir un toque de mentol para un toque fresco y afrutado que abrir\u00e1 tus v\u00edas respiratorias y refrescar\u00e1 tu paladar.<\/p>\n<p>Porcentaje de mezcla recomendado: 15%.<\/p>\n<p>Tiempo de infusi\u00f3n recomendado: 1 - 3 d\u00edas<\/p>\n<p>Los concentrados Capella se encuentran entre los mejores del mundo y gozan de una merecida reputaci\u00f3n entre los vapeadores aficionados. El nombre Capella es mundialmente conocido por una amplia gama de sabores de gran sabor elaborados con los mejores ingredientes en sus instalaciones de producci\u00f3n de California, EE.UU.. Todos los concentrados de sabores Capella cumplen las normas m\u00e1s estrictas de calidad y pureza establecidas por el estado de California.<\/p>\n<p>Ingredientes<\/p>\n<p>Aromas naturales, propilenglicol.<\/p>\n<p>Notas<\/p>\n<p>Recomendamos mezclar la mayor\u00eda de los concentrados de Capella con aproximadamente 15% inicialmente y luego ajustar a su gusto personal.<br \/>\nTodos los concentrados de Capella son a base de PG.<br \/>\nCompramos galones directamente a Capella (en EE.UU.) y los rellenamos aqu\u00ed en botellas de 10 ml, 30 ml, 50 ml, 100 ml y 500 ml.<br \/>\nPuede haber notables diferencias de color entre distintos lotes del mismo sabor. Se trata de un resultado natural del proceso de creaci\u00f3n del sabor.<br \/>\nEste es un aromatizante concentrado para mezclar en e-l\u00edquidos DIY. No debe vaporizarse sin diluir. Todos los concentrados de sabor Capella son a base de PG.<br \/>\nSalud y seguridad<\/p>\n<p>Recomendamos llevar ropa de protecci\u00f3n adecuada, guantes resistentes a productos qu\u00edmicos, protecci\u00f3n respiratoria y gafas de seguridad al mezclar el e-l\u00edquido.<\/p>","protected":false},"excerpt":{"rendered":"<p>Capella Honeydew Melon Concentrate ofrece el sabor dulce y jugoso de los melones honeydew reci\u00e9n cortados, jugosos y maduros.<br \/>\nNo vaporizar sin diluir.<\/p>","protected":false},"featured_media":22284,"comment_status":"open","ping_status":"closed","template":"","meta":{"_acf_changed":false,"_genesis_hide_title":false,"_genesis_hide_breadcrumbs":false,"_genesis_hide_singular_image":false,"_genesis_hide_footer_widgets":false,"_genesis_custom_body_class":"","_genesis_custom_post_class":"","_genesis_layout":""},"product_brand":[],"product_cat":[398],"product_tag":[],"class_list":{"1":"product","2":"type-product","6":"product_cat-capella-flavours-for-self-mixing-10-30-and-50-ml","7":"entry","9":"first","10":"instock","11":"taxable","12":"shipping-taxable","13":"purchasable","14":"product-type-variable"},"acf":[],"_links":{"self":[{"href":"https:\/\/eliquidnicotine.co.uk\/es\/wp-json\/wp\/v2\/product\/22274","targetHints":{"allow":["GET"]}}],"collection":[{"href":"https:\/\/eliquidnicotine.co.uk\/es\/wp-json\/wp\/v2\/product"}],"about":[{"href":"https:\/\/eliquidnicotine.co.uk\/es\/wp-json\/wp\/v2\/types\/product"}],"replies":[{"embeddable":true,"href":"https:\/\/eliquidnicotine.co.uk\/es\/wp-json\/wp\/v2\/comments?post=22274"}],"wp:featuredmedia":[{"embeddable":true,"href":"https:\/\/eliquidnicotine.co.uk\/es\/wp-json\/wp\/v2\/media\/22284"}],"wp:attachment":[{"href":"https:\/\/eliquidnicotine.co.uk\/es\/wp-json\/wp\/v2\/media?parent=22274"}],"wp:term":[{"taxonomy":"product_brand","embeddable":true,"href":"https:\/\/eliquidnicotine.co.uk\/es\/wp-json\/wp\/v2\/product_brand?post=22274"},{"taxonomy":"product_cat","embeddable":true,"href":"https:\/\/eliquidnicotine.co.uk\/es\/wp-json\/wp\/v2\/product_cat?post=22274"},{"taxonomy":"product_tag","embeddable":true,"href":"https:\/\/eliquidnicotine.co.uk\/es\/wp-json\/wp\/v2\/product_tag?post=22274"}],"curies":[{"name":"wp","href":"https:\/\/api.w.org\/{rel}","templated":true}]}}