{"id":224,"date":"2018-01-17T09:30:50","date_gmt":"2018-01-17T09:30:50","guid":{"rendered":"https:\/\/eliquidnicotine.co.uk\/?post_type=product&#038;p=224"},"modified":"2020-03-25T12:20:02","modified_gmt":"2020-03-25T12:20:02","slug":"base-plus-nicotine-shots","status":"publish","type":"product","link":"https:\/\/eliquidnicotine.co.uk\/es\/shop\/base-plus-nicotine-shots\/","title":{"rendered":"Base m\u00e1s inyecciones de nicotina"},"content":{"rendered":"<h2>Chupitos de nicotina m\u00e1s base PG\/VG<\/h2>\n<p>Este producto es un paquete de base PG\/VG m\u00e1s una serie de inyecciones de nicotina de 20 mg\/ml que puede mezclar f\u00e1cilmente para obtener la potencia de nicotina que desee. S\u00f3lo tienes que a\u00f1adir un sabor y ya est\u00e1 listo para ir.<\/p>\n<ul>\n<li>1e calidad PG\/VG<\/li>\n<li>Alem\u00e1n<\/li>\n<li>Larga vida \u00fatil<\/li>\n<li>Envases adaptados a los ni\u00f1os<\/li>\n<li>Semitransparente<\/li>\n<li>Sin sabor<\/li>\n<li>F\u00e1cil de usar, agitar y vapear<\/li>\n<li>Paquete completo<\/li>\n<li>Viene con una botella vac\u00eda adicional<\/li>\n<\/ul>\n<p>Mantener fuera del alcance de los ni\u00f1os<\/p>\n<h3>CALCULAR EL VOLUMEN DE BOOSTER A PONER EN UNA BASE O L\u00cdQUIDO<\/h3>\n<p><strong>3 mg\/ml = 100 ml Base m\u00e1s 2 Shots 120 ml<\/strong><\/p>\n<p><strong>6 mg\/ml = 100 ml Base m\u00e1s 4 inyecciones 140 ml<\/strong><\/p>\n<p><strong>9 mg\/ml = 100 ml Base m\u00e1s 9 Shots 190 ml<\/strong><\/p>\n<p><strong>3 mg\/ml = 250 ml Base m\u00e1s 4 Shots 290 ml<\/strong><\/p>\n<p><strong>6 mg\/ml = 250 ml Base m\u00e1s 11 Shots 360 ml<\/strong><\/p>\n<p><strong>9 mg\/ml = 250 ml Base m\u00e1s 21 inyecciones 460 ml<\/strong><\/p>\n<p><strong>3 mg\/ml = 500 ml Base m\u00e1s 9 Shots 590 ml<\/strong><\/p>\n<p><strong>6 mg\/ml = 500 ml Base m\u00e1s 22 Shots 720 ml<\/strong><\/p>\n<p><strong>9 mg\/ml = 500 ml Base m\u00e1s 41 Shots 910 ml<\/strong><\/p>\n<p>&nbsp;<\/p>\n<p>&nbsp;<\/p>","protected":false},"excerpt":{"rendered":"<p>Una manera muy f\u00e1cil de hacer su base l\u00edquida lista para vapear, a\u00f1adir sabor si lo desea, agitar y vapear.<\/p>","protected":false},"featured_media":236,"comment_status":"open","ping_status":"closed","template":"","meta":{"_acf_changed":false,"_genesis_hide_title":false,"_genesis_hide_breadcrumbs":false,"_genesis_hide_singular_image":false,"_genesis_hide_footer_widgets":false,"_genesis_custom_body_class":"","_genesis_custom_post_class":"","_genesis_layout":""},"product_brand":[],"product_cat":[251],"product_tag":[],"class_list":{"1":"product","2":"type-product","6":"product_cat-nicotine-shots","7":"entry","9":"first","10":"instock","11":"taxable","12":"shipping-taxable","13":"purchasable","14":"product-type-variable"},"acf":[],"_links":{"self":[{"href":"https:\/\/eliquidnicotine.co.uk\/es\/wp-json\/wp\/v2\/product\/224","targetHints":{"allow":["GET"]}}],"collection":[{"href":"https:\/\/eliquidnicotine.co.uk\/es\/wp-json\/wp\/v2\/product"}],"about":[{"href":"https:\/\/eliquidnicotine.co.uk\/es\/wp-json\/wp\/v2\/types\/product"}],"replies":[{"embeddable":true,"href":"https:\/\/eliquidnicotine.co.uk\/es\/wp-json\/wp\/v2\/comments?post=224"}],"wp:featuredmedia":[{"embeddable":true,"href":"https:\/\/eliquidnicotine.co.uk\/es\/wp-json\/wp\/v2\/media\/236"}],"wp:attachment":[{"href":"https:\/\/eliquidnicotine.co.uk\/es\/wp-json\/wp\/v2\/media?parent=224"}],"wp:term":[{"taxonomy":"product_brand","embeddable":true,"href":"https:\/\/eliquidnicotine.co.uk\/es\/wp-json\/wp\/v2\/product_brand?post=224"},{"taxonomy":"product_cat","embeddable":true,"href":"https:\/\/eliquidnicotine.co.uk\/es\/wp-json\/wp\/v2\/product_cat?post=224"},{"taxonomy":"product_tag","embeddable":true,"href":"https:\/\/eliquidnicotine.co.uk\/es\/wp-json\/wp\/v2\/product_tag?post=224"}],"curies":[{"name":"wp","href":"https:\/\/api.w.org\/{rel}","templated":true}]}}