{"id":22562,"date":"2022-01-06T08:49:19","date_gmt":"2022-01-06T08:49:19","guid":{"rendered":"https:\/\/eliquidnicotine.co.uk\/?post_type=product&#038;p=22562"},"modified":"2025-04-02T15:30:28","modified_gmt":"2025-04-02T14:30:28","slug":"capella-yellow-peach","status":"publish","type":"product","link":"https:\/\/eliquidnicotine.co.uk\/es\/shop\/capella-amarillo-melocoton\/","title":{"rendered":"Capella Melocot\u00f3n amarillo"},"content":{"rendered":"<div>Capella Yellow Peach Flavour Concentrate ofrece el aut\u00e9ntico sabor del melocot\u00f3n reci\u00e9n recolectado, dulce y \u00e1cido. Morder un melocot\u00f3n fresco rebosante de jugosidad es uno de los placeres m\u00e1s discretos de la vida, y Capella Yellow Peach Flavour Concentrate reproduce este sabor tan perfectamente que casi se puede sentir la pelusilla de la piel. Este concentrado imparte un sabor dulce pero \u00e1cido y es estupendo por s\u00ed solo, pero tambi\u00e9n puede utilizarse para a\u00f1adir una nota picante de melocot\u00f3n a una gran variedad de recetas; pru\u00e9belo con Capella Vanilla Ice Cream y Raspberry Concentrates para preparar un delicioso melocot\u00f3n melba, o utilice Capella Sugar Cookie para crear un crumble de melocot\u00f3n.<\/div>\n<div><\/div>\n<div>Porcentaje de mezcla recomendado: 15%.<\/div>\n<div><\/div>\n<div>Tiempo de infusi\u00f3n recomendado: 2 - 3 semanas<\/div>\n<div><\/div>\n<div>Los concentrados Capella se encuentran entre los mejores del mundo y gozan de una merecida reputaci\u00f3n entre los vapeadores aficionados. El nombre Capella es mundialmente conocido por una amplia gama de sabores de gran sabor elaborados con los mejores ingredientes en sus instalaciones de producci\u00f3n en California, EE.UU.. Todos los concentrados de sabores Capella cumplen las normas m\u00e1s estrictas de calidad y pureza establecidas por el estado de California.<\/div>\n<div><\/div>\n<div>Ingredientes<\/div>\n<div><\/div>\n<div>Aromas naturales, propilenglicol.<\/div>\n<div><\/div>\n<div>Notas<\/div>\n<div><\/div>\n<div>Recomendamos mezclar la mayor\u00eda de los concentrados de Capella con aproximadamente 15% inicialmente y luego ajustar a su gusto personal.<\/div>\n<div>Todos los concentrados de Capella son a base de PG.<\/div>\n<div>Puede haber notables diferencias de color entre distintos lotes del mismo sabor. Se trata de un resultado natural del proceso de creaci\u00f3n del sabor.<\/div>\n<div>Este es un sabor concentrado para mezclar en e-l\u00edquidos DIY. No debe vaporizarse sin diluir. Todos los concentrados de sabor Capella son a base de PG.<\/div>\n<div>Salud y seguridad<\/div>\n<div><\/div>\n<div>Recomendamos llevar ropa de protecci\u00f3n adecuada, guantes resistentes a productos qu\u00edmicos, protecci\u00f3n respiratoria y gafas de seguridad al mezclar el e-l\u00edquido.<\/div>","protected":false},"excerpt":{"rendered":"<p>El concentrado de melocot\u00f3n amarillo Capella ofrece el aut\u00e9ntico sabor de los melocotones reci\u00e9n recolectados, dulces y acidulados. <span style=\"color: #ff0000;\"><strong>No vaporizar sin diluir.<\/strong><\/span><\/p>","protected":false},"featured_media":23095,"comment_status":"open","ping_status":"closed","template":"","meta":{"_acf_changed":false,"_genesis_hide_title":false,"_genesis_hide_breadcrumbs":false,"_genesis_hide_singular_image":false,"_genesis_hide_footer_widgets":false,"_genesis_custom_body_class":"","_genesis_custom_post_class":"","_genesis_layout":""},"product_brand":[],"product_cat":[398,573],"product_tag":[],"class_list":{"1":"product","2":"type-product","6":"product_cat-capella-flavours-for-self-mixing-10-30-and-50-ml","7":"product_cat-flavours-for-e-liquid-mixing","8":"entry","10":"first","11":"outofstock","12":"taxable","13":"shipping-taxable","14":"purchasable","15":"product-type-variable"},"acf":[],"_links":{"self":[{"href":"https:\/\/eliquidnicotine.co.uk\/es\/wp-json\/wp\/v2\/product\/22562","targetHints":{"allow":["GET"]}}],"collection":[{"href":"https:\/\/eliquidnicotine.co.uk\/es\/wp-json\/wp\/v2\/product"}],"about":[{"href":"https:\/\/eliquidnicotine.co.uk\/es\/wp-json\/wp\/v2\/types\/product"}],"replies":[{"embeddable":true,"href":"https:\/\/eliquidnicotine.co.uk\/es\/wp-json\/wp\/v2\/comments?post=22562"}],"wp:featuredmedia":[{"embeddable":true,"href":"https:\/\/eliquidnicotine.co.uk\/es\/wp-json\/wp\/v2\/media\/23095"}],"wp:attachment":[{"href":"https:\/\/eliquidnicotine.co.uk\/es\/wp-json\/wp\/v2\/media?parent=22562"}],"wp:term":[{"taxonomy":"product_brand","embeddable":true,"href":"https:\/\/eliquidnicotine.co.uk\/es\/wp-json\/wp\/v2\/product_brand?post=22562"},{"taxonomy":"product_cat","embeddable":true,"href":"https:\/\/eliquidnicotine.co.uk\/es\/wp-json\/wp\/v2\/product_cat?post=22562"},{"taxonomy":"product_tag","embeddable":true,"href":"https:\/\/eliquidnicotine.co.uk\/es\/wp-json\/wp\/v2\/product_tag?post=22562"}],"curies":[{"name":"wp","href":"https:\/\/api.w.org\/{rel}","templated":true}]}}