{"id":22871,"date":"2022-01-06T08:49:57","date_gmt":"2022-01-06T08:49:57","guid":{"rendered":"https:\/\/eliquidnicotine.co.uk\/?post_type=product&#038;p=22871"},"modified":"2025-04-02T15:30:23","modified_gmt":"2025-04-02T14:30:23","slug":"capella-burley-tobacco","status":"publish","type":"product","link":"https:\/\/eliquidnicotine.co.uk\/es\/shop\/capella-burley-tabaco\/","title":{"rendered":"Tabaco Burley Capella"},"content":{"rendered":"<div>El concentrado de tabaco Capella Bold Burley desprende los aromas y la fragancia de las hojas de tabaco Burley ligero: rico y suave con delicados matices florales, no un pesado sabor a tabaco negro. Capella Bold Burley tiene un sabor a tabaco suave y c\u00e1lido, bastante seco, acompa\u00f1ado de un suave dulzor y sutiles notas de nuez. El tabaco Burley puede utilizarse en muchas mezclas arom\u00e1ticas, ya que tiene un sabor a tabaco bastante neutro. Pruebe a a\u00f1adir sabores a malvavisco, miel o caramelo para crear sus propias recetas de e-l\u00edquidos con el concentrado de tabaco Capella Bold Burley.<\/div>\n<div><\/div>\n<div><\/div>\n<div>Porcentaje de mezcla recomendado: 15%.<\/div>\n<div><\/div>\n<div><\/div>\n<div>Tiempo de infusi\u00f3n recomendado: 1 - 3 d\u00edas<\/div>\n<div><\/div>\n<div><\/div>\n<div>Los concentrados Capella se encuentran entre los mejores del mundo y gozan de una merecida reputaci\u00f3n entre los vapers DIY. El nombre de Capella es mundialmente conocido por su amplia gama de sabores de gran sabor, elaborados con los mejores ingredientes en sus instalaciones de producci\u00f3n de California (EE.UU.). Todos los concentrados de sabores Capella cumplen las normas m\u00e1s estrictas de calidad y pureza establecidas por el estado de California.<\/div>\n<div><\/div>\n<div><\/div>\n<div>Ingredientes<\/div>\n<div>Aromas naturales y artificiales y propilenglicol.<\/div>\n<div><\/div>\n<div><\/div>\n<div>Notas<\/div>\n<div>Recomendamos mezclar la mayor\u00eda de los concentrados Capella a aproximadamente 15% inicialmente y luego ajustarlos a su gusto personal.<\/div>\n<div>Todos los concentrados de Capella son a base de PG.<\/div>\n<div>Compramos tama\u00f1os de gal\u00f3n directamente a Capella (en EE.UU.) y los transferimos aqu\u00ed en el Reino Unido a tama\u00f1os de botella de 10 ml, 100 ml y 500 ml.<\/div>\n<div>Puede haber notables diferencias de color entre distintos lotes del mismo sabor. Se trata de un resultado natural del proceso de creaci\u00f3n del sabor.<\/div>\n<div>Este es un sabor concentrado para mezclar en e-l\u00edquidos DIY. No debe vaporizarse sin diluir. Todos los concentrados de sabor Capella son a base de PG.<\/div>\n<div>Salud y seguridad<\/div>\n<div><\/div>\n<div><\/div>\n<div>Recomendamos llevar ropa de protecci\u00f3n adecuada, guantes resistentes a productos qu\u00edmicos, protecci\u00f3n respiratoria y gafas de seguridad al mezclar el e-l\u00edquido.<\/div>","protected":false},"excerpt":{"rendered":"<p>Capella Bold Burley Tobacco Concentrate proporciona el sabor y el aroma de las hojas de tabaco burley ligero, rico y suave con delicados matices florales.<br \/>\n<span style=\"color: #ff0000;\"><strong>No vaporizar sin diluir.<\/strong><\/span><\/p>","protected":false},"featured_media":23082,"comment_status":"open","ping_status":"closed","template":"","meta":{"_acf_changed":false,"_genesis_hide_title":false,"_genesis_hide_breadcrumbs":false,"_genesis_hide_singular_image":false,"_genesis_hide_footer_widgets":false,"_genesis_custom_body_class":"","_genesis_custom_post_class":"","_genesis_layout":""},"product_brand":[],"product_cat":[398,573],"product_tag":[],"class_list":{"1":"product","2":"type-product","6":"product_cat-capella-flavours-for-self-mixing-10-30-and-50-ml","7":"product_cat-flavours-for-e-liquid-mixing","8":"entry","10":"first","11":"instock","12":"taxable","13":"shipping-taxable","14":"purchasable","15":"product-type-variable"},"acf":[],"_links":{"self":[{"href":"https:\/\/eliquidnicotine.co.uk\/es\/wp-json\/wp\/v2\/product\/22871","targetHints":{"allow":["GET"]}}],"collection":[{"href":"https:\/\/eliquidnicotine.co.uk\/es\/wp-json\/wp\/v2\/product"}],"about":[{"href":"https:\/\/eliquidnicotine.co.uk\/es\/wp-json\/wp\/v2\/types\/product"}],"replies":[{"embeddable":true,"href":"https:\/\/eliquidnicotine.co.uk\/es\/wp-json\/wp\/v2\/comments?post=22871"}],"wp:featuredmedia":[{"embeddable":true,"href":"https:\/\/eliquidnicotine.co.uk\/es\/wp-json\/wp\/v2\/media\/23082"}],"wp:attachment":[{"href":"https:\/\/eliquidnicotine.co.uk\/es\/wp-json\/wp\/v2\/media?parent=22871"}],"wp:term":[{"taxonomy":"product_brand","embeddable":true,"href":"https:\/\/eliquidnicotine.co.uk\/es\/wp-json\/wp\/v2\/product_brand?post=22871"},{"taxonomy":"product_cat","embeddable":true,"href":"https:\/\/eliquidnicotine.co.uk\/es\/wp-json\/wp\/v2\/product_cat?post=22871"},{"taxonomy":"product_tag","embeddable":true,"href":"https:\/\/eliquidnicotine.co.uk\/es\/wp-json\/wp\/v2\/product_tag?post=22871"}],"curies":[{"name":"wp","href":"https:\/\/api.w.org\/{rel}","templated":true}]}}