{"id":22873,"date":"2022-01-06T08:46:14","date_gmt":"2022-01-06T08:46:14","guid":{"rendered":"https:\/\/eliquidnicotine.co.uk\/?post_type=product&#038;p=22873"},"modified":"2025-04-02T15:30:19","modified_gmt":"2025-04-02T14:30:19","slug":"capella-blackberry","status":"publish","type":"product","link":"https:\/\/eliquidnicotine.co.uk\/es\/shop\/capella-mora\/","title":{"rendered":"Capella Zarzamora"},"content":{"rendered":"<div>El concentrado de mora Capella ofrece el delicioso sabor suave y afrutado de las moras reci\u00e9n recolectadas y maduras. El concentrado de mora Capella es bastante dulce y tiene un aroma maravilloso. Sin embargo, tambi\u00e9n es perfecto para combinar con otros sabores como ar\u00e1ndano, fresa o grosella, y \u00bfqui\u00e9n puede resistirse a la cl\u00e1sica combinaci\u00f3n de crumble de mora y manzana servido con una deliciosa crema de vainilla? Si le apetecen recetas de frutas veraniegas, el concentrado de mora Capella es el complemento perfecto para su armario de mezclas de bricolaje.<\/div>\n<div><\/div>\n<div>Porcentaje de mezcla recomendado: 15%.<\/div>\n<div><\/div>\n<div>Tiempo de cocci\u00f3n recomendado: 1 - 3 d\u00edas<\/div>\n<div><\/div>\n<div>Los concentrados Capella se encuentran entre los mejores del mundo y gozan de una merecida reputaci\u00f3n entre los vapeadores aficionados. El nombre Capella es mundialmente conocido por una amplia gama de sabores de gran sabor elaborados con los mejores ingredientes en sus instalaciones de producci\u00f3n de California, EE.UU.. Todos los concentrados de sabores Capella cumplen las normas m\u00e1s estrictas de calidad y pureza establecidas por el estado de California.<\/div>\n<div><\/div>\n<div>Ingredientes<\/div>\n<div><\/div>\n<div>Aromas naturales y artificiales, propilenglicol.<\/div>\n<div><\/div>\n<div>Notas<\/div>\n<div><\/div>\n<div>Recomendamos mezclar la mayor\u00eda de los concentrados de Capella con aproximadamente 15% inicialmente y luego ajustar a su gusto personal.<\/div>\n<div>Todos los concentrados de Capella son a base de PG.<\/div>\n<div>Puede haber notables diferencias de color entre distintos lotes del mismo sabor. Se trata de un resultado natural del proceso de creaci\u00f3n del sabor.<\/div>\n<div>Este es un sabor concentrado para mezclar en e-l\u00edquidos DIY. No debe vaporizarse sin diluir. Todos los concentrados de sabor Capella son a base de PG.<\/div>\n<div>Salud y seguridad<\/div>\n<div><\/div>\n<div>Recomendamos llevar ropa de protecci\u00f3n adecuada, guantes resistentes a productos qu\u00edmicos, protecci\u00f3n respiratoria y gafas de seguridad al mezclar el e-l\u00edquido.<\/div>\n<div><\/div>\n<div>Traducido con www.DeepL.com\/Translator (versi\u00f3n gratuita)<\/div>","protected":false},"excerpt":{"rendered":"<p>Capella Blackberry Concentrate ofrece el delicioso sabor suave y afrutado de las moras reci\u00e9n recolectadas y maduras.<span style=\"color: #ff0000;\"><strong> No vaporizar sin diluir.<\/strong><\/span><\/p>","protected":false},"featured_media":23078,"comment_status":"open","ping_status":"closed","template":"","meta":{"_acf_changed":false,"_genesis_hide_title":false,"_genesis_hide_breadcrumbs":false,"_genesis_hide_singular_image":false,"_genesis_hide_footer_widgets":false,"_genesis_custom_body_class":"","_genesis_custom_post_class":"","_genesis_layout":""},"product_brand":[],"product_cat":[398,573],"product_tag":[],"class_list":{"1":"product","2":"type-product","6":"product_cat-capella-flavours-for-self-mixing-10-30-and-50-ml","7":"product_cat-flavours-for-e-liquid-mixing","8":"entry","10":"first","11":"instock","12":"taxable","13":"shipping-taxable","14":"purchasable","15":"product-type-variable"},"acf":[],"_links":{"self":[{"href":"https:\/\/eliquidnicotine.co.uk\/es\/wp-json\/wp\/v2\/product\/22873","targetHints":{"allow":["GET"]}}],"collection":[{"href":"https:\/\/eliquidnicotine.co.uk\/es\/wp-json\/wp\/v2\/product"}],"about":[{"href":"https:\/\/eliquidnicotine.co.uk\/es\/wp-json\/wp\/v2\/types\/product"}],"replies":[{"embeddable":true,"href":"https:\/\/eliquidnicotine.co.uk\/es\/wp-json\/wp\/v2\/comments?post=22873"}],"wp:featuredmedia":[{"embeddable":true,"href":"https:\/\/eliquidnicotine.co.uk\/es\/wp-json\/wp\/v2\/media\/23078"}],"wp:attachment":[{"href":"https:\/\/eliquidnicotine.co.uk\/es\/wp-json\/wp\/v2\/media?parent=22873"}],"wp:term":[{"taxonomy":"product_brand","embeddable":true,"href":"https:\/\/eliquidnicotine.co.uk\/es\/wp-json\/wp\/v2\/product_brand?post=22873"},{"taxonomy":"product_cat","embeddable":true,"href":"https:\/\/eliquidnicotine.co.uk\/es\/wp-json\/wp\/v2\/product_cat?post=22873"},{"taxonomy":"product_tag","embeddable":true,"href":"https:\/\/eliquidnicotine.co.uk\/es\/wp-json\/wp\/v2\/product_tag?post=22873"}],"curies":[{"name":"wp","href":"https:\/\/api.w.org\/{rel}","templated":true}]}}