{"id":22874,"date":"2022-01-06T08:44:58","date_gmt":"2022-01-06T08:44:58","guid":{"rendered":"https:\/\/eliquidnicotine.co.uk\/?post_type=product&#038;p=22874"},"modified":"2025-04-02T15:30:16","modified_gmt":"2025-04-02T14:30:16","slug":"capella-berry-blend","status":"publish","type":"product","link":"https:\/\/eliquidnicotine.co.uk\/es\/shop\/capella-berry-blend\/","title":{"rendered":"Mezcla de bayas Capella"},"content":{"rendered":"<div>Una mezcla \u00fanica de sabores de bayas dulces con toques de an\u00eds y eucalipto. Totalmente nuevo. Inspirado en el paladar europeo.<\/div>\n<div><\/div>\n<div>Porcentaje de mezcla recomendado: 15%.<\/div>\n<div><\/div>\n<div>Tiempo de infusi\u00f3n recomendado: Shake n' Vape<\/div>\n<div><\/div>\n<div>Los concentrados Capella se encuentran entre los mejores del mundo y gozan de una merecida reputaci\u00f3n entre los vapeadores aficionados. El nombre Capella es mundialmente conocido por una amplia gama de sabores de gran sabor elaborados con los mejores ingredientes en sus instalaciones de fabricaci\u00f3n en California, EE.UU.. Todos los concentrados de sabores Capella cumplen las normas m\u00e1s estrictas de calidad y pureza establecidas por el estado de California.<\/div>\n<div><\/div>\n<div>Ingredientes<\/div>\n<div><\/div>\n<div>Aromas artificiales y naturales, propilenglicol, alcohol benc\u00edlico.<\/div>\n<div><\/div>\n<div>Notas<\/div>\n<div><\/div>\n<div>Recomendamos mezclar la mayor\u00eda de los concentrados de Capella con aproximadamente 15% inicialmente y luego ajustar a su gusto personal.<\/div>\n<div>Todos los concentrados de Capella son a base de PG.<\/div>\n<div>Puede haber notables diferencias de color entre distintos lotes del mismo sabor. Se trata de un resultado natural del proceso de creaci\u00f3n del sabor.<\/div>\n<div>Este es un sabor concentrado para mezclar en e-l\u00edquidos DIY. No debe vaporizarse sin diluir. Todos los concentrados de sabor Capella son a base de PG.<\/div>\n<div>Salud y seguridad<\/div>\n<div><\/div>\n<div>Recomendamos llevar ropa de protecci\u00f3n adecuada, guantes resistentes a productos qu\u00edmicos, protecci\u00f3n respiratoria y gafas de seguridad al mezclar el e-l\u00edquido.<\/div>\n<div><\/div>\n<div>Traducido con www.DeepL.com\/Translator (versi\u00f3n gratuita)<\/div>","protected":false},"excerpt":{"rendered":"<p>Una mezcla \u00fanica de aromas de bayas dulces con toques de an\u00eds y eucalipto. Totalmente nuevo. Inspirado en el paladar europeo. <strong><span style=\"color: #ff0000;\">No vaporizar sin diluir.<\/span><\/strong><\/p>","protected":false},"featured_media":23074,"comment_status":"open","ping_status":"closed","template":"","meta":{"_acf_changed":false,"_genesis_hide_title":false,"_genesis_hide_breadcrumbs":false,"_genesis_hide_singular_image":false,"_genesis_hide_footer_widgets":false,"_genesis_custom_body_class":"","_genesis_custom_post_class":"","_genesis_layout":""},"product_brand":[],"product_cat":[398,573],"product_tag":[],"class_list":{"1":"product","2":"type-product","6":"product_cat-capella-flavours-for-self-mixing-10-30-and-50-ml","7":"product_cat-flavours-for-e-liquid-mixing","8":"entry","10":"first","11":"instock","12":"taxable","13":"shipping-taxable","14":"purchasable","15":"product-type-variable"},"acf":[],"_links":{"self":[{"href":"https:\/\/eliquidnicotine.co.uk\/es\/wp-json\/wp\/v2\/product\/22874","targetHints":{"allow":["GET"]}}],"collection":[{"href":"https:\/\/eliquidnicotine.co.uk\/es\/wp-json\/wp\/v2\/product"}],"about":[{"href":"https:\/\/eliquidnicotine.co.uk\/es\/wp-json\/wp\/v2\/types\/product"}],"replies":[{"embeddable":true,"href":"https:\/\/eliquidnicotine.co.uk\/es\/wp-json\/wp\/v2\/comments?post=22874"}],"wp:featuredmedia":[{"embeddable":true,"href":"https:\/\/eliquidnicotine.co.uk\/es\/wp-json\/wp\/v2\/media\/23074"}],"wp:attachment":[{"href":"https:\/\/eliquidnicotine.co.uk\/es\/wp-json\/wp\/v2\/media?parent=22874"}],"wp:term":[{"taxonomy":"product_brand","embeddable":true,"href":"https:\/\/eliquidnicotine.co.uk\/es\/wp-json\/wp\/v2\/product_brand?post=22874"},{"taxonomy":"product_cat","embeddable":true,"href":"https:\/\/eliquidnicotine.co.uk\/es\/wp-json\/wp\/v2\/product_cat?post=22874"},{"taxonomy":"product_tag","embeddable":true,"href":"https:\/\/eliquidnicotine.co.uk\/es\/wp-json\/wp\/v2\/product_tag?post=22874"}],"curies":[{"name":"wp","href":"https:\/\/api.w.org\/{rel}","templated":true}]}}