{"id":23624,"date":"2022-05-24T13:11:36","date_gmt":"2022-05-24T13:11:36","guid":{"rendered":"https:\/\/eliquidnicotine.co.uk\/?post_type=product&#038;p=23624"},"modified":"2025-04-02T15:30:07","modified_gmt":"2025-04-02T14:30:07","slug":"capella-pink-punch","status":"publish","type":"product","link":"https:\/\/eliquidnicotine.co.uk\/es\/shop\/capella-rosa-punetazo\/","title":{"rendered":"Capella Ponche Rosa"},"content":{"rendered":"<p>Prueba Pink Punch para saciar tu sed con esta mezcla de frambuesa, pi\u00f1a, lim\u00f3n y un fresco final de eucalipto. Totalmente nuevo. Inspirado en el paladar europeo.<\/p>\n<p>Porcentaje de mezcla recomendado: 15%.<\/p>\n<p>Tiempo de infusi\u00f3n recomendado: 1 semana<\/p>\n<p>Los concentrados Capella se encuentran entre los mejores del mundo y gozan de una merecida reputaci\u00f3n entre los vapers DIY. El nombre Capella es mundialmente conocido por su amplia gama de sabores de gran sabor, elaborados con los mejores ingredientes en sus instalaciones de producci\u00f3n de California, EE.UU.. Todos los concentrados de sabores Capella cumplen las normas m\u00e1s estrictas de calidad y pureza exigidas por el estado de California.<\/p>\n<p>Ingredientes<br \/>\nAromas naturales y artificiales, propilenglicol.<\/p>\n<p>Notas<br \/>\nRecomendamos mezclar la mayor\u00eda de los concentrados de Capella con aproximadamente 15% inicialmente y luego ajustar a su gusto personal.<br \/>\nTodos los concentrados de Capella son a base de PG.<br \/>\nCompramos tama\u00f1os de gal\u00f3n directamente a Capella (en EE.UU.) y los transferimos aqu\u00ed en el Reino Unido a tama\u00f1os de botella de 10 ml, 100 ml y 500 ml.<br \/>\nPuede haber notables diferencias de color entre distintos lotes del mismo sabor. Se trata de un resultado natural del proceso de creaci\u00f3n del sabor.<br \/>\nEste es un aromatizante concentrado para mezclar en e-l\u00edquidos DIY. No debe vaporizarse sin diluir. Todos los concentrados de sabor Capella son a base de PG.<br \/>\nSalud y seguridad<\/p>\n<p>Recomendamos llevar ropa de protecci\u00f3n adecuada, guantes resistentes a productos qu\u00edmicos, protecci\u00f3n respiratoria y gafas de seguridad al mezclar el e-l\u00edquido.<\/p>","protected":false},"excerpt":{"rendered":"<p>Prueba Pink Punch para saciar tu sed con esta mezcla de frambuesa, pi\u00f1a, lim\u00f3n y un fresco final de eucalipto. Totalmente nuevo. Inspirado en el paladar europeo.<br \/>\n<span style=\"color: #ff0000;\">No vaporizar sin diluir<\/span><\/p>","protected":false},"featured_media":26221,"comment_status":"open","ping_status":"closed","template":"","meta":{"_acf_changed":false,"_genesis_hide_title":false,"_genesis_hide_breadcrumbs":false,"_genesis_hide_singular_image":false,"_genesis_hide_footer_widgets":false,"_genesis_custom_body_class":"","_genesis_custom_post_class":"","_genesis_layout":""},"product_brand":[],"product_cat":[398,573],"product_tag":[],"class_list":{"1":"product","2":"type-product","6":"product_cat-capella-flavours-for-self-mixing-10-30-and-50-ml","7":"product_cat-flavours-for-e-liquid-mixing","8":"entry","10":"first","11":"outofstock","12":"taxable","13":"shipping-taxable","14":"purchasable","15":"product-type-variable"},"acf":[],"_links":{"self":[{"href":"https:\/\/eliquidnicotine.co.uk\/es\/wp-json\/wp\/v2\/product\/23624","targetHints":{"allow":["GET"]}}],"collection":[{"href":"https:\/\/eliquidnicotine.co.uk\/es\/wp-json\/wp\/v2\/product"}],"about":[{"href":"https:\/\/eliquidnicotine.co.uk\/es\/wp-json\/wp\/v2\/types\/product"}],"replies":[{"embeddable":true,"href":"https:\/\/eliquidnicotine.co.uk\/es\/wp-json\/wp\/v2\/comments?post=23624"}],"wp:featuredmedia":[{"embeddable":true,"href":"https:\/\/eliquidnicotine.co.uk\/es\/wp-json\/wp\/v2\/media\/26221"}],"wp:attachment":[{"href":"https:\/\/eliquidnicotine.co.uk\/es\/wp-json\/wp\/v2\/media?parent=23624"}],"wp:term":[{"taxonomy":"product_brand","embeddable":true,"href":"https:\/\/eliquidnicotine.co.uk\/es\/wp-json\/wp\/v2\/product_brand?post=23624"},{"taxonomy":"product_cat","embeddable":true,"href":"https:\/\/eliquidnicotine.co.uk\/es\/wp-json\/wp\/v2\/product_cat?post=23624"},{"taxonomy":"product_tag","embeddable":true,"href":"https:\/\/eliquidnicotine.co.uk\/es\/wp-json\/wp\/v2\/product_tag?post=23624"}],"curies":[{"name":"wp","href":"https:\/\/api.w.org\/{rel}","templated":true}]}}