{"id":23625,"date":"2022-05-24T12:52:09","date_gmt":"2022-05-24T11:52:09","guid":{"rendered":"https:\/\/eliquidnicotine.co.uk\/?post_type=product&#038;p=23625"},"modified":"2025-04-02T15:25:40","modified_gmt":"2025-04-02T14:25:40","slug":"pistachio-tpa-tfa","status":"publish","type":"product","link":"https:\/\/eliquidnicotine.co.uk\/es\/shop\/pistacho-tpa-tfa\/","title":{"rendered":"Pistacho TPA\/TFA"},"content":{"rendered":"<p>Perfumer's Apprentice Pistachio Concentrate reproduce fielmente el delicioso sabor de los pistachos suaves, ricos y cremosos. Este concentrado arom\u00e1tico tiene un sabor a pistacho tan bueno que puede utilizarlo f\u00e1cilmente como producto independiente, pero es importante infusionar este sabor, ya que realmente necesita una semana entera para desarrollarse adecuadamente. El concentrado de pistacho Perfumer's Apprentice es un ingrediente extremadamente vers\u00e1til que complementa sabores de panader\u00eda, postres e incluso tabaco, por lo que deber\u00eda tenerlo en su armario de mezclas. Una receta sencilla es a\u00f1adirlo al helado de vainilla para hacer un e-l\u00edquido maravillosamente suave y delicioso.<\/p>\n<p>Porcentaje recomendado: 5 - 10%<\/p>\n<p>Tiempo de infusi\u00f3n recomendado: 1 - 2 semanas<\/p>\n<p>Los concentrados de aroma Perfumer's Apprentice son algunos de los mejores del mundo, con una reputaci\u00f3n fiable y bien merecida entre los vapeadores DIY. Fundada en 2004 en Santa Cruz, California, Perfumers Apprentice elabora sus concentrados de sabor utilizando \u00fanicamente los mejores ingredientes, todos ellos de calidad alimentaria certificada y que cumplen las normas de calidad y pureza m\u00e1s estrictas del estado de California.<\/p>\n<p>Ingredientes<br \/>\nAromas artificiales, propilenglicol, agua.<\/p>\n<p>Notas<br \/>\nSe trata de un aroma concentrado mezclado en un e-l\u00edquido DIY. No debe fumarse sin diluir.<br \/>\nRecomendamos mezclar la mayor\u00eda de los concentrados de Perfumer's Apprentice con aproximadamente 5-10% inicialmente y luego ajustar a su gusto personal.<br \/>\nTodos los concentrados de Perfumer's Apprentice que comercializamos son a base de PG.<br \/>\nPuede haber notables diferencias de color entre distintos lotes del mismo sabor. Se trata de un resultado natural del proceso de creaci\u00f3n del aroma.<br \/>\nThe Perfumer's Apprentice y The Flavour Apprentice son la misma empresa y los productos son los mismos. Solo utilizamos el nombre de Perfumer's Apprentice porque es m\u00e1s conocido.<\/p>","protected":false},"excerpt":{"rendered":"<p>Perfumer's Apprentice Pistachio Concentrate reproduce fielmente el delicioso sabor de los pistachos suaves, ricos y cremosos.<br \/>\nPorcentaje recomendado: 5 - 10%<br \/>\nTiempo de infusi\u00f3n recomendado: 1 - 2 semanas<\/p>\n<p><span style=\"color: #ff0000;\">Se trata de un concentrado que no debe utilizarse sin diluir.<\/span><\/p>","protected":false},"featured_media":26217,"comment_status":"open","ping_status":"closed","template":"","meta":{"_acf_changed":false,"_genesis_hide_title":false,"_genesis_hide_breadcrumbs":false,"_genesis_hide_singular_image":false,"_genesis_hide_footer_widgets":false,"_genesis_custom_body_class":"","_genesis_custom_post_class":"","_genesis_layout":""},"product_brand":[],"product_cat":[573,243],"product_tag":[],"class_list":{"1":"product","2":"type-product","6":"product_cat-flavours-for-e-liquid-mixing","7":"product_cat-tpa-flavours-for-self-mixing","8":"entry","10":"first","11":"outofstock","12":"taxable","13":"shipping-taxable","14":"purchasable","15":"product-type-variable"},"acf":[],"_links":{"self":[{"href":"https:\/\/eliquidnicotine.co.uk\/es\/wp-json\/wp\/v2\/product\/23625","targetHints":{"allow":["GET"]}}],"collection":[{"href":"https:\/\/eliquidnicotine.co.uk\/es\/wp-json\/wp\/v2\/product"}],"about":[{"href":"https:\/\/eliquidnicotine.co.uk\/es\/wp-json\/wp\/v2\/types\/product"}],"replies":[{"embeddable":true,"href":"https:\/\/eliquidnicotine.co.uk\/es\/wp-json\/wp\/v2\/comments?post=23625"}],"wp:featuredmedia":[{"embeddable":true,"href":"https:\/\/eliquidnicotine.co.uk\/es\/wp-json\/wp\/v2\/media\/26217"}],"wp:attachment":[{"href":"https:\/\/eliquidnicotine.co.uk\/es\/wp-json\/wp\/v2\/media?parent=23625"}],"wp:term":[{"taxonomy":"product_brand","embeddable":true,"href":"https:\/\/eliquidnicotine.co.uk\/es\/wp-json\/wp\/v2\/product_brand?post=23625"},{"taxonomy":"product_cat","embeddable":true,"href":"https:\/\/eliquidnicotine.co.uk\/es\/wp-json\/wp\/v2\/product_cat?post=23625"},{"taxonomy":"product_tag","embeddable":true,"href":"https:\/\/eliquidnicotine.co.uk\/es\/wp-json\/wp\/v2\/product_tag?post=23625"}],"curies":[{"name":"wp","href":"https:\/\/api.w.org\/{rel}","templated":true}]}}