{"id":23908,"date":"2022-05-20T12:44:40","date_gmt":"2022-05-20T12:44:40","guid":{"rendered":"https:\/\/eliquidnicotine.co.uk\/?post_type=product&#038;p=23908"},"modified":"2025-04-02T15:25:35","modified_gmt":"2025-04-02T14:25:35","slug":"vanilla-swirl-tpa","status":"publish","type":"product","link":"https:\/\/eliquidnicotine.co.uk\/es\/shop\/vainilla-swirl-tpa\/","title":{"rendered":"Vainilla Swirl TPA"},"content":{"rendered":"<p>Perfumer's Apprentice Vanilla Swirl Concentrate tiene un aroma maravillosamente rico con un cremoso sabor a vainilla. Una alternativa al popular Vanilla Custard de The Perfumer's Apprentice, este aroma no contiene notas de vainilla que podr\u00edan formar acetonas (aceto\u00edna, diacetilo y acetilpropionilo). Para muchos usuarios, Capella es el rey de los sabores de natillas, pero otros encuentran que este sabor de natillas de Perfumer's Apprentice es mejor, ya que sus notas de vainilla son ligeramente m\u00e1s pronunciadas. Como ocurre con todos los sabores, el gusto es subjetivo, pero descubrir\u00e1 que se trata de un concentrado maravillosamente suave y dulce que puede utilizarse en una gran variedad de recetas de pasteles o postres, a los que aportar\u00e1 un sabor a vainilla suave y cremoso sin necesidad de pudding.<\/p>\n<p>Porcentaje recomendado: 5 - 10%<\/p>\n<p>Tiempo de infusi\u00f3n recomendado: 1 - 4 semanas<\/p>\n<p>El Vanilla Custard original de Perfumer's Apprentice puede encontrarse aqu\u00ed.<\/p>\n<p>Los concentrados de aroma Perfumer's Apprentice son unos de los mejores del mundo y gozan de una reputaci\u00f3n merecida y de confianza entre los vapeadores aficionados. Fundada en 2004 en Santa Cruz, California, Perfumer's Apprentice utiliza s\u00f3lo los mejores ingredientes en la producci\u00f3n de sus concentrados de sabor, todos los cuales est\u00e1n certificados de grado alimenticio y cumplen con las normas m\u00e1s estrictas de calidad y pureza en el estado de California.<\/p>\n<p>&nbsp;<\/p>\n<p>Ingredientes<\/p>\n<p>Aromas artificiales, propilenglicol, agua.<\/p>\n<p>Notas<br \/>\nSe trata de un aroma concentrado mezclado en un e-l\u00edquido DIY. No debe fumarse sin diluir.<br \/>\nRecomendamos mezclar la mayor\u00eda de los concentrados de Perfumer's Apprentice con aproximadamente 5-10% inicialmente y luego ajustar a su gusto personal.<br \/>\nTodos los concentrados Perfumer's Apprentice que ofrecemos son a base de PG.<br \/>\nPuede haber notables diferencias de color entre distintos lotes del mismo aroma. Se trata de un resultado natural del proceso de fabricaci\u00f3n del aroma.<br \/>\nThe Perfumer's Apprentice y The Flavour Apprentice son la misma empresa y los productos son los mismos. Solo utilizamos el nombre de Perfumer's Apprentice porque es m\u00e1s conocido.<\/p>\n<p>&nbsp;<\/p>","protected":false},"excerpt":{"rendered":"<p>Perfumer's Apprentice Vanilla Swirl Concentrate tiene un aroma maravillosamente rico con un cremoso sabor a vainilla, una alternativa a TPA Vanilla Custard.<br \/>\nPorcentaje recomendado: 5 - 10%<br \/>\nTiempo de elaboraci\u00f3n recomendado: 1 - 4 semanas<br \/>\n<span style=\"color: #ff0000;\">Se trata de un concentrado que no debe utilizarse sin diluir.<\/span><\/p>","protected":false},"featured_media":26144,"comment_status":"open","ping_status":"closed","template":"","meta":{"_acf_changed":false,"_genesis_hide_title":false,"_genesis_hide_breadcrumbs":false,"_genesis_hide_singular_image":false,"_genesis_hide_footer_widgets":false,"_genesis_custom_body_class":"","_genesis_custom_post_class":"","_genesis_layout":""},"product_brand":[],"product_cat":[573,243],"product_tag":[],"class_list":{"1":"product","2":"type-product","6":"product_cat-flavours-for-e-liquid-mixing","7":"product_cat-tpa-flavours-for-self-mixing","8":"entry","10":"first","11":"outofstock","12":"taxable","13":"shipping-taxable","14":"purchasable","15":"product-type-variable"},"acf":[],"_links":{"self":[{"href":"https:\/\/eliquidnicotine.co.uk\/es\/wp-json\/wp\/v2\/product\/23908","targetHints":{"allow":["GET"]}}],"collection":[{"href":"https:\/\/eliquidnicotine.co.uk\/es\/wp-json\/wp\/v2\/product"}],"about":[{"href":"https:\/\/eliquidnicotine.co.uk\/es\/wp-json\/wp\/v2\/types\/product"}],"replies":[{"embeddable":true,"href":"https:\/\/eliquidnicotine.co.uk\/es\/wp-json\/wp\/v2\/comments?post=23908"}],"wp:featuredmedia":[{"embeddable":true,"href":"https:\/\/eliquidnicotine.co.uk\/es\/wp-json\/wp\/v2\/media\/26144"}],"wp:attachment":[{"href":"https:\/\/eliquidnicotine.co.uk\/es\/wp-json\/wp\/v2\/media?parent=23908"}],"wp:term":[{"taxonomy":"product_brand","embeddable":true,"href":"https:\/\/eliquidnicotine.co.uk\/es\/wp-json\/wp\/v2\/product_brand?post=23908"},{"taxonomy":"product_cat","embeddable":true,"href":"https:\/\/eliquidnicotine.co.uk\/es\/wp-json\/wp\/v2\/product_cat?post=23908"},{"taxonomy":"product_tag","embeddable":true,"href":"https:\/\/eliquidnicotine.co.uk\/es\/wp-json\/wp\/v2\/product_tag?post=23908"}],"curies":[{"name":"wp","href":"https:\/\/api.w.org\/{rel}","templated":true}]}}