{"id":23909,"date":"2022-05-20T11:52:14","date_gmt":"2022-05-20T11:52:14","guid":{"rendered":"https:\/\/eliquidnicotine.co.uk\/?post_type=product&#038;p=23909"},"modified":"2025-04-02T15:25:29","modified_gmt":"2025-04-02T14:25:29","slug":"brown-sugar-tpa","status":"publish","type":"product","link":"https:\/\/eliquidnicotine.co.uk\/es\/shop\/azucar-moreno-tpa\/","title":{"rendered":"Az\u00facar moreno TPA"},"content":{"rendered":"<p>El Concentrado de Az\u00facar Moreno Perfumer's Apprentice es ideal para mezclar en recetas de e-l\u00edquidos de postre, donde a\u00f1ade un dulzor rico y oscuro. A\u00f1adir un poco de este vers\u00e1til concentrado puede realmente proporcionar el toque final perfecto a muchas mezclas DIY - especialmente panader\u00eda y pasteler\u00eda. Pruebe el Concentrado de Az\u00facar Moreno Perfumer's Apprentice para a\u00f1adirlo a recetas de manzana, canela o incluso caf\u00e9 - a\u00f1adir\u00e1 un delicioso y dulce sabor a sus e-l\u00edquidos, pero aseg\u00farese de usarlo con moderaci\u00f3n al principio, ya que un poco da para mucho.<\/p>\n<p>Porcentaje recomendado: 3-5%<\/p>\n<p>Tiempo de infusi\u00f3n recomendado: 1-3 semanas<\/p>\n<p>Los concentrados de aroma de Perfumer's Apprentice son algunos de los mejores del mundo y tienen una reputaci\u00f3n fiable y bien merecida entre los vapeadores DIY. Fundada en 2004 en Santa Cruz, California, Perfumers Apprentice elabora sus concentrados de sabor utilizando \u00fanicamente los mejores ingredientes, todos ellos de calidad alimentaria certificada y que cumplen las normas de calidad y pureza m\u00e1s estrictas del estado de California.<\/p>\n<p>Ingredientes<br \/>\nAromas artificiales, propilenglicol, aceto\u00edna, acetilpropionil.<\/p>\n<p>Notas<br \/>\nSe trata de un aroma concentrado mezclado en un e-l\u00edquido DIY. No debe vaporizarse sin diluir.<br \/>\nRecomendamos mezclar la mayor\u00eda de los concentrados de Perfumer's Apprentice con aproximadamente 5-10% inicialmente y luego ajustar a su gusto personal.<br \/>\nTodos los concentrados Perfumer's Apprentice que ofrecemos son a base de PG.<br \/>\nPuede haber notables diferencias de color entre distintos lotes del mismo aroma. Se trata de un resultado natural del proceso de producci\u00f3n del sabor.<br \/>\nThe Perfumer's Apprentice y The Flavour Apprentice son la misma empresa y los productos son los mismos. Solo utilizamos el nombre de Perfumer's Apprentice porque es m\u00e1s conocido.<\/p>\n<p>&nbsp;<\/p>","protected":false},"excerpt":{"rendered":"<p>Perfumer's Apprentice Brown Sugar Concentrate funciona bien para mezclar en recetas de e-l\u00edquidos de postre donde a\u00f1ade un dulzor rico y oscuro.<br \/>\nPorcentaje recomendado: 3-5%<br \/>\nTiempo de infusi\u00f3n recomendado: 1-3 semanas<br \/>\n<span style=\"color: #ff0000;\">Se trata de un concentrado que no debe utilizarse sin diluir.<\/span><\/p>","protected":false},"featured_media":26140,"comment_status":"open","ping_status":"closed","template":"","meta":{"_acf_changed":false,"_genesis_hide_title":false,"_genesis_hide_breadcrumbs":false,"_genesis_hide_singular_image":false,"_genesis_hide_footer_widgets":false,"_genesis_custom_body_class":"","_genesis_custom_post_class":"","_genesis_layout":""},"product_brand":[],"product_cat":[573,243],"product_tag":[],"class_list":{"1":"product","2":"type-product","6":"product_cat-flavours-for-e-liquid-mixing","7":"product_cat-tpa-flavours-for-self-mixing","8":"entry","10":"first","11":"outofstock","12":"taxable","13":"shipping-taxable","14":"purchasable","15":"product-type-variable"},"acf":[],"_links":{"self":[{"href":"https:\/\/eliquidnicotine.co.uk\/es\/wp-json\/wp\/v2\/product\/23909","targetHints":{"allow":["GET"]}}],"collection":[{"href":"https:\/\/eliquidnicotine.co.uk\/es\/wp-json\/wp\/v2\/product"}],"about":[{"href":"https:\/\/eliquidnicotine.co.uk\/es\/wp-json\/wp\/v2\/types\/product"}],"replies":[{"embeddable":true,"href":"https:\/\/eliquidnicotine.co.uk\/es\/wp-json\/wp\/v2\/comments?post=23909"}],"wp:featuredmedia":[{"embeddable":true,"href":"https:\/\/eliquidnicotine.co.uk\/es\/wp-json\/wp\/v2\/media\/26140"}],"wp:attachment":[{"href":"https:\/\/eliquidnicotine.co.uk\/es\/wp-json\/wp\/v2\/media?parent=23909"}],"wp:term":[{"taxonomy":"product_brand","embeddable":true,"href":"https:\/\/eliquidnicotine.co.uk\/es\/wp-json\/wp\/v2\/product_brand?post=23909"},{"taxonomy":"product_cat","embeddable":true,"href":"https:\/\/eliquidnicotine.co.uk\/es\/wp-json\/wp\/v2\/product_cat?post=23909"},{"taxonomy":"product_tag","embeddable":true,"href":"https:\/\/eliquidnicotine.co.uk\/es\/wp-json\/wp\/v2\/product_tag?post=23909"}],"curies":[{"name":"wp","href":"https:\/\/api.w.org\/{rel}","templated":true}]}}