{"id":25154,"date":"2022-05-20T11:14:08","date_gmt":"2022-05-20T11:14:08","guid":{"rendered":"https:\/\/eliquidnicotine.co.uk\/?post_type=product&#038;p=25154"},"modified":"2025-04-02T15:30:03","modified_gmt":"2025-04-02T14:30:03","slug":"capella-juicy-peach","status":"publish","type":"product","link":"https:\/\/eliquidnicotine.co.uk\/es\/shop\/capella-juicy-melocoton\/","title":{"rendered":"Capella Melocot\u00f3n jugoso"},"content":{"rendered":"<p>Capella Juicy Peach Concentrate ofrece el aut\u00e9ntico sabor de los perfumes frescos, suaves y sabrosos. Disfrutar de un sabor afrutado y suave es una de las mayores alegr\u00edas de la vida, y el concentrado de sabor a melocot\u00f3n Capella Juicy Peach reproduce este sabor a la perfecci\u00f3n, \u00a1hasta el punto de que el hombre puede disfrutar del sabor de la fruta! Este concentrado es un producto \u00fanico, pero tambi\u00e9n se puede utilizar para elaborar una gran variedad de recetas de Pfirsicharoma. Provi\u00e9rtalo con Capella Vanilleeis- und Himbeerkonzentraten, para obtener una deliciosa Melba de Pfirsch, o utilice Capella Sugar Cookie, para crear un Crumble de Pfirsch.<\/p>\n<p>Empfohlener Mischungsprozentsatz: 15%<\/p>\n<p>Empfohlene Ziehzeit: Shake n' Vape<\/p>\n<p>Los Zumos Capella se encuentran entre los mejores del mundo y ofrecen una experiencia inolvidable entre los vaporizadores de bricolaje. El nombre Capella es conocido en todo el mundo por su gran variedad de aromas arom\u00e1ticos de gran calidad, elaborados con los mejores ingredientes en su f\u00e1brica de Kalifornia, EE.UU.. Todos los centros de aromatizaci\u00f3n de Capella cumplen las estrictas normas de calidad y seguridad establecidas por el Estado de California.<\/p>\n<p>Inhaltsstoffe<\/p>\n<p>Nat\u00fcrliche und k\u00fcnstliche Aromastoffe, Propylenglykol, Wasser.<\/p>\n<p>Anmerkungen<\/p>\n<p>Wir empfehlen, die meisten Capella-Konzentrate anfangs mit ca. 15% zu mischen und dann nach Ihrem pers\u00f6nlichen Geschmack anzupassen.<br \/>\nTodos los centros de Capella est\u00e1n equipados con PG.<br \/>\nEs posible que se produzcan diferencias de color entre las distintas cargas de los aromas. Este es un resultado natural del proceso de aromatizaci\u00f3n.<br \/>\nEste es un aroma \u00fanico para mezclar en DIY-E-Liquid. No se puede dejar sin humedecer. Todos los componentes arom\u00e1ticos de Capella son a base de PG.<br \/>\nSalud y seguridad<\/p>\n<p>Recomendamos el uso de una toallita de protecci\u00f3n adecuada, fundas de manos qu\u00edmicamente mejoradas, protecci\u00f3n de los ojos y una toallita de protecci\u00f3n para el uso de E-l\u00edquidos.<\/p>","protected":false},"excerpt":{"rendered":"<p>El concentrado de melocot\u00f3n jugoso Capella ofrece el aut\u00e9ntico sabor de los melocotones reci\u00e9n recolectados, dulces y jugosos. <span style=\"color: #ff0000;\">No vaporizar sin diluir<\/span><\/p>","protected":false},"featured_media":25985,"comment_status":"open","ping_status":"closed","template":"","meta":{"_acf_changed":false,"_genesis_hide_title":false,"_genesis_hide_breadcrumbs":false,"_genesis_hide_singular_image":false,"_genesis_hide_footer_widgets":false,"_genesis_custom_body_class":"","_genesis_custom_post_class":"","_genesis_layout":""},"product_brand":[],"product_cat":[398,573],"product_tag":[],"class_list":{"1":"product","2":"type-product","6":"product_cat-capella-flavours-for-self-mixing-10-30-and-50-ml","7":"product_cat-flavours-for-e-liquid-mixing","8":"entry","10":"first","11":"instock","12":"taxable","13":"shipping-taxable","14":"purchasable","15":"product-type-variable"},"acf":[],"_links":{"self":[{"href":"https:\/\/eliquidnicotine.co.uk\/es\/wp-json\/wp\/v2\/product\/25154","targetHints":{"allow":["GET"]}}],"collection":[{"href":"https:\/\/eliquidnicotine.co.uk\/es\/wp-json\/wp\/v2\/product"}],"about":[{"href":"https:\/\/eliquidnicotine.co.uk\/es\/wp-json\/wp\/v2\/types\/product"}],"replies":[{"embeddable":true,"href":"https:\/\/eliquidnicotine.co.uk\/es\/wp-json\/wp\/v2\/comments?post=25154"}],"wp:featuredmedia":[{"embeddable":true,"href":"https:\/\/eliquidnicotine.co.uk\/es\/wp-json\/wp\/v2\/media\/25985"}],"wp:attachment":[{"href":"https:\/\/eliquidnicotine.co.uk\/es\/wp-json\/wp\/v2\/media?parent=25154"}],"wp:term":[{"taxonomy":"product_brand","embeddable":true,"href":"https:\/\/eliquidnicotine.co.uk\/es\/wp-json\/wp\/v2\/product_brand?post=25154"},{"taxonomy":"product_cat","embeddable":true,"href":"https:\/\/eliquidnicotine.co.uk\/es\/wp-json\/wp\/v2\/product_cat?post=25154"},{"taxonomy":"product_tag","embeddable":true,"href":"https:\/\/eliquidnicotine.co.uk\/es\/wp-json\/wp\/v2\/product_tag?post=25154"}],"curies":[{"name":"wp","href":"https:\/\/api.w.org\/{rel}","templated":true}]}}