{"id":25425,"date":"2022-04-22T11:51:22","date_gmt":"2022-04-22T11:51:22","guid":{"rendered":"https:\/\/eliquidnicotine.co.uk\/?post_type=product&#038;p=25425"},"modified":"2025-06-17T15:15:33","modified_gmt":"2025-06-17T14:15:33","slug":"genuine-oriental","status":"publish","type":"product","link":"https:\/\/eliquidnicotine.co.uk\/es\/shop\/genuino-oriental\/","title":{"rendered":"Aut\u00e9ntico oriental"},"content":{"rendered":"","protected":false},"excerpt":{"rendered":"<p>10 ml de aut\u00e9ntico extracto de tabaco oriental para e-l\u00edquido.<br \/>\nEl tabaco oriental, o tabaco turco, es una variedad de tabaco. Es especialmente conocida por sus aromas m\u00e1s pronunciados que otras variedades de tabaco. Es una variedad de hojas peque\u00f1as, secadas al sol. Hist\u00f3ricamente se cultivaba en Tracia y Macedonia ; su cultivo se extiende ahora desde las costas griegas Turqu\u00eda hasta el Mar Negro , incluyendo Bulgaria y el norte de Macedonia . El tabaco oriental tambi\u00e9n se cultiva en Egipto y Sud\u00e1frica. El sabor es dulcemente pesado, sudoroso y herb\u00e1ceo.<\/p>","protected":false},"featured_media":25406,"comment_status":"open","ping_status":"closed","template":"","meta":{"_acf_changed":false,"_genesis_hide_title":false,"_genesis_hide_breadcrumbs":false,"_genesis_hide_singular_image":false,"_genesis_hide_footer_widgets":false,"_genesis_custom_body_class":"","_genesis_custom_post_class":"","_genesis_layout":""},"product_brand":[],"product_cat":[570],"product_tag":[],"class_list":{"1":"product","2":"type-product","6":"product_cat-genuine-tobacco-extract","7":"entry","9":"first","10":"outofstock","11":"taxable","12":"shipping-taxable","13":"product-type-simple"},"acf":[],"_links":{"self":[{"href":"https:\/\/eliquidnicotine.co.uk\/es\/wp-json\/wp\/v2\/product\/25425","targetHints":{"allow":["GET"]}}],"collection":[{"href":"https:\/\/eliquidnicotine.co.uk\/es\/wp-json\/wp\/v2\/product"}],"about":[{"href":"https:\/\/eliquidnicotine.co.uk\/es\/wp-json\/wp\/v2\/types\/product"}],"replies":[{"embeddable":true,"href":"https:\/\/eliquidnicotine.co.uk\/es\/wp-json\/wp\/v2\/comments?post=25425"}],"wp:featuredmedia":[{"embeddable":true,"href":"https:\/\/eliquidnicotine.co.uk\/es\/wp-json\/wp\/v2\/media\/25406"}],"wp:attachment":[{"href":"https:\/\/eliquidnicotine.co.uk\/es\/wp-json\/wp\/v2\/media?parent=25425"}],"wp:term":[{"taxonomy":"product_brand","embeddable":true,"href":"https:\/\/eliquidnicotine.co.uk\/es\/wp-json\/wp\/v2\/product_brand?post=25425"},{"taxonomy":"product_cat","embeddable":true,"href":"https:\/\/eliquidnicotine.co.uk\/es\/wp-json\/wp\/v2\/product_cat?post=25425"},{"taxonomy":"product_tag","embeddable":true,"href":"https:\/\/eliquidnicotine.co.uk\/es\/wp-json\/wp\/v2\/product_tag?post=25425"}],"curies":[{"name":"wp","href":"https:\/\/api.w.org\/{rel}","templated":true}]}}