{"id":25574,"date":"2022-04-26T14:10:33","date_gmt":"2022-04-26T14:10:33","guid":{"rendered":"https:\/\/eliquidnicotine.co.uk\/?post_type=product&#038;p=25574"},"modified":"2024-08-31T12:15:24","modified_gmt":"2024-08-31T11:15:24","slug":"dvtch-double-apple-650-puffs","status":"publish","type":"product","link":"https:\/\/eliquidnicotine.co.uk\/es\/shop\/dvtch-doble-manzana-650-puffs\/","title":{"rendered":"DVTCH Doble Manzana 650 Puffs"},"content":{"rendered":"<p>Los cigarrillos electr\u00f3nicos desechables DVTCH no son recargables ni rellenables. El cigarrillo electr\u00f3nico tiene una capacidad de 2 ml y se rellena con e-l\u00edquido de sales de nicotina. El cigarrillo electr\u00f3nico dura unas 650 caladas. Adem\u00e1s, el e-cigarrillo est\u00e1 equipado con un mecanismo de encendido autom\u00e1tico, la bater\u00eda se enciende tan pronto como se inhala. Durante la inhalaci\u00f3n, se encender\u00e1 una luz, es el indicador de bater\u00eda. Cuando el indicador de bater\u00eda parpadea, la bater\u00eda est\u00e1 vac\u00eda. Cuando la c\u00e1psula o la pila est\u00e9n vac\u00edas, deber\u00e1 desechar todo el cigarrillo electr\u00f3nico.<br \/>\nLos cigarrillos electr\u00f3nicos desechables DVTCH Amsterdam se fabrican en Europa y se entregan con un prospecto como gu\u00eda para el uso correcto de este producto.<br \/>\n*Este producto contiene aromas artificiales para conseguir el sabor.<\/p>","protected":false},"excerpt":{"rendered":"<p>DVTCH Amsterdam - Doble Manzana (1 unidad = 20mg\/ml)<br \/>\nDescripci\u00f3n del aroma (fabricante): una combinaci\u00f3n de manzanas verdes y rojas<br \/>\nContenido de nicotina: 20mg\/ml<\/p>","protected":false},"featured_media":27460,"comment_status":"open","ping_status":"closed","template":"","meta":{"_acf_changed":false,"_genesis_hide_title":false,"_genesis_hide_breadcrumbs":false,"_genesis_hide_singular_image":false,"_genesis_hide_footer_widgets":false,"_genesis_custom_body_class":"","_genesis_custom_post_class":"","_genesis_layout":""},"product_brand":[],"product_cat":[587,590],"product_tag":[],"class_list":{"1":"product","2":"type-product","6":"product_cat-disposables","7":"product_cat-dvtch","8":"entry","10":"first","11":"outofstock","12":"taxable","13":"shipping-taxable","14":"product-type-variable"},"acf":[],"_links":{"self":[{"href":"https:\/\/eliquidnicotine.co.uk\/es\/wp-json\/wp\/v2\/product\/25574","targetHints":{"allow":["GET"]}}],"collection":[{"href":"https:\/\/eliquidnicotine.co.uk\/es\/wp-json\/wp\/v2\/product"}],"about":[{"href":"https:\/\/eliquidnicotine.co.uk\/es\/wp-json\/wp\/v2\/types\/product"}],"replies":[{"embeddable":true,"href":"https:\/\/eliquidnicotine.co.uk\/es\/wp-json\/wp\/v2\/comments?post=25574"}],"wp:featuredmedia":[{"embeddable":true,"href":"https:\/\/eliquidnicotine.co.uk\/es\/wp-json\/wp\/v2\/media\/27460"}],"wp:attachment":[{"href":"https:\/\/eliquidnicotine.co.uk\/es\/wp-json\/wp\/v2\/media?parent=25574"}],"wp:term":[{"taxonomy":"product_brand","embeddable":true,"href":"https:\/\/eliquidnicotine.co.uk\/es\/wp-json\/wp\/v2\/product_brand?post=25574"},{"taxonomy":"product_cat","embeddable":true,"href":"https:\/\/eliquidnicotine.co.uk\/es\/wp-json\/wp\/v2\/product_cat?post=25574"},{"taxonomy":"product_tag","embeddable":true,"href":"https:\/\/eliquidnicotine.co.uk\/es\/wp-json\/wp\/v2\/product_tag?post=25574"}],"curies":[{"name":"wp","href":"https:\/\/api.w.org\/{rel}","templated":true}]}}