{"id":25885,"date":"2022-05-18T13:17:33","date_gmt":"2022-05-18T13:17:33","guid":{"rendered":"https:\/\/eliquidnicotine.co.uk\/?post_type=product&#038;p=25885"},"modified":"2025-04-02T15:29:50","modified_gmt":"2025-04-02T14:29:50","slug":"capella-lemon-lime","status":"publish","type":"product","link":"https:\/\/eliquidnicotine.co.uk\/es\/shop\/capella-lima-limon\/","title":{"rendered":"Capella Lim\u00f3n Lima"},"content":{"rendered":"<p>Capella Lemon Lime Concentrate es una mezcla refrescante y deliciosa de limones y limas frescos y picantes, que ofrece un equilibrio perfecto de los sabores distintivos de lim\u00f3n y lima. Usado como un sabor independiente, Capella Lemon Lime Concentrate puede ser un e-l\u00edquido efectivo para limpiar el paladar, ayudarte a combatir la lengua y dejar tu aliento con un olor fresco y c\u00edtrico. Junto con otros concentrados de sabor, Capella Lemon Lime a\u00f1ade una nota refrescante a tus e-l\u00edquidos; es perfecto para condimentar recetas de bebidas y frutas y tambi\u00e9n sabe delicioso en postres.<\/p>\n<p>Porcentaje de mezcla recomendado: 10%.<\/p>\n<p>Tiempo de reposo recomendado: 1 semana<\/p>\n<p>Los concentrados Capella se encuentran entre los mejores del mundo y gozan de una merecida reputaci\u00f3n entre los vapeadores aficionados. El nombre Capella es mundialmente conocido por una amplia gama de sabores de gran sabor elaborados con los mejores ingredientes en sus instalaciones de producci\u00f3n de California, EE.UU.. Todos los concentrados de sabores Capella cumplen las normas m\u00e1s estrictas de calidad y pureza establecidas por el estado de California.<\/p>\n<p>Ingredientes<\/p>\n<p>Aromas naturales y artificiales, propilenglicol, agua, alcohol.<\/p>\n<p>Notas<\/p>\n<p>Recomendamos mezclar la mayor\u00eda de los concentrados de Capella con aproximadamente 15% inicialmente y luego ajustar a su gusto personal.<br \/>\nTodos los concentrados de Capella son a base de PG.<br \/>\nPuede haber notables diferencias de color entre distintos lotes del mismo sabor. Se trata de un resultado natural del proceso de creaci\u00f3n del sabor.<br \/>\nEste es un sabor concentrado para mezclar en e-l\u00edquidos DIY. No debe vaporizarse sin diluir. Todos los concentrados de sabor Capella son a base de PG.<br \/>\nSalud y seguridad<\/p>\n<p>Recomendamos llevar ropa de protecci\u00f3n adecuada, guantes resistentes a productos qu\u00edmicos, protecci\u00f3n respiratoria y gafas de seguridad al mezclar el e-l\u00edquido.<\/p>","protected":false},"excerpt":{"rendered":"<p>El concentrado de lima-lim\u00f3n Capella es una mezcla refrescante y deliciosa de limones y limas frescos y sabrosos. <span style=\"color: #ff0000;\">No vaporizar sin diluir<\/span><\/p>","protected":false},"featured_media":25987,"comment_status":"open","ping_status":"closed","template":"","meta":{"_acf_changed":false,"_genesis_hide_title":false,"_genesis_hide_breadcrumbs":false,"_genesis_hide_singular_image":false,"_genesis_hide_footer_widgets":false,"_genesis_custom_body_class":"","_genesis_custom_post_class":"","_genesis_layout":""},"product_brand":[],"product_cat":[398,573],"product_tag":[],"class_list":{"1":"product","2":"type-product","6":"product_cat-capella-flavours-for-self-mixing-10-30-and-50-ml","7":"product_cat-flavours-for-e-liquid-mixing","8":"entry","10":"first","11":"instock","12":"taxable","13":"shipping-taxable","14":"purchasable","15":"product-type-variable"},"acf":[],"_links":{"self":[{"href":"https:\/\/eliquidnicotine.co.uk\/es\/wp-json\/wp\/v2\/product\/25885","targetHints":{"allow":["GET"]}}],"collection":[{"href":"https:\/\/eliquidnicotine.co.uk\/es\/wp-json\/wp\/v2\/product"}],"about":[{"href":"https:\/\/eliquidnicotine.co.uk\/es\/wp-json\/wp\/v2\/types\/product"}],"replies":[{"embeddable":true,"href":"https:\/\/eliquidnicotine.co.uk\/es\/wp-json\/wp\/v2\/comments?post=25885"}],"wp:featuredmedia":[{"embeddable":true,"href":"https:\/\/eliquidnicotine.co.uk\/es\/wp-json\/wp\/v2\/media\/25987"}],"wp:attachment":[{"href":"https:\/\/eliquidnicotine.co.uk\/es\/wp-json\/wp\/v2\/media?parent=25885"}],"wp:term":[{"taxonomy":"product_brand","embeddable":true,"href":"https:\/\/eliquidnicotine.co.uk\/es\/wp-json\/wp\/v2\/product_brand?post=25885"},{"taxonomy":"product_cat","embeddable":true,"href":"https:\/\/eliquidnicotine.co.uk\/es\/wp-json\/wp\/v2\/product_cat?post=25885"},{"taxonomy":"product_tag","embeddable":true,"href":"https:\/\/eliquidnicotine.co.uk\/es\/wp-json\/wp\/v2\/product_tag?post=25885"}],"curies":[{"name":"wp","href":"https:\/\/api.w.org\/{rel}","templated":true}]}}