{"id":26488,"date":"2022-06-08T15:21:04","date_gmt":"2022-06-08T15:21:04","guid":{"rendered":"https:\/\/eliquidnicotine.co.uk\/?post_type=product&#038;p=26488"},"modified":"2024-09-18T12:44:45","modified_gmt":"2024-09-18T11:44:45","slug":"genuine-burley-100-ml","status":"publish","type":"product","link":"https:\/\/eliquidnicotine.co.uk\/es\/shop\/genuino-burley-100-ml\/","title":{"rendered":"Burley aut\u00e9ntico 100 ML"},"content":{"rendered":"<p>El tabaco Burley es un tabaco ligero, dorado o amarillo, curado al aire. Aunque suele tener un color m\u00e1s claro que otros tipos de tabaco, su sabor es m\u00e1s denso, como el de un puro. Esto probablemente tenga que ver con el bajo contenido en az\u00facar del tabaco burley.<\/p>\n<p>A menudo se a\u00f1ade az\u00facar al tabaco burley para suavizar su intenso y oscuro sabor. Tambi\u00e9n se combina con otros tipos de tabaco para producir un humo mezclado, equilibrado y sabroso.<\/p>\n<p>Aunque la gente lleva siglos cultivando tabaco, el tabaco Burley no gan\u00f3 mucha popularidad hasta finales del siglo XIX. Sin embargo, pronto se prohibi\u00f3 en Canad\u00e1 por su contenido en az\u00facar.<\/p>\n<p>No es tan intenso como el tabaco turco, conocido en todo el mundo por su sabor, pero el tabaco Burley golpea mucho m\u00e1s fuerte que la mayor\u00eda de los tabacos flue-cured. Por esta raz\u00f3n, lo utilizan a menudo los entusiastas de la pipa que disfrutan de una fumada rica y profunda.<\/p>","protected":false},"excerpt":{"rendered":"<p>Genuine Burley 100 ml shortfill<br \/>\nAut\u00e9ntico e-l\u00edquido de extracto de tabaco<br \/>\n1 dosis = 2 mg\/ml<br \/>\n2 dosis = 4 mg\/ml<br \/>\n3 dosis = 6 mg\/ml<\/p>","protected":false},"featured_media":26477,"comment_status":"open","ping_status":"closed","template":"","meta":{"_acf_changed":false,"_genesis_hide_title":false,"_genesis_hide_breadcrumbs":false,"_genesis_hide_singular_image":false,"_genesis_hide_footer_widgets":false,"_genesis_custom_body_class":"","_genesis_custom_post_class":"","_genesis_layout":""},"product_brand":[],"product_cat":[588],"product_tag":[],"class_list":{"1":"product","2":"type-product","6":"product_cat-genuine-100-ml-shortfill","7":"entry","9":"first","10":"outofstock","11":"taxable","12":"shipping-taxable","13":"product-type-variable"},"acf":[],"_links":{"self":[{"href":"https:\/\/eliquidnicotine.co.uk\/es\/wp-json\/wp\/v2\/product\/26488","targetHints":{"allow":["GET"]}}],"collection":[{"href":"https:\/\/eliquidnicotine.co.uk\/es\/wp-json\/wp\/v2\/product"}],"about":[{"href":"https:\/\/eliquidnicotine.co.uk\/es\/wp-json\/wp\/v2\/types\/product"}],"replies":[{"embeddable":true,"href":"https:\/\/eliquidnicotine.co.uk\/es\/wp-json\/wp\/v2\/comments?post=26488"}],"wp:featuredmedia":[{"embeddable":true,"href":"https:\/\/eliquidnicotine.co.uk\/es\/wp-json\/wp\/v2\/media\/26477"}],"wp:attachment":[{"href":"https:\/\/eliquidnicotine.co.uk\/es\/wp-json\/wp\/v2\/media?parent=26488"}],"wp:term":[{"taxonomy":"product_brand","embeddable":true,"href":"https:\/\/eliquidnicotine.co.uk\/es\/wp-json\/wp\/v2\/product_brand?post=26488"},{"taxonomy":"product_cat","embeddable":true,"href":"https:\/\/eliquidnicotine.co.uk\/es\/wp-json\/wp\/v2\/product_cat?post=26488"},{"taxonomy":"product_tag","embeddable":true,"href":"https:\/\/eliquidnicotine.co.uk\/es\/wp-json\/wp\/v2\/product_tag?post=26488"}],"curies":[{"name":"wp","href":"https:\/\/api.w.org\/{rel}","templated":true}]}}