{"id":26571,"date":"2022-06-13T08:01:51","date_gmt":"2022-06-13T08:01:51","guid":{"rendered":"https:\/\/eliquidnicotine.co.uk\/?post_type=product&#038;p=26571"},"modified":"2024-09-18T12:44:45","modified_gmt":"2024-09-18T11:44:45","slug":"genuine-oriental-100-ml","status":"publish","type":"product","link":"https:\/\/eliquidnicotine.co.uk\/es\/shop\/genuino-oriental-100-ml\/","title":{"rendered":"Genuino Oriental 100 ML"},"content":{"rendered":"<p>Tabaco oriental Tambi\u00e9n llamado turco. El nombre \"turco\" hace referencia al Imperio Otomano.Tambi\u00e9n llamado tabaco turco. El nombre \"turco\" hace referencia al Imperio Otomano, que control\u00f3 las zonas de cultivo regionales entre los siglos XIX y XX. Es intensamente arom\u00e1tico y de hoja peque\u00f1a.<br \/>\nTabaco oriental Proceso de curado al sol<br \/>\nOriental utiliza el proceso de curado al sol. Tiene su origen en Bulgaria, Grecia y Turqu\u00eda, pero ahora tambi\u00e9n se cultiva en Egipto y Sud\u00e1frica.<br \/>\nEl proceso de curado al sol del tabaco oriental.<\/p>","protected":false},"excerpt":{"rendered":"<p>Genuine Oriental 100 ml Shortfill<br \/>\n1 dosis = 2 mg\/ml<br \/>\n2 dosis = 4 mg\/ml<br \/>\n3 dosis = 6 mg\/ml<\/p>","protected":false},"featured_media":26475,"comment_status":"open","ping_status":"closed","template":"","meta":{"_acf_changed":false,"_genesis_hide_title":false,"_genesis_hide_breadcrumbs":false,"_genesis_hide_singular_image":false,"_genesis_hide_footer_widgets":false,"_genesis_custom_body_class":"","_genesis_custom_post_class":"","_genesis_layout":""},"product_brand":[],"product_cat":[588],"product_tag":[],"class_list":{"1":"product","2":"type-product","6":"product_cat-genuine-100-ml-shortfill","7":"entry","9":"first","10":"outofstock","11":"taxable","12":"shipping-taxable","13":"product-type-variable"},"acf":[],"_links":{"self":[{"href":"https:\/\/eliquidnicotine.co.uk\/es\/wp-json\/wp\/v2\/product\/26571","targetHints":{"allow":["GET"]}}],"collection":[{"href":"https:\/\/eliquidnicotine.co.uk\/es\/wp-json\/wp\/v2\/product"}],"about":[{"href":"https:\/\/eliquidnicotine.co.uk\/es\/wp-json\/wp\/v2\/types\/product"}],"replies":[{"embeddable":true,"href":"https:\/\/eliquidnicotine.co.uk\/es\/wp-json\/wp\/v2\/comments?post=26571"}],"wp:featuredmedia":[{"embeddable":true,"href":"https:\/\/eliquidnicotine.co.uk\/es\/wp-json\/wp\/v2\/media\/26475"}],"wp:attachment":[{"href":"https:\/\/eliquidnicotine.co.uk\/es\/wp-json\/wp\/v2\/media?parent=26571"}],"wp:term":[{"taxonomy":"product_brand","embeddable":true,"href":"https:\/\/eliquidnicotine.co.uk\/es\/wp-json\/wp\/v2\/product_brand?post=26571"},{"taxonomy":"product_cat","embeddable":true,"href":"https:\/\/eliquidnicotine.co.uk\/es\/wp-json\/wp\/v2\/product_cat?post=26571"},{"taxonomy":"product_tag","embeddable":true,"href":"https:\/\/eliquidnicotine.co.uk\/es\/wp-json\/wp\/v2\/product_tag?post=26571"}],"curies":[{"name":"wp","href":"https:\/\/api.w.org\/{rel}","templated":true}]}}