{"id":26573,"date":"2022-06-13T08:11:38","date_gmt":"2022-06-13T08:11:38","guid":{"rendered":"https:\/\/eliquidnicotine.co.uk\/?post_type=product&#038;p=26573"},"modified":"2024-09-18T12:44:45","modified_gmt":"2024-09-18T11:44:45","slug":"genuine-virginia-100-ml","status":"publish","type":"product","link":"https:\/\/eliquidnicotine.co.uk\/es\/shop\/genuine-virginia-100-ml\/","title":{"rendered":"Virginia aut\u00e9ntica 100 ML"},"content":{"rendered":"<p>El flue-cured tambi\u00e9n se denomina tabaco de Virginia o \"tabaco ligero\". Es una variedad de tabaco que tradicionalmente se colgaba de postes o vigas en graneros oscuros. Esta variedad de tabaco toma su apodo del estado norteamericano de Virginia, donde se cultiv\u00f3 por primera vez hace muchos a\u00f1os.<\/p>\n<p>El tabaco Burley tiende a oscurecerse durante el proceso de secado al aire, pero este tabaco es en realidad de color bastante claro. Esta ligereza se refleja en su sabor, que es mucho m\u00e1s suave y crujiente que el del tabaco Burley. Adem\u00e1s, mientras que el tabaco Burley se seca al aire fresco y fr\u00edo, el tabaco flue-cured necesita habitaciones c\u00e1lidas y oscuras para secarse.<\/p>\n<p>Se cultiva en EE UU desde hace m\u00e1s tiempo que el tabaco Burley. Era un cultivo de exportaci\u00f3n tan importante para los primeros colonos que plantaron cientos de hect\u00e1reas con \u00e9l. Esto provoc\u00f3 un grave agotamiento del suelo y la consiguiente deforestaci\u00f3n.<\/p>\n<p>Aunque no es una buena noticia, demuestra lo popular que era el flue-cured Virginia hace m\u00e1s de cien a\u00f1os.<\/p>\n<p>El flue-cured suele tener menos moho que otros tabacos. Tiene un bajo contenido de nicotina y un alto contenido de az\u00facar, lo que lo convierte en una opci\u00f3n ideal para mezclas de cigarrillos suaves. Es una de las opciones m\u00e1s populares para quienes desean crear su propia mezcla de variedades.<\/p>","protected":false},"excerpt":{"rendered":"<p>Genuine Virginia 100 ml shortfill<br \/>\nAut\u00e9ntico e-l\u00edquido de extracto de tabaco<br \/>\n1 dosis = 2 mg\/ml<br \/>\n2 dosis = 4 mg\/ml<br \/>\n3 dosis = 6 mg\/ml<\/p>","protected":false},"featured_media":26479,"comment_status":"open","ping_status":"closed","template":"","meta":{"_acf_changed":false,"_genesis_hide_title":false,"_genesis_hide_breadcrumbs":false,"_genesis_hide_singular_image":false,"_genesis_hide_footer_widgets":false,"_genesis_custom_body_class":"","_genesis_custom_post_class":"","_genesis_layout":""},"product_brand":[],"product_cat":[588],"product_tag":[],"class_list":{"1":"product","2":"type-product","6":"product_cat-genuine-100-ml-shortfill","7":"entry","9":"first","10":"outofstock","11":"taxable","12":"shipping-taxable","13":"product-type-variable"},"acf":[],"_links":{"self":[{"href":"https:\/\/eliquidnicotine.co.uk\/es\/wp-json\/wp\/v2\/product\/26573","targetHints":{"allow":["GET"]}}],"collection":[{"href":"https:\/\/eliquidnicotine.co.uk\/es\/wp-json\/wp\/v2\/product"}],"about":[{"href":"https:\/\/eliquidnicotine.co.uk\/es\/wp-json\/wp\/v2\/types\/product"}],"replies":[{"embeddable":true,"href":"https:\/\/eliquidnicotine.co.uk\/es\/wp-json\/wp\/v2\/comments?post=26573"}],"wp:featuredmedia":[{"embeddable":true,"href":"https:\/\/eliquidnicotine.co.uk\/es\/wp-json\/wp\/v2\/media\/26479"}],"wp:attachment":[{"href":"https:\/\/eliquidnicotine.co.uk\/es\/wp-json\/wp\/v2\/media?parent=26573"}],"wp:term":[{"taxonomy":"product_brand","embeddable":true,"href":"https:\/\/eliquidnicotine.co.uk\/es\/wp-json\/wp\/v2\/product_brand?post=26573"},{"taxonomy":"product_cat","embeddable":true,"href":"https:\/\/eliquidnicotine.co.uk\/es\/wp-json\/wp\/v2\/product_cat?post=26573"},{"taxonomy":"product_tag","embeddable":true,"href":"https:\/\/eliquidnicotine.co.uk\/es\/wp-json\/wp\/v2\/product_tag?post=26573"}],"curies":[{"name":"wp","href":"https:\/\/api.w.org\/{rel}","templated":true}]}}