{"id":27004,"date":"2022-06-29T13:12:34","date_gmt":"2022-06-29T12:12:34","guid":{"rendered":"https:\/\/eliquidnicotine.co.uk\/?post_type=product&#038;p=27004"},"modified":"2024-11-27T14:34:19","modified_gmt":"2024-11-27T13:34:19","slug":"i-vg-bar-vanilla-custard-tobacco","status":"publish","type":"product","link":"https:\/\/eliquidnicotine.co.uk\/es\/shop\/i-vg-bar-vanilla-natillas-tabaco\/","title":{"rendered":"I VG BAR Tabaco Vanilla Custard"},"content":{"rendered":"<p>Los cigarrillos electr\u00f3nicos desechables IVG no son recargables ni rellenables. El e-cigarrillo tiene una capacidad de 2 ml y se rellena con e-l\u00edquido de sales de nicotina. El cigarrillo electr\u00f3nico dura unas 800 caladas. Adem\u00e1s, el e-cigarrillo est\u00e1 equipado con un mecanismo de encendido autom\u00e1tico, la bater\u00eda se enciende tan pronto como se inhala. Durante la inhalaci\u00f3n, se encender\u00e1 una luz, es el indicador de la bater\u00eda. Cuando el indicador de bater\u00eda parpadea, la bater\u00eda est\u00e1 vac\u00eda. Cuando la c\u00e1psula o la pila est\u00e9n vac\u00edas, deber\u00e1 desechar todo el cigarrillo electr\u00f3nico.<br \/>\nLos cigarrillos electr\u00f3nicos desechables IVG Bar Plus se fabrican en Inglaterra e incluyen un folleto de instrucciones como gu\u00eda para el uso correcto de este producto.<br \/>\n*Este producto contiene aromas artificiales para conseguir el sabor.<br \/>\nMarca IVG<br \/>\nProporci\u00f3n de e-l\u00edquido 50%PG \/ 50%VG<br \/>\nFabricado en Inglaterra<br \/>\nContenido 2ml.<br \/>\nBase PG\/VG\/Aroma\/NicSalt.<br \/>\nNiveles de nicotina disponibles High+ (20mg\/ml)<\/p>","protected":false},"excerpt":{"rendered":"<p>I VG Desechable - Tabaco Vainilla Pudding (1 pieza = 20mg\/ml).<br \/>\nDescripci\u00f3n del sabor (fabricante): una mezcla de sabores que recuerdan al tabaco con pud\u00edn de vainilla.<br \/>\nContenido de nicotina: 20mg\/ml<\/p>","protected":false},"featured_media":26713,"comment_status":"open","ping_status":"closed","template":"","meta":{"_acf_changed":false,"_genesis_hide_title":false,"_genesis_hide_breadcrumbs":false,"_genesis_hide_singular_image":false,"_genesis_hide_footer_widgets":false,"_genesis_custom_body_class":"","_genesis_custom_post_class":"","_genesis_layout":""},"product_brand":[],"product_cat":[587,593],"product_tag":[],"class_list":{"1":"product","2":"type-product","6":"product_cat-disposables","7":"product_cat-i-vg-bar","8":"entry","10":"first","11":"outofstock","12":"taxable","13":"shipping-taxable","14":"product-type-variable"},"acf":[],"_links":{"self":[{"href":"https:\/\/eliquidnicotine.co.uk\/es\/wp-json\/wp\/v2\/product\/27004","targetHints":{"allow":["GET"]}}],"collection":[{"href":"https:\/\/eliquidnicotine.co.uk\/es\/wp-json\/wp\/v2\/product"}],"about":[{"href":"https:\/\/eliquidnicotine.co.uk\/es\/wp-json\/wp\/v2\/types\/product"}],"replies":[{"embeddable":true,"href":"https:\/\/eliquidnicotine.co.uk\/es\/wp-json\/wp\/v2\/comments?post=27004"}],"wp:featuredmedia":[{"embeddable":true,"href":"https:\/\/eliquidnicotine.co.uk\/es\/wp-json\/wp\/v2\/media\/26713"}],"wp:attachment":[{"href":"https:\/\/eliquidnicotine.co.uk\/es\/wp-json\/wp\/v2\/media?parent=27004"}],"wp:term":[{"taxonomy":"product_brand","embeddable":true,"href":"https:\/\/eliquidnicotine.co.uk\/es\/wp-json\/wp\/v2\/product_brand?post=27004"},{"taxonomy":"product_cat","embeddable":true,"href":"https:\/\/eliquidnicotine.co.uk\/es\/wp-json\/wp\/v2\/product_cat?post=27004"},{"taxonomy":"product_tag","embeddable":true,"href":"https:\/\/eliquidnicotine.co.uk\/es\/wp-json\/wp\/v2\/product_tag?post=27004"}],"curies":[{"name":"wp","href":"https:\/\/api.w.org\/{rel}","templated":true}]}}