{"id":27042,"date":"2022-06-29T12:54:19","date_gmt":"2022-06-29T12:54:19","guid":{"rendered":"https:\/\/eliquidnicotine.co.uk\/?post_type=product&#038;p=27042"},"modified":"2024-04-02T12:07:42","modified_gmt":"2024-04-02T11:07:42","slug":"upbar-peach-ice","status":"publish","type":"product","link":"https:\/\/eliquidnicotine.co.uk\/es\/shop\/upbar-peach-ice\/","title":{"rendered":"UpBAR Melocot\u00f3n Helado"},"content":{"rendered":"<p>Los cigarrillos electr\u00f3nicos desechables Upends no son recargables ni rellenables. El e-cigarrillo tiene una capacidad de 2 ml y se rellena con e-l\u00edquido de sales de nicotina. El cigarrillo electr\u00f3nico dura unas 500 caladas. Adem\u00e1s, el e-cigarrillo est\u00e1 equipado con un mecanismo de encendido autom\u00e1tico, la bater\u00eda se enciende en cuanto se inhala. Durante la inhalaci\u00f3n, se enciende una luz en la parte inferior, que es el indicador de la bater\u00eda. Cuando la vaina o la bater\u00eda (400mAh) est\u00e1 vac\u00eda, hay que desechar todo el e-cigarrillo.<br \/>\nLos cigarrillos electr\u00f3nicos desechables Upends Upbar se fabrican en Asia y vienen con un folleto de instrucciones que sirve de gu\u00eda para el uso correcto de este producto.<br \/>\n*Este producto contiene aromas artificiales para conseguir el sabor.<br \/>\nMarca invertida<br \/>\nProporci\u00f3n de e-l\u00edquido 50%PG \/ 50%VG<br \/>\nFabricado en Asia<br \/>\nContenido 2ml.<br \/>\nBase PG\/VG\/Aroma\/NicSalt.<br \/>\nNiveles de nicotina disponibles High+ (20mg\/ml)<\/p>","protected":false},"excerpt":{"rendered":"<p>Upends Upbar Desechable - Peach Ice (1 pieza = 20mg\/ml)<br \/>\nDescripci\u00f3n del sabor (fabricante): Melocot\u00f3n con menta a\u00f1adida (Cooler).<br \/>\nContenido de nicotina: 20mg\/ml<\/p>","protected":false},"featured_media":26733,"comment_status":"open","ping_status":"closed","template":"","meta":{"_acf_changed":false,"_genesis_hide_title":false,"_genesis_hide_breadcrumbs":false,"_genesis_hide_singular_image":false,"_genesis_hide_footer_widgets":false,"_genesis_custom_body_class":"","_genesis_custom_post_class":"","_genesis_layout":""},"product_brand":[],"product_cat":[587,591],"product_tag":[],"class_list":{"1":"product","2":"type-product","6":"product_cat-disposables","7":"product_cat-upbar","8":"entry","10":"first","11":"outofstock","12":"taxable","13":"shipping-taxable","14":"product-type-variable"},"acf":[],"_links":{"self":[{"href":"https:\/\/eliquidnicotine.co.uk\/es\/wp-json\/wp\/v2\/product\/27042","targetHints":{"allow":["GET"]}}],"collection":[{"href":"https:\/\/eliquidnicotine.co.uk\/es\/wp-json\/wp\/v2\/product"}],"about":[{"href":"https:\/\/eliquidnicotine.co.uk\/es\/wp-json\/wp\/v2\/types\/product"}],"replies":[{"embeddable":true,"href":"https:\/\/eliquidnicotine.co.uk\/es\/wp-json\/wp\/v2\/comments?post=27042"}],"wp:featuredmedia":[{"embeddable":true,"href":"https:\/\/eliquidnicotine.co.uk\/es\/wp-json\/wp\/v2\/media\/26733"}],"wp:attachment":[{"href":"https:\/\/eliquidnicotine.co.uk\/es\/wp-json\/wp\/v2\/media?parent=27042"}],"wp:term":[{"taxonomy":"product_brand","embeddable":true,"href":"https:\/\/eliquidnicotine.co.uk\/es\/wp-json\/wp\/v2\/product_brand?post=27042"},{"taxonomy":"product_cat","embeddable":true,"href":"https:\/\/eliquidnicotine.co.uk\/es\/wp-json\/wp\/v2\/product_cat?post=27042"},{"taxonomy":"product_tag","embeddable":true,"href":"https:\/\/eliquidnicotine.co.uk\/es\/wp-json\/wp\/v2\/product_tag?post=27042"}],"curies":[{"name":"wp","href":"https:\/\/api.w.org\/{rel}","templated":true}]}}