{"id":27452,"date":"2022-07-15T12:03:00","date_gmt":"2022-07-15T12:03:00","guid":{"rendered":"https:\/\/eliquidnicotine.co.uk\/?post_type=product&#038;p=27452"},"modified":"2024-11-04T08:57:22","modified_gmt":"2024-11-04T07:57:22","slug":"elfbar-strawberry-ice","status":"publish","type":"product","link":"https:\/\/eliquidnicotine.co.uk\/es\/shop\/elfbar-fresa-hielo\/","title":{"rendered":"ElfBar Fresa Helada"},"content":{"rendered":"<p>ElfBar<br \/>\nElf Bar se fund\u00f3 en 2018 y desde entonces ha lanzado productos cada vez m\u00e1s innovadores con un sistema de calentamiento inteligente. Responden a la creciente necesidad de sabores naturales y formas de vapear cada vez m\u00e1s saludables. Las palabras clave de Elf Bar son, por tanto: m\u00e1s sano y mejor.<br \/>\nTras miles de experimentos, Elf Bar ha encontrado la forma de fabricar sus productos con los materiales menos nocivos, el sabor m\u00e1s puro y un dise\u00f1o limpio, para luego presentarle productos que satisfagan sus expectativas.<br \/>\nElf Bar es conocido por sus excelentes cigarrillos electr\u00f3nicos desechables, muy utilizados y populares en todo el mundo. Los productos desechables son cigarrillos electr\u00f3nicos listos para usar que no necesitan rellenarse, sustituirse ni recargarse. El cigarrillo electr\u00f3nico ideal para el vapeador que quiere simplificar las cosas. Basta con inhalar para vaporizar. Tras un determinado n\u00famero de caladas, que depende del dispositivo, el producto desechable se agota y debe sustituirse.<br \/>\nEleven Bar tiene diferentes tipos de cigarrillos electr\u00f3nicos desechables y una amplia gama de sabores. A continuaci\u00f3n encontrar\u00e1 un peque\u00f1o resumen de los cigarrillos electr\u00f3nicos desechables m\u00e1s populares de Eleven Bar.<\/p>","protected":false},"excerpt":{"rendered":"<p>El Elf Bar Strawberry Ice es un cigarrillo electr\u00f3nico desechable que contiene 600 caladas (3 paquetes de cigarrillos). El efecto de Elf Bar es similar al de un cigarrillo. La variante Strawberry Ice sabe a fresas frescas.<\/p>","protected":false},"featured_media":26691,"comment_status":"open","ping_status":"closed","template":"","meta":{"_acf_changed":false,"_genesis_hide_title":false,"_genesis_hide_breadcrumbs":false,"_genesis_hide_singular_image":false,"_genesis_hide_footer_widgets":false,"_genesis_custom_body_class":"","_genesis_custom_post_class":"","_genesis_layout":""},"product_brand":[],"product_cat":[587,594],"product_tag":[],"class_list":{"1":"product","2":"type-product","6":"product_cat-disposables","7":"product_cat-elfbar","8":"entry","10":"first","11":"outofstock","12":"taxable","13":"shipping-taxable","14":"product-type-variable"},"acf":[],"_links":{"self":[{"href":"https:\/\/eliquidnicotine.co.uk\/es\/wp-json\/wp\/v2\/product\/27452","targetHints":{"allow":["GET"]}}],"collection":[{"href":"https:\/\/eliquidnicotine.co.uk\/es\/wp-json\/wp\/v2\/product"}],"about":[{"href":"https:\/\/eliquidnicotine.co.uk\/es\/wp-json\/wp\/v2\/types\/product"}],"replies":[{"embeddable":true,"href":"https:\/\/eliquidnicotine.co.uk\/es\/wp-json\/wp\/v2\/comments?post=27452"}],"wp:featuredmedia":[{"embeddable":true,"href":"https:\/\/eliquidnicotine.co.uk\/es\/wp-json\/wp\/v2\/media\/26691"}],"wp:attachment":[{"href":"https:\/\/eliquidnicotine.co.uk\/es\/wp-json\/wp\/v2\/media?parent=27452"}],"wp:term":[{"taxonomy":"product_brand","embeddable":true,"href":"https:\/\/eliquidnicotine.co.uk\/es\/wp-json\/wp\/v2\/product_brand?post=27452"},{"taxonomy":"product_cat","embeddable":true,"href":"https:\/\/eliquidnicotine.co.uk\/es\/wp-json\/wp\/v2\/product_cat?post=27452"},{"taxonomy":"product_tag","embeddable":true,"href":"https:\/\/eliquidnicotine.co.uk\/es\/wp-json\/wp\/v2\/product_tag?post=27452"}],"curies":[{"name":"wp","href":"https:\/\/api.w.org\/{rel}","templated":true}]}}