{"id":27552,"date":"2022-11-30T12:58:53","date_gmt":"2022-11-30T12:58:53","guid":{"rendered":"https:\/\/eliquidnicotine.co.uk\/?post_type=product&#038;p=27552"},"modified":"2024-11-27T14:34:44","modified_gmt":"2024-11-27T13:34:44","slug":"frunk-bar-frozen-grape","status":"publish","type":"product","link":"https:\/\/eliquidnicotine.co.uk\/es\/shop\/frunk-bar-frozen-grape\/","title":{"rendered":"Frunk Bar Uva Congelada"},"content":{"rendered":"<p>En el mundo de los productos de vaporizaci\u00f3n, Frunk Bar es un nombre que los usuarios han llegado a conocer y amar. Desde las grandes innovaciones que dieron lugar a las barras de vapor desechables, Frunk Bar ha estado en la cima del juego, ofreciendo barras de vapor desechables de alto rendimiento que no s\u00f3lo son convenientes, sino tambi\u00e9n muy asequibles. Siguiendo ofreciendo una incre\u00edble selecci\u00f3n de productos en su cartera, Frunk Bar, un nombre que ha existido durante a\u00f1os, se ha unido para crear la mejor experiencia de vapeo desechable, combinando un dispositivo desechable superior y una deliciosa variedad de sabores de una de las marcas m\u00e1s reconocidas en la industria.<\/p>\n<p>El Frunk Bar tiene un dise\u00f1o delgado y port\u00e1til que es perfecto para los que est\u00e1n de viaje o quieren vapear a escondidas. Tiene un dise\u00f1o todo-en-uno y es desechable, por lo que puede simplemente disfrutarlo y tirarlo cuando haya terminado. No hay botones complicados o instrucciones, s\u00f3lo vaporizar y disfrutar.<\/p>\n<p>Cada dispositivo desechable Frunk Bar tiene las siguientes caracter\u00edsticas:<\/p>\n<p>Disponible en paquetes de 1 unidad.<br \/>\n2% (20 MG) sal de nicotina por volumen.<br \/>\n2ml de e-l\u00edquido por dispositivo.<br \/>\nBater\u00eda precargada integrada de 420 mAh.<br \/>\nAproximadamente m\u00e1s de 600 caladas por dispositivo.<\/p>","protected":false},"excerpt":{"rendered":"<p>La uva m\u00e1s groovy con una brisa helada de frunk bar, \u00a1un gran vape para todo el d\u00eda para un amante de las uvas! El e-l\u00edquido de uva es uno de los sabores m\u00e1s populares de los zumos para vapear. Las uvas vienen en una variedad de colores, tama\u00f1os y sabores y se han cultivado hasta 8.000 a\u00f1os. Las uvas tambi\u00e9n se utilizan en una variedad de productos fuera del vapeo, desde el vino a la mermelada. Las uvas han sido durante mucho tiempo un favorito entre los vapers por su sabor rico y dulce. Disponible en paquetes de 1 unidad. 2% (20 MG\/ML) sal de nicotina por volumen. 2ml de e-liquid por dispositivo. Bater\u00eda precargada integrada de 420mAh. Aproximadamente 600+ caladas por dispositivo.<\/p>","protected":false},"featured_media":26706,"comment_status":"open","ping_status":"closed","template":"","meta":{"_acf_changed":false,"_genesis_hide_title":false,"_genesis_hide_breadcrumbs":false,"_genesis_hide_singular_image":false,"_genesis_hide_footer_widgets":false,"_genesis_custom_body_class":"","_genesis_custom_post_class":"","_genesis_layout":""},"product_brand":[],"product_cat":[587,592],"product_tag":[],"class_list":{"1":"product","2":"type-product","6":"product_cat-disposables","7":"product_cat-frunk-bar","8":"entry","10":"first","11":"outofstock","12":"taxable","13":"shipping-taxable","14":"product-type-variable"},"acf":[],"_links":{"self":[{"href":"https:\/\/eliquidnicotine.co.uk\/es\/wp-json\/wp\/v2\/product\/27552","targetHints":{"allow":["GET"]}}],"collection":[{"href":"https:\/\/eliquidnicotine.co.uk\/es\/wp-json\/wp\/v2\/product"}],"about":[{"href":"https:\/\/eliquidnicotine.co.uk\/es\/wp-json\/wp\/v2\/types\/product"}],"replies":[{"embeddable":true,"href":"https:\/\/eliquidnicotine.co.uk\/es\/wp-json\/wp\/v2\/comments?post=27552"}],"wp:featuredmedia":[{"embeddable":true,"href":"https:\/\/eliquidnicotine.co.uk\/es\/wp-json\/wp\/v2\/media\/26706"}],"wp:attachment":[{"href":"https:\/\/eliquidnicotine.co.uk\/es\/wp-json\/wp\/v2\/media?parent=27552"}],"wp:term":[{"taxonomy":"product_brand","embeddable":true,"href":"https:\/\/eliquidnicotine.co.uk\/es\/wp-json\/wp\/v2\/product_brand?post=27552"},{"taxonomy":"product_cat","embeddable":true,"href":"https:\/\/eliquidnicotine.co.uk\/es\/wp-json\/wp\/v2\/product_cat?post=27552"},{"taxonomy":"product_tag","embeddable":true,"href":"https:\/\/eliquidnicotine.co.uk\/es\/wp-json\/wp\/v2\/product_tag?post=27552"}],"curies":[{"name":"wp","href":"https:\/\/api.w.org\/{rel}","templated":true}]}}