{"id":29065,"date":"2022-12-06T12:37:21","date_gmt":"2022-12-06T12:37:21","guid":{"rendered":"https:\/\/eliquidnicotine.co.uk\/?post_type=product&#038;p=29065"},"modified":"2024-11-04T08:57:22","modified_gmt":"2024-11-04T07:57:22","slug":"elfbar-banana-ice","status":"publish","type":"product","link":"https:\/\/eliquidnicotine.co.uk\/es\/shop\/elfbar-banana-hielo\/","title":{"rendered":"ElfBar Banana Ice"},"content":{"rendered":"<p>ElfBar<\/p>\n<p>Elf Bar se fund\u00f3 en 2018 y desde entonces han lanzado productos cada vez m\u00e1s innovadores con un sistema de calentamiento inteligente. Responden a la creciente necesidad de sabores naturales y formas de vapor cada vez m\u00e1s saludables. Por lo tanto, las palabras clave de Elf Bar son: m\u00e1s sano y mejor.<\/p>\n<p>Tras miles de experimentos, Elf Bar ha encontrado la forma de fabricar sus productos con los materiales menos nocivos, el sabor m\u00e1s puro y un dise\u00f1o limpio, para luego presentarle productos que satisfagan sus expectativas.<\/p>\n<p>Elf Bar es conocido por sus excelentes cigarrillos electr\u00f3nicos desechables, muy utilizados y populares en todo el mundo. Los productos desechables son cigarrillos electr\u00f3nicos listos para usar que no necesitan ser rellenados, sustituidos o recargados. El cigarrillo electr\u00f3nico ideal para el vaporista que quiere simplificar las cosas. Basta con inhalar para vaporizar. Despu\u00e9s de un cierto n\u00famero de caladas, que depende del dispositivo, el producto desechable se agota y necesita ser reemplazado.<\/p>\n<p>Eleven Bar tiene diferentes tipos de cigarrillos electr\u00f3nicos desechables y una amplia gama de sabores. A continuaci\u00f3n encontrar\u00e1 un peque\u00f1o resumen de los cigarrillos electr\u00f3nicos desechables m\u00e1s populares de Eleven Bar.<\/p>","protected":false},"excerpt":{"rendered":"<p>Elf Bar Banana Ice es un cigarrillo electr\u00f3nico desechable. El recambio de e-l\u00edquido (2 ml) equivale al n\u00famero de caladas de unos 3 paquetes de cigarrillos o 600 caladas. Puedes tirar este kit en cuanto se agote. As\u00ed que el vapeador desechable viene cargado y no se puede recargar despu\u00e9s. Gracias a la tecnolog\u00eda de Elf Bar, el efecto es similar al de un cigarrillo. El e-cigarrillo desechable Elf Bar Banana Ice sabe a pl\u00e1tano con un regusto fr\u00edo y tiene una potencia de nicotina de 20mg.<\/p>","protected":false},"featured_media":29076,"comment_status":"open","ping_status":"closed","template":"","meta":{"_acf_changed":false,"_genesis_hide_title":false,"_genesis_hide_breadcrumbs":false,"_genesis_hide_singular_image":false,"_genesis_hide_footer_widgets":false,"_genesis_custom_body_class":"","_genesis_custom_post_class":"","_genesis_layout":""},"product_brand":[],"product_cat":[587,594],"product_tag":[],"class_list":{"1":"product","2":"type-product","6":"product_cat-disposables","7":"product_cat-elfbar","8":"entry","10":"first","11":"outofstock","12":"taxable","13":"shipping-taxable","14":"product-type-variable"},"acf":[],"_links":{"self":[{"href":"https:\/\/eliquidnicotine.co.uk\/es\/wp-json\/wp\/v2\/product\/29065","targetHints":{"allow":["GET"]}}],"collection":[{"href":"https:\/\/eliquidnicotine.co.uk\/es\/wp-json\/wp\/v2\/product"}],"about":[{"href":"https:\/\/eliquidnicotine.co.uk\/es\/wp-json\/wp\/v2\/types\/product"}],"replies":[{"embeddable":true,"href":"https:\/\/eliquidnicotine.co.uk\/es\/wp-json\/wp\/v2\/comments?post=29065"}],"wp:featuredmedia":[{"embeddable":true,"href":"https:\/\/eliquidnicotine.co.uk\/es\/wp-json\/wp\/v2\/media\/29076"}],"wp:attachment":[{"href":"https:\/\/eliquidnicotine.co.uk\/es\/wp-json\/wp\/v2\/media?parent=29065"}],"wp:term":[{"taxonomy":"product_brand","embeddable":true,"href":"https:\/\/eliquidnicotine.co.uk\/es\/wp-json\/wp\/v2\/product_brand?post=29065"},{"taxonomy":"product_cat","embeddable":true,"href":"https:\/\/eliquidnicotine.co.uk\/es\/wp-json\/wp\/v2\/product_cat?post=29065"},{"taxonomy":"product_tag","embeddable":true,"href":"https:\/\/eliquidnicotine.co.uk\/es\/wp-json\/wp\/v2\/product_tag?post=29065"}],"curies":[{"name":"wp","href":"https:\/\/api.w.org\/{rel}","templated":true}]}}