{"id":29104,"date":"2022-11-30T13:54:14","date_gmt":"2022-11-30T13:54:14","guid":{"rendered":"https:\/\/eliquidnicotine.co.uk\/shop\/elfbar-1500-cherry\/"},"modified":"2024-11-04T08:57:22","modified_gmt":"2024-11-04T07:57:22","slug":"elfbar-1500-cherry","status":"publish","type":"product","link":"https:\/\/eliquidnicotine.co.uk\/es\/shop\/elfbar-1500-cereza\/","title":{"rendered":"Elfbar 1500 Cerezo"},"content":{"rendered":"<p>El Elf Bar 1500 Disposable Pod Device es la \u00faltima incorporaci\u00f3n a nuestra l\u00ednea y cuenta con vibrantes gr\u00e1ficos degradados. Tiene una potente bater\u00eda de 850mAh que permite hasta 1500 caladas, y viene precargado con 4.8ml de zumo sin nicotina. Disfrute de un sabor delicioso con la comodidad de una vaina desechable. Simplemente compre un art\u00edculo desechable Elf Bar para disfrutar de la satisfactoria experiencia de vapeo del Elf Bar 1500.<\/p>","protected":false},"excerpt":{"rendered":"<p>El Vapeador Desechable Cherry de Elf Bar 1500 es un lujoso sabor a bayas. Disfruta del sabor de cerezas maduras y dulces desde la inhalaci\u00f3n hasta la exhalaci\u00f3n.<\/p>","protected":false},"featured_media":29107,"comment_status":"open","ping_status":"closed","template":"","meta":{"_acf_changed":false,"_genesis_hide_title":false,"_genesis_hide_breadcrumbs":false,"_genesis_hide_singular_image":false,"_genesis_hide_footer_widgets":false,"_genesis_custom_body_class":"","_genesis_custom_post_class":"","_genesis_layout":""},"product_brand":[],"product_cat":[587,601],"product_tag":[],"class_list":{"1":"product","2":"type-product","6":"product_cat-disposables","7":"product_cat-elfbar-1500-0-nicotine","8":"entry","10":"first","11":"outofstock","12":"taxable","13":"shipping-taxable","14":"product-type-variable"},"acf":[],"_links":{"self":[{"href":"https:\/\/eliquidnicotine.co.uk\/es\/wp-json\/wp\/v2\/product\/29104","targetHints":{"allow":["GET"]}}],"collection":[{"href":"https:\/\/eliquidnicotine.co.uk\/es\/wp-json\/wp\/v2\/product"}],"about":[{"href":"https:\/\/eliquidnicotine.co.uk\/es\/wp-json\/wp\/v2\/types\/product"}],"replies":[{"embeddable":true,"href":"https:\/\/eliquidnicotine.co.uk\/es\/wp-json\/wp\/v2\/comments?post=29104"}],"wp:featuredmedia":[{"embeddable":true,"href":"https:\/\/eliquidnicotine.co.uk\/es\/wp-json\/wp\/v2\/media\/29107"}],"wp:attachment":[{"href":"https:\/\/eliquidnicotine.co.uk\/es\/wp-json\/wp\/v2\/media?parent=29104"}],"wp:term":[{"taxonomy":"product_brand","embeddable":true,"href":"https:\/\/eliquidnicotine.co.uk\/es\/wp-json\/wp\/v2\/product_brand?post=29104"},{"taxonomy":"product_cat","embeddable":true,"href":"https:\/\/eliquidnicotine.co.uk\/es\/wp-json\/wp\/v2\/product_cat?post=29104"},{"taxonomy":"product_tag","embeddable":true,"href":"https:\/\/eliquidnicotine.co.uk\/es\/wp-json\/wp\/v2\/product_tag?post=29104"}],"curies":[{"name":"wp","href":"https:\/\/api.w.org\/{rel}","templated":true}]}}