{"id":29113,"date":"2022-11-30T16:19:31","date_gmt":"2022-11-30T16:19:31","guid":{"rendered":"https:\/\/eliquidnicotine.co.uk\/shop\/wpuff-600-ice-cream-cookie\/"},"modified":"2025-01-13T05:59:23","modified_gmt":"2025-01-13T04:59:23","slug":"wpuff-600-ice-cream-cookie","status":"publish","type":"product","link":"https:\/\/eliquidnicotine.co.uk\/es\/shop\/wpuff-600-ice-cream-cookie\/","title":{"rendered":"Galleta helada Wpuff 600"},"content":{"rendered":"<p><strong>PUFF LIQUIDEO: LA PIPA DE AGUA PARA LANZAR UN BOLSILLO<\/strong><\/p>\n<p>\u00a1Una peque\u00f1a revoluci\u00f3n que no pasar\u00e1 desapercibida! Liquideo, marca francesa especializada en e-l\u00edquidos para cigarrillos electr\u00f3nicos, pone su saber hacer al servicio de los fumadores y aficionados al narguile con un peque\u00f1o pero bonito accesorio: el PUFF. Similar a un Avape Pen, su aspecto recuerda al de un cigarrillo electr\u00f3nico, pero mucho m\u00e1s delgado. El dise\u00f1o colorido y, lo m\u00e1s importante, ultrafino de aluminio del PUFF le permite llev\u00e1rselo a todas partes. El narguile: \u00a1donde quieras, cuando quieras! Debido a su facilidad de uso, este peque\u00f1o narguile es adecuado para absolutamente todo el mundo. Principiantes, fumadores experimentados, fumadores empedernidos o fumadores ocasionales de narguile: todos encontrar\u00e1n algo que les convenga. Esta nueva generaci\u00f3n hookah electr\u00f3nica est\u00e1 especialmente dise\u00f1ado para los fumadores que no est\u00e1n satisfechos con el cigarrillo electr\u00f3nico cl\u00e1sico, cuyo funcionamiento o fuerte sensaci\u00f3n en la garganta puede ralentizar.<\/p>\n<p><strong>\u00bfC\u00f3mo funciona el PUFF de Liquideo?<\/strong><\/p>\n<p>Este accesorio tiene forma de c\u00e1psula que contiene todo lo necesario para disfrutar de deliciosos sabores: un cartucho de l\u00edquido aromatizado integrado en el dispositivo y una bater\u00eda, tambi\u00e9n oculta en su interior, que hace funcionar el aparato. Por lo dem\u00e1s, d\u00e9jese guiar: El puff desechable no requiere ninguna preparaci\u00f3n ni configuraci\u00f3n especial por tu parte. De hecho, no lleva botones ni mandos integrados. S\u00f3lo tienes que tirar de tu e-Hookah y se activar\u00e1 instant\u00e1neamente en sincron\u00eda cuando tires. El dise\u00f1o de un cigarrillo electr\u00f3nico desechable combinado con un funcionamiento que recuerda al de un cigarrillo tradicional. Los fans de los cigarrillos tradicionales o los amantes de las sesiones de narguile con tabaco cl\u00e1sico notar\u00e1n la presencia de nicotina en el e-l\u00edquido. Se presenta en forma de sales de nicotina, es menos irritante que la nicotina real y el cuerpo la absorbe m\u00e1s f\u00e1cilmente. Proporciona una sensaci\u00f3n similar a la vez que es m\u00e1s suave, con menos golpe en la garganta, \u00a1por lo que disfrutar\u00e1s de todos los sabores de tu e-HookahWPUFF! Actualmente hay tres niveles diferentes de nicotina disponibles: 1.7% nicotina, 0.9% nicotina, y una versi\u00f3n sin nicotina. Todas estas versiones son adecuadas para los fumadores que quieren reducir su consumo de nicotina, pero la \u00faltima versi\u00f3n est\u00e1 dise\u00f1ada espec\u00edficamente para las personas que quieren dejar de fumar. Una versi\u00f3n baja en nicotina, \u00a1pero desde luego no en sabor! Frutos rojos, chocolate o menta fresca: los diferentes sabores le llevar\u00e1n al tr\u00f3pico en un abrir y cerrar de ojos. Cuidadosamente desarrollados en el laboratorio, son el resultado de h\u00e1biles mezclas para lograr un resultado dulce e intenso \u00fanico que no conseguir\u00e1 con ning\u00fan otro sabor. Combinaciones \u00e1cidas y golosas que pueden recordarle el lado ex\u00f3tico de los sabores de narguile.<\/p>\n<p><strong>\u00bfEs recargable el Liquideo Wpuff?<\/strong><\/p>\n<p>Este cigarrillo desechable precargado le mantendr\u00e1 en marcha durante un tiempo: Contiene unas 600 caladas frescas. Los amantes del vapor denso caracter\u00edstico de una sesi\u00f3n de narguile sabrosa y perfectamente preparada estar\u00e1n encantados con la densa nube que se crea durante las sesiones. Una luz intermitente indica que el cartucho de e-l\u00edquido de tu narguile est\u00e1 vac\u00edo. El cartucho entonces se vuelve inutilizable y necesita ser reemplazado. Aunque este narguile es un accesorio desechable y no recargable, es m\u00e1s 95% reciclable. Tanto el tubo de aluminio del que est\u00e1 hecho como la bater\u00eda pueden reciclarse. \u00a1Haz algo por el medio ambiente y dale una segunda vida a tu WPUFF Liquideo Pod! Recicle su bater\u00eda de la misma forma que recicla las pilas.<\/p>\n<p><strong>\u00bfCu\u00e1l es la diferencia entre una calada y un narguile?<\/strong><\/p>\n<p>El Hookahdisposable es perfecto para los adictos al narguile gracias a su vapor de olor intenso y agradable y tiene muchas otras cualidades que ofrecer. Gracias a su tama\u00f1o compacto de s\u00f3lo unos cent\u00edmetros, el WPUFF en formato Hookahpocket es f\u00e1cil de transportar y supone un ahorro. Gracias a su facilidad de uso, ofrece un alto nivel de comodidad y permite disfrutar de sesiones a un menor coste. Otra ventaja de este narguile port\u00e1til es la posibilidad de disfrutar de m\u00faltiples sesiones a voluntad, sin necesidad de carbones ni tabaco. No se necesita preparaci\u00f3n para disfrutar de estos deliciosos sabores, ideal para n\u00f3madas o personas con prisa. Adem\u00e1s, no requiere mantenimiento ni limpieza en comparaci\u00f3n con un narguile tradicional. \u00a1Esto ahorra tiempo y le permite hookah sus descansos m\u00e1s tiempo, para que pueda disfrutar de los sabores durante m\u00e1s tiempo! Especificaciones - Longitud: aprox. 11,5 cm - Di\u00e1metro: aprox. 1,5 cm - Tres versiones: Sin nicotina \/ 0,9% nicotina \/ 1,7% nicotina - Desechable, no recargable - Funda reutilizable.<\/p>","protected":false},"excerpt":{"rendered":"<p>\u00a1Un e-cigarrillo con sabor a confiter\u00eda y helado para un sabor original! \u00a1El Wpuff Ice Cream Cookie es innegable para probar para los fans de nuevos sabores!<\/p>","protected":false},"featured_media":29292,"comment_status":"open","ping_status":"closed","template":"","meta":{"_acf_changed":false,"_genesis_hide_title":false,"_genesis_hide_breadcrumbs":false,"_genesis_hide_singular_image":false,"_genesis_hide_footer_widgets":false,"_genesis_custom_body_class":"","_genesis_custom_post_class":"","_genesis_layout":""},"product_brand":[],"product_cat":[587,599],"product_tag":[],"class_list":{"1":"product","2":"type-product","6":"product_cat-disposables","7":"product_cat-wpuff-liquideo","8":"entry","10":"first","11":"outofstock","12":"taxable","13":"shipping-taxable","14":"product-type-variable"},"acf":[],"_links":{"self":[{"href":"https:\/\/eliquidnicotine.co.uk\/es\/wp-json\/wp\/v2\/product\/29113","targetHints":{"allow":["GET"]}}],"collection":[{"href":"https:\/\/eliquidnicotine.co.uk\/es\/wp-json\/wp\/v2\/product"}],"about":[{"href":"https:\/\/eliquidnicotine.co.uk\/es\/wp-json\/wp\/v2\/types\/product"}],"replies":[{"embeddable":true,"href":"https:\/\/eliquidnicotine.co.uk\/es\/wp-json\/wp\/v2\/comments?post=29113"}],"wp:featuredmedia":[{"embeddable":true,"href":"https:\/\/eliquidnicotine.co.uk\/es\/wp-json\/wp\/v2\/media\/29292"}],"wp:attachment":[{"href":"https:\/\/eliquidnicotine.co.uk\/es\/wp-json\/wp\/v2\/media?parent=29113"}],"wp:term":[{"taxonomy":"product_brand","embeddable":true,"href":"https:\/\/eliquidnicotine.co.uk\/es\/wp-json\/wp\/v2\/product_brand?post=29113"},{"taxonomy":"product_cat","embeddable":true,"href":"https:\/\/eliquidnicotine.co.uk\/es\/wp-json\/wp\/v2\/product_cat?post=29113"},{"taxonomy":"product_tag","embeddable":true,"href":"https:\/\/eliquidnicotine.co.uk\/es\/wp-json\/wp\/v2\/product_tag?post=29113"}],"curies":[{"name":"wp","href":"https:\/\/api.w.org\/{rel}","templated":true}]}}