{"id":29157,"date":"2022-11-30T16:34:36","date_gmt":"2022-11-30T16:34:36","guid":{"rendered":"https:\/\/eliquidnicotine.co.uk\/shop\/crystal-bar-green-grape\/"},"modified":"2024-09-18T12:32:36","modified_gmt":"2024-09-18T11:32:36","slug":"crystal-bar-green-grape","status":"publish","type":"product","link":"https:\/\/eliquidnicotine.co.uk\/es\/shop\/cristal-barra-verde-uva\/","title":{"rendered":"Crystal Bar Uva Verde"},"content":{"rendered":"<p><strong>Barra de cristal SKE desechable<\/strong><\/p>\n<p>Crystal Original Vapes desechables est\u00e1n disponibles en una variedad de sabores. Cada dispositivo contiene 2 ml de sal de nic con una concentraci\u00f3n de nicotina de 20 mg y funciona con una bater\u00eda integrada de 500 mAh.<\/p>\n<p>Capaz de suministrar hasta 600 caladas y utilizable nada m\u00e1s sacarlo de la caja, cada dispositivo se activa por aspiraci\u00f3n, lo que significa que los usuarios s\u00f3lo tienen que inhalar en el dispositivo para activarlo. Una vez que el dispositivo ha utilizado todo el e-l\u00edquido, se puede desechar.<\/p>\n<p>Especificaciones:<\/p>\n<p>Hasta 600 caladas<br \/>\nBater\u00eda de 500 mAh<br \/>\nVapeo MTL<br \/>\n2ml E-l\u00edquido de Sal de Nicotina<br \/>\nPotencia de nicotina 20 mg<\/p>","protected":false},"excerpt":{"rendered":"<p>SKE Crystal Bar Green Grape es un cigarrillo electr\u00f3nico desechable que contiene 600 caladas (3 paquetes de cigarrillos). El efecto de Crystal Bar puede compararse al de un cigarrillo. La variedad Green Grape sabe a uvas verdes.<\/p>","protected":false},"featured_media":29315,"comment_status":"open","ping_status":"closed","template":"","meta":{"_acf_changed":false,"_genesis_hide_title":false,"_genesis_hide_breadcrumbs":false,"_genesis_hide_singular_image":false,"_genesis_hide_footer_widgets":false,"_genesis_custom_body_class":"","_genesis_custom_post_class":"","_genesis_layout":""},"product_brand":[],"product_cat":[598,587],"product_tag":[],"class_list":{"1":"product","2":"type-product","6":"product_cat-crystal-bar","7":"product_cat-disposables","8":"entry","10":"first","11":"outofstock","12":"taxable","13":"shipping-taxable","14":"purchasable","15":"product-type-variable"},"acf":[],"_links":{"self":[{"href":"https:\/\/eliquidnicotine.co.uk\/es\/wp-json\/wp\/v2\/product\/29157","targetHints":{"allow":["GET"]}}],"collection":[{"href":"https:\/\/eliquidnicotine.co.uk\/es\/wp-json\/wp\/v2\/product"}],"about":[{"href":"https:\/\/eliquidnicotine.co.uk\/es\/wp-json\/wp\/v2\/types\/product"}],"replies":[{"embeddable":true,"href":"https:\/\/eliquidnicotine.co.uk\/es\/wp-json\/wp\/v2\/comments?post=29157"}],"wp:featuredmedia":[{"embeddable":true,"href":"https:\/\/eliquidnicotine.co.uk\/es\/wp-json\/wp\/v2\/media\/29315"}],"wp:attachment":[{"href":"https:\/\/eliquidnicotine.co.uk\/es\/wp-json\/wp\/v2\/media?parent=29157"}],"wp:term":[{"taxonomy":"product_brand","embeddable":true,"href":"https:\/\/eliquidnicotine.co.uk\/es\/wp-json\/wp\/v2\/product_brand?post=29157"},{"taxonomy":"product_cat","embeddable":true,"href":"https:\/\/eliquidnicotine.co.uk\/es\/wp-json\/wp\/v2\/product_cat?post=29157"},{"taxonomy":"product_tag","embeddable":true,"href":"https:\/\/eliquidnicotine.co.uk\/es\/wp-json\/wp\/v2\/product_tag?post=29157"}],"curies":[{"name":"wp","href":"https:\/\/api.w.org\/{rel}","templated":true}]}}