{"id":29753,"date":"2023-01-06T15:03:52","date_gmt":"2023-01-06T14:03:52","guid":{"rendered":"https:\/\/eliquidnicotine.co.uk\/?post_type=product&#038;p=29753"},"modified":"2024-09-18T12:32:36","modified_gmt":"2024-09-18T11:32:36","slug":"crystal-bar-vimbull-ice","status":"publish","type":"product","link":"https:\/\/eliquidnicotine.co.uk\/es\/shop\/crystal-bar-vimbull-hielo\/","title":{"rendered":"Crystal Bar Vimbull Hielo"},"content":{"rendered":"<p>Especificaciones t\u00e9cnicas Modelo: SKE Crystal Bar Desechable Tipo: Cigarrillo electr\u00f3nico desechable Power puff Materiales: aleaci\u00f3n de aluminio + PCTG Tama\u00f1o: 16.25 x 16 x 110mm Capacidad de la bater\u00eda: 500 mAh Capacidad del tanque: 2ml Puffs: 600 puffs Tipo de bobina: bobina de malla - para una experiencia de sabor definitiva Resistencia de la bobina: 1.2ohm Voltaje \/ vatiaje: 11W Potencia de nicotina: 2% (20mg de sal de nicotina)<\/p>","protected":false},"excerpt":{"rendered":"<p>El SKE Crystal Bar Vimbull Ice es un cigarrillo electr\u00f3nico desechable que contiene 600 caladas (3 paquetes de cigarrillos). El efecto del Crystal Bar es comparable al de un cigarrillo. La variante Vimbull Ice sabe a bebida energ\u00e9tica con un regusto fresco.<\/p>","protected":false},"featured_media":29789,"comment_status":"open","ping_status":"closed","template":"","meta":{"_acf_changed":false,"_genesis_hide_title":false,"_genesis_hide_breadcrumbs":false,"_genesis_hide_singular_image":false,"_genesis_hide_footer_widgets":false,"_genesis_custom_body_class":"","_genesis_custom_post_class":"","_genesis_layout":""},"product_brand":[],"product_cat":[598,587],"product_tag":[],"class_list":{"1":"product","2":"type-product","6":"product_cat-crystal-bar","7":"product_cat-disposables","8":"entry","10":"first","11":"outofstock","12":"taxable","13":"shipping-taxable","14":"purchasable","15":"product-type-variable"},"acf":[],"_links":{"self":[{"href":"https:\/\/eliquidnicotine.co.uk\/es\/wp-json\/wp\/v2\/product\/29753","targetHints":{"allow":["GET"]}}],"collection":[{"href":"https:\/\/eliquidnicotine.co.uk\/es\/wp-json\/wp\/v2\/product"}],"about":[{"href":"https:\/\/eliquidnicotine.co.uk\/es\/wp-json\/wp\/v2\/types\/product"}],"replies":[{"embeddable":true,"href":"https:\/\/eliquidnicotine.co.uk\/es\/wp-json\/wp\/v2\/comments?post=29753"}],"wp:featuredmedia":[{"embeddable":true,"href":"https:\/\/eliquidnicotine.co.uk\/es\/wp-json\/wp\/v2\/media\/29789"}],"wp:attachment":[{"href":"https:\/\/eliquidnicotine.co.uk\/es\/wp-json\/wp\/v2\/media?parent=29753"}],"wp:term":[{"taxonomy":"product_brand","embeddable":true,"href":"https:\/\/eliquidnicotine.co.uk\/es\/wp-json\/wp\/v2\/product_brand?post=29753"},{"taxonomy":"product_cat","embeddable":true,"href":"https:\/\/eliquidnicotine.co.uk\/es\/wp-json\/wp\/v2\/product_cat?post=29753"},{"taxonomy":"product_tag","embeddable":true,"href":"https:\/\/eliquidnicotine.co.uk\/es\/wp-json\/wp\/v2\/product_tag?post=29753"}],"curies":[{"name":"wp","href":"https:\/\/api.w.org\/{rel}","templated":true}]}}