{"id":38085,"date":"2025-01-24T10:13:57","date_gmt":"2025-01-24T09:13:57","guid":{"rendered":"https:\/\/eliquidnicotine.co.uk\/?post_type=product&#038;p=38085"},"modified":"2025-12-13T08:11:49","modified_gmt":"2025-12-13T07:11:49","slug":"nicotine-salt-crystals","status":"publish","type":"product","link":"https:\/\/eliquidnicotine.co.uk\/es\/shop\/cristales-de-sal-de-nicotina\/","title":{"rendered":"Cristales de sal de nicotina"},"content":{"rendered":"<p>----------------BENZOATO SALICILATO MALATO<\/p>\n<p>Contenido de Nicotina Freebase:      +- 57% +- 54% +- 55%<\/p>\n<p>Dosis m\u00e1xima 200 mg\/ml 150 mg\/ml 200 mg\/ml<\/p>\n<p>Golpe en la garganta S\u00ed S\u00ed S\u00ed<\/p>\n<p>Almacenamiento -25-5 C -25-5 C -25-5 C<\/p>\n<p>Sabor Neutro Neutro C\u00edtrico\/Acido<\/p>\n<p>Para mezclar 100 mg\/ml, utilice aproximadamente 170-185 gramos por litro.<\/p>","protected":false},"excerpt":{"rendered":"<p>Sales de Nicotina en polvo, para diluir en PG, VG o una mezcla. Cuando diluya use una base que este ligeramente \"tibia\", dejela reposar en agua tibia, para que el proceso concluya mas rapido. Agite bien cada tantos minutos u horas y espere hasta que el polvo se absorba completamente en la base, esto puede tomar un tiempo, incluso un d\u00eda o una noche.<\/p>\n<p>El embalaje puede diferir de la imagen real del producto.<\/p>","protected":false},"featured_media":38145,"comment_status":"open","ping_status":"closed","template":"","meta":{"_acf_changed":false,"_genesis_hide_title":false,"_genesis_hide_breadcrumbs":false,"_genesis_hide_singular_image":false,"_genesis_hide_footer_widgets":false,"_genesis_custom_body_class":"","_genesis_custom_post_class":"","_genesis_layout":""},"product_brand":[],"product_cat":[571],"product_tag":[],"class_list":{"1":"product","2":"type-product","6":"product_cat-wholesale","7":"entry","9":"first","10":"instock","11":"taxable","12":"shipping-taxable","13":"purchasable","14":"product-type-variable"},"acf":[],"_links":{"self":[{"href":"https:\/\/eliquidnicotine.co.uk\/es\/wp-json\/wp\/v2\/product\/38085","targetHints":{"allow":["GET"]}}],"collection":[{"href":"https:\/\/eliquidnicotine.co.uk\/es\/wp-json\/wp\/v2\/product"}],"about":[{"href":"https:\/\/eliquidnicotine.co.uk\/es\/wp-json\/wp\/v2\/types\/product"}],"replies":[{"embeddable":true,"href":"https:\/\/eliquidnicotine.co.uk\/es\/wp-json\/wp\/v2\/comments?post=38085"}],"wp:featuredmedia":[{"embeddable":true,"href":"https:\/\/eliquidnicotine.co.uk\/es\/wp-json\/wp\/v2\/media\/38145"}],"wp:attachment":[{"href":"https:\/\/eliquidnicotine.co.uk\/es\/wp-json\/wp\/v2\/media?parent=38085"}],"wp:term":[{"taxonomy":"product_brand","embeddable":true,"href":"https:\/\/eliquidnicotine.co.uk\/es\/wp-json\/wp\/v2\/product_brand?post=38085"},{"taxonomy":"product_cat","embeddable":true,"href":"https:\/\/eliquidnicotine.co.uk\/es\/wp-json\/wp\/v2\/product_cat?post=38085"},{"taxonomy":"product_tag","embeddable":true,"href":"https:\/\/eliquidnicotine.co.uk\/es\/wp-json\/wp\/v2\/product_tag?post=38085"}],"curies":[{"name":"wp","href":"https:\/\/api.w.org\/{rel}","templated":true}]}}