{"id":557,"date":"2018-05-06T18:06:33","date_gmt":"2018-05-06T18:06:33","guid":{"rendered":"https:\/\/eliquidnicotine.co.uk\/?post_type=product&#038;p=557"},"modified":"2025-06-17T15:15:33","modified_gmt":"2025-06-17T14:15:33","slug":"nicotine-salts","status":"publish","type":"product","link":"https:\/\/eliquidnicotine.co.uk\/es\/shop\/nicotina-sal\/","title":{"rendered":"Sales de nicotina para e-l\u00edquidos"},"content":{"rendered":"<p>&nbsp;<\/p>\n<p><img loading=\"lazy\" decoding=\"async\" title=\"Advertencia sobre la nicotina\" src=\"https:\/\/eliquidnicotine.co.uk\/wp-content\/uploads\/2017\/12\/Unknown-1.png\" alt=\"Advertencia nicotina\" width=\"300\" height=\"150\" \/><\/p>\n<h3>Ventajas<\/h3>\n<p>Las sales de nicotina pueden ser la soluci\u00f3n para muchos vapeadores que prueban l\u00edquidos normales por primera vez y a menudo descubren que no obtienen la misma satisfacci\u00f3n de la nicotina. Y puede que no sea suficiente para satisfacer su necesidad o ansia de nicotina.<\/p>\n<p>Un golpe de nicotina m\u00e1s suave: Un problema para muchos \"aspirantes\" a vapeadores es que la mayor\u00eda de los e-l\u00edquidos son demasiado fuertes, y la nicotina es la culpable. Las empresas de cigarrillos han encontrado la manera de evitar este problema y utilizan anest\u00e9sicos como el mentol o el eugenol para encubrir y enmascarar la dureza. Los zumos para vapear o los e-l\u00edquidos no lo hacen, por lo que la sensaci\u00f3n m\u00e1s suave de los l\u00edquidos con sales de nicotina marca una diferencia significativa.<\/p>\n<p>Menos impacto en el sabor: Los que usamos e-l\u00edquidos sin nicotina podemos notar una gran diferencia en el sabor, a pesar de fumar el mismo producto. Esto se debe a que la nicotina libre, la que se utiliza en la mayor\u00eda de los zumos, afecta al sabor general del l\u00edquido. Las sales casi no tienen efecto en esta \u00e1rea, lo que lleva a una experiencia de vapeo m\u00e1s rica, sabrosa y agradable.<\/p>\n<p>Otra diferencia es que no necesitas un tanque sub-ohm o un mod de caja para satisfacer tu antojo de nicotina, un discreto dispositivo de vapeo tama\u00f1o bol\u00edgrafo es suficiente para satisfacer tus necesidades.<\/p>","protected":false},"excerpt":{"rendered":"<p>Sales de nicotina PG\/VG 50\/50<\/p>","protected":false},"featured_media":389,"comment_status":"open","ping_status":"closed","template":"","meta":{"_acf_changed":false,"_genesis_hide_title":false,"_genesis_hide_breadcrumbs":false,"_genesis_hide_singular_image":false,"_genesis_hide_footer_widgets":false,"_genesis_custom_body_class":"","_genesis_custom_post_class":"","_genesis_layout":""},"product_brand":[],"product_cat":[242],"product_tag":[],"class_list":{"1":"product","2":"type-product","6":"product_cat-nicotine-liquid","7":"entry","9":"first","10":"instock","11":"taxable","12":"shipping-taxable","13":"purchasable","14":"product-type-variable","15":"has-default-attributes"},"acf":[],"_links":{"self":[{"href":"https:\/\/eliquidnicotine.co.uk\/es\/wp-json\/wp\/v2\/product\/557","targetHints":{"allow":["GET"]}}],"collection":[{"href":"https:\/\/eliquidnicotine.co.uk\/es\/wp-json\/wp\/v2\/product"}],"about":[{"href":"https:\/\/eliquidnicotine.co.uk\/es\/wp-json\/wp\/v2\/types\/product"}],"replies":[{"embeddable":true,"href":"https:\/\/eliquidnicotine.co.uk\/es\/wp-json\/wp\/v2\/comments?post=557"}],"wp:featuredmedia":[{"embeddable":true,"href":"https:\/\/eliquidnicotine.co.uk\/es\/wp-json\/wp\/v2\/media\/389"}],"wp:attachment":[{"href":"https:\/\/eliquidnicotine.co.uk\/es\/wp-json\/wp\/v2\/media?parent=557"}],"wp:term":[{"taxonomy":"product_brand","embeddable":true,"href":"https:\/\/eliquidnicotine.co.uk\/es\/wp-json\/wp\/v2\/product_brand?post=557"},{"taxonomy":"product_cat","embeddable":true,"href":"https:\/\/eliquidnicotine.co.uk\/es\/wp-json\/wp\/v2\/product_cat?post=557"},{"taxonomy":"product_tag","embeddable":true,"href":"https:\/\/eliquidnicotine.co.uk\/es\/wp-json\/wp\/v2\/product_tag?post=557"}],"curies":[{"name":"wp","href":"https:\/\/api.w.org\/{rel}","templated":true}]}}