{"id":5914,"date":"2019-11-23T13:49:28","date_gmt":"2019-11-23T13:49:28","guid":{"rendered":"https:\/\/eliquidnicotine.co.uk\/shop\/la-tabaccheria-latakia-tabak-extrakt-aroma\/"},"modified":"2021-04-25T08:37:43","modified_gmt":"2021-04-25T08:37:43","slug":"la-tabaccheria-latakia-tobacco-extract-flavour","status":"publish","type":"product","link":"https:\/\/eliquidnicotine.co.uk\/es\/shop\/la-tabaccheria-latakia-extracto-de-tabaco-sabor\/","title":{"rendered":"La tabaccheria Latakia"},"content":{"rendered":"<p>Se utiliza en casi todas las mezclas de pipa como condimento e incluso su m\u00ednima presencia garantiza un sabor intenso y satisfactorio. El extracto de tabaco Latakia es un compa\u00f1ero inseparable para los fumadores m\u00e1s exigentes que buscan un sabor realmente \u00fanico. Sabor intenso y arom\u00e1tico.<\/p>","protected":false},"excerpt":{"rendered":"<p>Contenido 10 ml Latakia es un tabaco perteneciente a la clase Fire Cured. Se fuma con diferentes calidades de madera y hierbas arom\u00e1ticas que dan a este tabaco las propiedades arom\u00e1ticas m\u00e1s fuertes de cualquier tabaco.<\/p>","protected":false},"featured_media":437,"comment_status":"open","ping_status":"closed","template":"","meta":{"_acf_changed":false,"_genesis_hide_title":false,"_genesis_hide_breadcrumbs":false,"_genesis_hide_singular_image":false,"_genesis_hide_footer_widgets":false,"_genesis_custom_body_class":"","_genesis_custom_post_class":"","_genesis_layout":""},"product_brand":[],"product_cat":[250],"product_tag":[],"class_list":{"1":"product","2":"type-product","6":"product_cat-pure-tobacco-extract-flavours","7":"entry","9":"first","10":"outofstock","11":"taxable","12":"shipping-taxable","13":"purchasable","14":"product-type-simple"},"acf":[],"_links":{"self":[{"href":"https:\/\/eliquidnicotine.co.uk\/es\/wp-json\/wp\/v2\/product\/5914","targetHints":{"allow":["GET"]}}],"collection":[{"href":"https:\/\/eliquidnicotine.co.uk\/es\/wp-json\/wp\/v2\/product"}],"about":[{"href":"https:\/\/eliquidnicotine.co.uk\/es\/wp-json\/wp\/v2\/types\/product"}],"replies":[{"embeddable":true,"href":"https:\/\/eliquidnicotine.co.uk\/es\/wp-json\/wp\/v2\/comments?post=5914"}],"wp:featuredmedia":[{"embeddable":true,"href":"https:\/\/eliquidnicotine.co.uk\/es\/wp-json\/wp\/v2\/media\/437"}],"wp:attachment":[{"href":"https:\/\/eliquidnicotine.co.uk\/es\/wp-json\/wp\/v2\/media?parent=5914"}],"wp:term":[{"taxonomy":"product_brand","embeddable":true,"href":"https:\/\/eliquidnicotine.co.uk\/es\/wp-json\/wp\/v2\/product_brand?post=5914"},{"taxonomy":"product_cat","embeddable":true,"href":"https:\/\/eliquidnicotine.co.uk\/es\/wp-json\/wp\/v2\/product_cat?post=5914"},{"taxonomy":"product_tag","embeddable":true,"href":"https:\/\/eliquidnicotine.co.uk\/es\/wp-json\/wp\/v2\/product_tag?post=5914"}],"curies":[{"name":"wp","href":"https:\/\/api.w.org\/{rel}","templated":true}]}}