{"id":5918,"date":"2019-11-23T13:49:28","date_gmt":"2019-11-23T13:49:28","guid":{"rendered":"https:\/\/eliquidnicotine.co.uk\/shop\/la-tabaccheria-black-cavendish-tabak-extrakt-aroma\/"},"modified":"2021-08-07T13:54:15","modified_gmt":"2021-08-07T13:54:15","slug":"la-tabaccheria-black-cavendish-tobacco-extract-flavour","status":"publish","type":"product","link":"https:\/\/eliquidnicotine.co.uk\/es\/shop\/la-tabaccheria-extracto-de-tabaco-sabor-negro\/","title":{"rendered":"La Tabaccheria Black Cavendish"},"content":{"rendered":"<p>El m\u00e9todo consiste en someter el tabaco a Aromatizaci\u00f3n o someterlo a una fuerte presi\u00f3n facilitando la liberaci\u00f3n de az\u00facares naturales. El Extracto de Tabaco Black Cavendish es una perfecta armon\u00eda de aromaticidad, entre lo ligeramente dulce y lo seco, un equilibrio tan perfecto que es incapaz de establecer una localizaci\u00f3n precisa y \u00e9ste es su mayor punto fuerte. Ser\u00e1 un fiel compa\u00f1ero de vapor durante todo el d\u00eda tanto para los amantes de los sabores secos como para los amantes de los sabores m\u00e1s arom\u00e1ticos.<\/p>","protected":false},"excerpt":{"rendered":"<p>Contenido 10 ml Black Cavendish no es una variedad real de tabaco, sino un m\u00e9todo de cuidado adicional aplicado a una mezcla de tabaco no manufacturado. M\u00e1s com\u00fanmente se utiliza Virginia y\/o Burley.<\/p>","protected":false},"featured_media":439,"comment_status":"open","ping_status":"closed","template":"","meta":{"_acf_changed":false,"_genesis_hide_title":false,"_genesis_hide_breadcrumbs":false,"_genesis_hide_singular_image":false,"_genesis_hide_footer_widgets":false,"_genesis_custom_body_class":"","_genesis_custom_post_class":"","_genesis_layout":""},"product_brand":[],"product_cat":[250],"product_tag":[],"class_list":{"1":"product","2":"type-product","6":"product_cat-pure-tobacco-extract-flavours","7":"entry","9":"first","10":"outofstock","11":"taxable","12":"shipping-taxable","13":"purchasable","14":"product-type-simple"},"acf":[],"_links":{"self":[{"href":"https:\/\/eliquidnicotine.co.uk\/es\/wp-json\/wp\/v2\/product\/5918","targetHints":{"allow":["GET"]}}],"collection":[{"href":"https:\/\/eliquidnicotine.co.uk\/es\/wp-json\/wp\/v2\/product"}],"about":[{"href":"https:\/\/eliquidnicotine.co.uk\/es\/wp-json\/wp\/v2\/types\/product"}],"replies":[{"embeddable":true,"href":"https:\/\/eliquidnicotine.co.uk\/es\/wp-json\/wp\/v2\/comments?post=5918"}],"wp:featuredmedia":[{"embeddable":true,"href":"https:\/\/eliquidnicotine.co.uk\/es\/wp-json\/wp\/v2\/media\/439"}],"wp:attachment":[{"href":"https:\/\/eliquidnicotine.co.uk\/es\/wp-json\/wp\/v2\/media?parent=5918"}],"wp:term":[{"taxonomy":"product_brand","embeddable":true,"href":"https:\/\/eliquidnicotine.co.uk\/es\/wp-json\/wp\/v2\/product_brand?post=5918"},{"taxonomy":"product_cat","embeddable":true,"href":"https:\/\/eliquidnicotine.co.uk\/es\/wp-json\/wp\/v2\/product_cat?post=5918"},{"taxonomy":"product_tag","embeddable":true,"href":"https:\/\/eliquidnicotine.co.uk\/es\/wp-json\/wp\/v2\/product_tag?post=5918"}],"curies":[{"name":"wp","href":"https:\/\/api.w.org\/{rel}","templated":true}]}}