{"id":5922,"date":"2019-11-23T13:49:28","date_gmt":"2019-11-23T13:49:28","guid":{"rendered":"https:\/\/eliquidnicotine.co.uk\/shop\/la-tabaccheria-english-mixture-tabak-extrakt-aroma\/"},"modified":"2021-07-05T11:28:49","modified_gmt":"2021-07-05T11:28:49","slug":"la-tabaccheria-english-mixture-tobacco-extract-flavour","status":"publish","type":"product","link":"https:\/\/eliquidnicotine.co.uk\/es\/shop\/la-tabaccheria-english-mixture-tobacco-extract-flavour\/","title":{"rendered":"La Tabaccheria Mezcla inglesa"},"content":{"rendered":"<p>Hemos interpretado esta mezcla de la forma m\u00e1s equilibrada buscando la mejor receta para que las \"Buenas Notas\" de Latakia sean protagonistas. Esta mezcla es la Quintaesencia de la Latakia, un triunfo de la evoluci\u00f3n de los aromas y de su persistencia incluso despu\u00e9s de la exhalaci\u00f3n. Una mezcla de meditaci\u00f3n y relajaci\u00f3n. Para completar la sinfon\u00eda de aromas, las notas de barrica redondean y embellecen el sabor de una de las mezclas m\u00e1s elaboradas.<\/p>","protected":false},"excerpt":{"rendered":"<p>Contenido 10 ml<\/p>\n<p>La Mezcla Inglesa tiene diferentes interpretaciones y recetas, entre cl\u00e1sicas y modernas. La constante es una fuerte presencia de Latakia, acompa\u00f1ada de Virginia, Oriental y a menudo otras variedades.<\/p>","protected":false},"featured_media":471,"comment_status":"open","ping_status":"closed","template":"","meta":{"_acf_changed":false,"_genesis_hide_title":false,"_genesis_hide_breadcrumbs":false,"_genesis_hide_singular_image":false,"_genesis_hide_footer_widgets":false,"_genesis_custom_body_class":"","_genesis_custom_post_class":"","_genesis_layout":""},"product_brand":[],"product_cat":[250],"product_tag":[],"class_list":{"1":"product","2":"type-product","6":"product_cat-pure-tobacco-extract-flavours","7":"entry","9":"first","10":"outofstock","11":"taxable","12":"shipping-taxable","13":"purchasable","14":"product-type-simple"},"acf":[],"_links":{"self":[{"href":"https:\/\/eliquidnicotine.co.uk\/es\/wp-json\/wp\/v2\/product\/5922","targetHints":{"allow":["GET"]}}],"collection":[{"href":"https:\/\/eliquidnicotine.co.uk\/es\/wp-json\/wp\/v2\/product"}],"about":[{"href":"https:\/\/eliquidnicotine.co.uk\/es\/wp-json\/wp\/v2\/types\/product"}],"replies":[{"embeddable":true,"href":"https:\/\/eliquidnicotine.co.uk\/es\/wp-json\/wp\/v2\/comments?post=5922"}],"wp:featuredmedia":[{"embeddable":true,"href":"https:\/\/eliquidnicotine.co.uk\/es\/wp-json\/wp\/v2\/media\/471"}],"wp:attachment":[{"href":"https:\/\/eliquidnicotine.co.uk\/es\/wp-json\/wp\/v2\/media?parent=5922"}],"wp:term":[{"taxonomy":"product_brand","embeddable":true,"href":"https:\/\/eliquidnicotine.co.uk\/es\/wp-json\/wp\/v2\/product_brand?post=5922"},{"taxonomy":"product_cat","embeddable":true,"href":"https:\/\/eliquidnicotine.co.uk\/es\/wp-json\/wp\/v2\/product_cat?post=5922"},{"taxonomy":"product_tag","embeddable":true,"href":"https:\/\/eliquidnicotine.co.uk\/es\/wp-json\/wp\/v2\/product_tag?post=5922"}],"curies":[{"name":"wp","href":"https:\/\/api.w.org\/{rel}","templated":true}]}}