{"id":5924,"date":"2019-11-23T13:49:29","date_gmt":"2019-11-23T13:49:29","guid":{"rendered":"https:\/\/eliquidnicotine.co.uk\/shop\/la-tabaccheria-balkan-mixture-tabak-extrakt-aroma\/"},"modified":"2021-03-08T09:23:04","modified_gmt":"2021-03-08T09:23:04","slug":"la-tabaccheria-balkan-mixture-tobacco-extract-flavour","status":"publish","type":"product","link":"https:\/\/eliquidnicotine.co.uk\/es\/shop\/la-tabaccheria-balkan-mixture-tobacco-extract-flavour\/","title":{"rendered":"La Tabaccheria Mezcla Balc\u00e1nica"},"content":{"rendered":"<p>La constante es una fuerte presencia de Oriental, acompa\u00f1ada de Virginia y Latakia y a menudo de otras variedades. Hemos interpretado esta mezcla de forma que las notas de Oriental sean las protagonistas. Esta mezcla es la Quintaesencia del Oriental, donde sus notas especiadas se iconizan sin contrastar con las notas arom\u00e1ticas y ahumadas del Latakia y las notas dulces del Virginia. Una mezcla arom\u00e1tica que puede acompa\u00f1ar a los vaporizadores m\u00e1s exigentes durante todo el d\u00eda. Para completar la sinfon\u00eda de aromas est\u00e1n las notas de Barrique que redondean y embellecen el sabor de una de las mezclas m\u00e1s elaboradas.<\/p>","protected":false},"excerpt":{"rendered":"<p>Contenido 10 ml La Mezcla Balc\u00e1nica es a menudo considerada una EM (Mezcla Inglesa) debido a su buena dosis de Latakia y as\u00ed como la EM tiene diferentes interpretaciones y recetas.\u00a0<\/p>","protected":false},"featured_media":440,"comment_status":"open","ping_status":"closed","template":"","meta":{"_acf_changed":false,"_genesis_hide_title":false,"_genesis_hide_breadcrumbs":false,"_genesis_hide_singular_image":false,"_genesis_hide_footer_widgets":false,"_genesis_custom_body_class":"","_genesis_custom_post_class":"","_genesis_layout":""},"product_brand":[],"product_cat":[250],"product_tag":[],"class_list":{"1":"product","2":"type-product","6":"product_cat-pure-tobacco-extract-flavours","7":"entry","9":"first","10":"outofstock","11":"taxable","12":"shipping-taxable","13":"purchasable","14":"product-type-simple"},"acf":[],"_links":{"self":[{"href":"https:\/\/eliquidnicotine.co.uk\/es\/wp-json\/wp\/v2\/product\/5924","targetHints":{"allow":["GET"]}}],"collection":[{"href":"https:\/\/eliquidnicotine.co.uk\/es\/wp-json\/wp\/v2\/product"}],"about":[{"href":"https:\/\/eliquidnicotine.co.uk\/es\/wp-json\/wp\/v2\/types\/product"}],"replies":[{"embeddable":true,"href":"https:\/\/eliquidnicotine.co.uk\/es\/wp-json\/wp\/v2\/comments?post=5924"}],"wp:featuredmedia":[{"embeddable":true,"href":"https:\/\/eliquidnicotine.co.uk\/es\/wp-json\/wp\/v2\/media\/440"}],"wp:attachment":[{"href":"https:\/\/eliquidnicotine.co.uk\/es\/wp-json\/wp\/v2\/media?parent=5924"}],"wp:term":[{"taxonomy":"product_brand","embeddable":true,"href":"https:\/\/eliquidnicotine.co.uk\/es\/wp-json\/wp\/v2\/product_brand?post=5924"},{"taxonomy":"product_cat","embeddable":true,"href":"https:\/\/eliquidnicotine.co.uk\/es\/wp-json\/wp\/v2\/product_cat?post=5924"},{"taxonomy":"product_tag","embeddable":true,"href":"https:\/\/eliquidnicotine.co.uk\/es\/wp-json\/wp\/v2\/product_tag?post=5924"}],"curies":[{"name":"wp","href":"https:\/\/api.w.org\/{rel}","templated":true}]}}