{"id":5926,"date":"2019-11-23T13:49:29","date_gmt":"2019-11-23T13:49:29","guid":{"rendered":"https:\/\/eliquidnicotine.co.uk\/shop\/la-tabaccheria-bezuki-tabak-extrakt-aroma\/"},"modified":"2021-06-14T07:30:36","modified_gmt":"2021-06-14T07:30:36","slug":"la-tabaccheria-bezuki-tobacco-extract-flavour","status":"publish","type":"product","link":"https:\/\/eliquidnicotine.co.uk\/es\/shop\/la-tabaccheria-bezuki-extracto-de-tabaco-sabor\/","title":{"rendered":"La Tabaccheria Bezuki"},"content":{"rendered":"<p>El Bezuki pertenece a la clase Dark Air Cured. Los tabacos pertenecientes a esta clase se utilizan para la fabricaci\u00f3n de puros, se curan al aire y se someten a una fermentaci\u00f3n tras la cual las hojas obtienen un color decididamente oscuro y unas caracter\u00edsticas arom\u00e1ticas muy marcadas. El Bezuki se utiliza para la producci\u00f3n de muchos puros tanto como capa (capa exterior del puro), como ligante (subcapa del puro) y como relleno (tripa del puro), prefiri\u00e9ndose a menudo por sus notables caracter\u00edsticas arom\u00e1ticas al Connecticut Shade, uno de los tabacos m\u00e1s utilizados. El Extracto de Tabaco Bezuki, perteneciente a nuestra L\u00ednea Elite, le sorprender\u00e1 con un aroma \u00fanico y diferente a cualquier otro tabaco, intenso y picante, que le permitir\u00e1 crear nuevas y satisfactorias Mezclas personalizadas. Bezuki es un \"Must\" para los amantes de los puros y los puros que buscan ese sabor especial que s\u00f3lo se puede encontrar en un puro de calidad.<\/p>","protected":false},"excerpt":{"rendered":"<p>Contenido 10 ml Bezuki es un tabaco t\u00edpico de Indonesia, una tierra bendecida por el sol, el suelo volc\u00e1nico y un grado adecuado de humedad, caracter\u00edsticas ideales para el cultivo y cuidado de este tabaco tan especial.\u00a0<\/p>","protected":false},"featured_media":435,"comment_status":"open","ping_status":"closed","template":"","meta":{"_acf_changed":false,"_genesis_hide_title":false,"_genesis_hide_breadcrumbs":false,"_genesis_hide_singular_image":false,"_genesis_hide_footer_widgets":false,"_genesis_custom_body_class":"","_genesis_custom_post_class":"","_genesis_layout":""},"product_brand":[],"product_cat":[250],"product_tag":[],"class_list":{"1":"product","2":"type-product","6":"product_cat-pure-tobacco-extract-flavours","7":"entry","9":"first","10":"outofstock","11":"taxable","12":"shipping-taxable","13":"purchasable","14":"product-type-simple"},"acf":[],"_links":{"self":[{"href":"https:\/\/eliquidnicotine.co.uk\/es\/wp-json\/wp\/v2\/product\/5926","targetHints":{"allow":["GET"]}}],"collection":[{"href":"https:\/\/eliquidnicotine.co.uk\/es\/wp-json\/wp\/v2\/product"}],"about":[{"href":"https:\/\/eliquidnicotine.co.uk\/es\/wp-json\/wp\/v2\/types\/product"}],"replies":[{"embeddable":true,"href":"https:\/\/eliquidnicotine.co.uk\/es\/wp-json\/wp\/v2\/comments?post=5926"}],"wp:featuredmedia":[{"embeddable":true,"href":"https:\/\/eliquidnicotine.co.uk\/es\/wp-json\/wp\/v2\/media\/435"}],"wp:attachment":[{"href":"https:\/\/eliquidnicotine.co.uk\/es\/wp-json\/wp\/v2\/media?parent=5926"}],"wp:term":[{"taxonomy":"product_brand","embeddable":true,"href":"https:\/\/eliquidnicotine.co.uk\/es\/wp-json\/wp\/v2\/product_brand?post=5926"},{"taxonomy":"product_cat","embeddable":true,"href":"https:\/\/eliquidnicotine.co.uk\/es\/wp-json\/wp\/v2\/product_cat?post=5926"},{"taxonomy":"product_tag","embeddable":true,"href":"https:\/\/eliquidnicotine.co.uk\/es\/wp-json\/wp\/v2\/product_tag?post=5926"}],"curies":[{"name":"wp","href":"https:\/\/api.w.org\/{rel}","templated":true}]}}