{"id":5928,"date":"2019-11-23T13:49:29","date_gmt":"2019-11-23T13:49:29","guid":{"rendered":"https:\/\/eliquidnicotine.co.uk\/shop\/la-tabaccheria-piloto-cubano-tabak-extrakt-aroma\/"},"modified":"2021-05-17T06:29:06","modified_gmt":"2021-05-17T06:29:06","slug":"la-tabaccheria-piloto-cubano-tobacco-extract-flavour","status":"publish","type":"product","link":"https:\/\/eliquidnicotine.co.uk\/es\/shop\/la-tabaccheria-piloto-cubano-extracto-de-tabaco-sabor\/","title":{"rendered":"La Tabaccheria Piloto Cubano"},"content":{"rendered":"<p>De estas 2 familias de Tabaco Cubano nacieron muchas de las posteriores hibridaciones utilizadas a\u00fan hoy en d\u00eda para la fabricaci\u00f3n de puros cubanos como: Criollo 98, Corojo 99, Habana 92 y Habana 2000. El Piloto Cubano toma su nombre de la ciudad cubana de origen, Pilotos en la Regi\u00f3n de Pinar del R\u00edo, que desembarc\u00f3 en la Rep\u00fablica Dominicana en 1960 donde el suelo y las condiciones clim\u00e1ticas son ideales para el cultivo de este \"Padre\" de la familia Havanensis cultivado fuera de la tierra de origen. El Piloto Cubano pertenece a la clase Dark Air Cured. Los tabacos pertenecientes a esta clase se utilizan para la fabricaci\u00f3n de puros, se curan al aire y sufren una fermentaci\u00f3n tras la cual las hojas obtienen un color decididamente oscuro y unas caracter\u00edsticas arom\u00e1ticas muy marcadas. El Piloto Cubano seleccionado por nosotros es un Sun-Grown-Filler, un tabaco cultivado al sol y utilizado como relleno en la fabricaci\u00f3n de puros. La peculiaridad de este tabaco, encontrada por nuestra empresa tambi\u00e9n en otros tabacos para puros, es que a pesar de la fuerza y el cuerpo que tiene si se fuma de la forma tradicional, el extracto de Piloto Cubano, perteneciente a nuestra L\u00ednea Elite, es en cambio suave y envolvente y ser\u00e1 un compa\u00f1ero de vaporizaci\u00f3n excepcional para los aficionados y amantes de los puros cubanos, que buscan ese sabor \u00fanico, que s\u00f3lo se puede encontrar oliendo el olor del aut\u00e9ntico puro cubano.<\/p>","protected":false},"excerpt":{"rendered":"<p>Contenido 10 ml Tras la Revoluci\u00f3n de 1959 en Cuba, algunos cultivadores emigraron a la Rep\u00fablica Dominicana, trayendo consigo las semillas y el arte de cultivar y cuidar el \"Tabaco Negro Cubano\", cuya especie se divide en 2 familias principales: Criollo y Corojo.\u00a0<\/p>","protected":false},"featured_media":431,"comment_status":"open","ping_status":"closed","template":"","meta":{"_acf_changed":false,"_genesis_hide_title":false,"_genesis_hide_breadcrumbs":false,"_genesis_hide_singular_image":false,"_genesis_hide_footer_widgets":false,"_genesis_custom_body_class":"","_genesis_custom_post_class":"","_genesis_layout":""},"product_brand":[],"product_cat":[250],"product_tag":[],"class_list":{"1":"product","2":"type-product","6":"product_cat-pure-tobacco-extract-flavours","7":"entry","9":"first","10":"outofstock","11":"taxable","12":"shipping-taxable","13":"purchasable","14":"product-type-simple"},"acf":[],"_links":{"self":[{"href":"https:\/\/eliquidnicotine.co.uk\/es\/wp-json\/wp\/v2\/product\/5928","targetHints":{"allow":["GET"]}}],"collection":[{"href":"https:\/\/eliquidnicotine.co.uk\/es\/wp-json\/wp\/v2\/product"}],"about":[{"href":"https:\/\/eliquidnicotine.co.uk\/es\/wp-json\/wp\/v2\/types\/product"}],"replies":[{"embeddable":true,"href":"https:\/\/eliquidnicotine.co.uk\/es\/wp-json\/wp\/v2\/comments?post=5928"}],"wp:featuredmedia":[{"embeddable":true,"href":"https:\/\/eliquidnicotine.co.uk\/es\/wp-json\/wp\/v2\/media\/431"}],"wp:attachment":[{"href":"https:\/\/eliquidnicotine.co.uk\/es\/wp-json\/wp\/v2\/media?parent=5928"}],"wp:term":[{"taxonomy":"product_brand","embeddable":true,"href":"https:\/\/eliquidnicotine.co.uk\/es\/wp-json\/wp\/v2\/product_brand?post=5928"},{"taxonomy":"product_cat","embeddable":true,"href":"https:\/\/eliquidnicotine.co.uk\/es\/wp-json\/wp\/v2\/product_cat?post=5928"},{"taxonomy":"product_tag","embeddable":true,"href":"https:\/\/eliquidnicotine.co.uk\/es\/wp-json\/wp\/v2\/product_tag?post=5928"}],"curies":[{"name":"wp","href":"https:\/\/api.w.org\/{rel}","templated":true}]}}